{"id":405082,"date":"2023-02-28T01:53:22","date_gmt":"2023-02-28T00:53:22","guid":{"rendered":"https:\/\/www.claret.cat\/llibre\/el-corazon-helado-9788483103739\/"},"modified":"2023-02-28T01:53:33","modified_gmt":"2023-02-28T00:53:33","slug":"el-corazon-helado-9788483103739","status":"publish","type":"product","link":"https:\/\/www.claret.cat\/es\/libro\/el-corazon-helado-9788483103739\/","title":{"rendered":"EL CORAZON HELADO"},"content":{"rendered":"<p>El d\u00eda de su muerte, Julio Carri\u00f3n, poderoso hombre de negocios cuya fortuna se remonta a los a\u00f1os del franquismo, deja a sus hijos una sustanciosa herencia pero tambi\u00e9n muchos puntos oscuros de su pasado y de su experiencia en la Guerra Civil y en la Divisi\u00f3n Azul. En su entierro, en febrero de 2005, su hijo \u00c1lvaro, el \u00fanico que no ha querido dedicarse a los negocios familiares, se sorprende por la presencia de una mujer joven y atractiva, a la que nadie hab\u00eda visto antes y que parece delatar aspectos desconocidos de la vida \u00edntima de su padre. Raquel Fern\u00e1ndez Perea, por su parte, hija y nieta de exiliados en Francia, lo sabe en cambio casi todo sobre el pasado de sus progenitores y abuelos, a los que ha preguntado sobre su experiencia de la guerra y del exilio. Para ella s\u00f3lo una historia permanece sin aclarar: la de una tarde en que acompa\u00f1\u00f3 a su abuelo, reci\u00e9n regresado a Madrid, y visitaron a unos desconocidos con los que intuy\u00f3 que exist\u00eda una deuda pendiente. \u00c1lvaro y Raquel est\u00e1n condenados a encontrarse porque sus respectivas historias familiares, que son tambi\u00e9n la historia de muchas familias en Espa\u00f1a, desde la Guerra Civil hasta la Transici\u00f3n, forman parte de s\u00ed mismos y explican adem\u00e1s sus or\u00edgenes, su presente. Tambi\u00e9n porque, sin saberlo, se sentir\u00e1n atra\u00eddos sin remedio.<\/p>\n","protected":false},"excerpt":{"rendered":"<p>GRANDES, ALMUDENA<\/p>\n","protected":false},"featured_media":405083,"template":"","meta":{"_acf_changed":false,"om_disable_all_campaigns":false,"rs_blank_template":"","rs_page_bg_color":"","slide_template_v7":"","inline_featured_image":false,"_monsterinsights_skip_tracking":false,"_monsterinsights_sitenote_active":false,"_monsterinsights_sitenote_note":"","_monsterinsights_sitenote_category":0},"product_brand":[],"product_cat":[127,357],"product_tag":[],"class_list":{"0":"post-405082","1":"product","2":"type-product","3":"status-publish","4":"has-post-thumbnail","6":"product_cat-novella-contemporania","7":"product_cat-novela-contemporanea","9":"first","10":"instock","11":"taxable","12":"shipping-taxable","13":"purchasable","14":"product-type-simple"},"acf":{"autor":"GRANDES, ALMUDENA","codart":"848310373","libros-coleccion":"","ediciones":"1","encuadernacion":"R\u00fastica","fecha_de_publicacion":"01\/01\/2007","novedad":"0","paginas":"933","subtitulo":"","orden":"999","portada":"0","idioma":"spa","editorial":[{"ID":8271,"post_author":"3","post_date":"2022-09-30 09:21:39","post_date_gmt":"2022-09-30 07:21:39","post_content":"","post_title":"TUSQUETS EDITORES","post_excerpt":"","post_status":"publish","comment_status":"closed","ping_status":"closed","post_password":"","post_name":"tusquets-editores","to_ping":"","pinged":"","post_modified":"2022-09-30 09:21:39","post_modified_gmt":"2022-09-30 07:21:39","post_content_filtered":"","post_parent":0,"guid":"http:\/\/dev.claret.cat\/editorial\/tusquets-editores\/","menu_order":0,"post_type":"editorial","post_mime_type":"","comment_count":"0","filter":"raw"}],"autores-libros":[{"ID":149904,"post_author":"3","post_date":"2022-10-14 14:28:37","post_date_gmt":"2022-10-14 12:28:37","post_content":"","post_title":"ALMUDENA GRANDES","post_excerpt":"","post_status":"publish","comment_status":"closed","ping_status":"closed","post_password":"","post_name":"almudena-grandes","to_ping":"","pinged":"","post_modified":"2022-10-14 14:28:37","post_modified_gmt":"2022-10-14 12:28:37","post_content_filtered":"","post_parent":0,"guid":"http:\/\/dev.claret.cat\/autor\/almudena-grandes\/","menu_order":0,"post_type":"autor","post_mime_type":"","comment_count":"0","filter":"raw"}]},"aioseo_notices":[],"_links":{"self":[{"href":"https:\/\/www.claret.cat\/es\/wp-json\/wp\/v2\/product\/405082","targetHints":{"allow":["GET"]}}],"collection":[{"href":"https:\/\/www.claret.cat\/es\/wp-json\/wp\/v2\/product"}],"about":[{"href":"https:\/\/www.claret.cat\/es\/wp-json\/wp\/v2\/types\/product"}],"wp:featuredmedia":[{"embeddable":true,"href":"https:\/\/www.claret.cat\/es\/wp-json\/wp\/v2\/media\/405083"}],"wp:attachment":[{"href":"https:\/\/www.claret.cat\/es\/wp-json\/wp\/v2\/media?parent=405082"}],"wp:term":[{"taxonomy":"product_brand","embeddable":true,"href":"https:\/\/www.claret.cat\/es\/wp-json\/wp\/v2\/product_brand?post=405082"},{"taxonomy":"product_cat","embeddable":true,"href":"https:\/\/www.claret.cat\/es\/wp-json\/wp\/v2\/product_cat?post=405082"},{"taxonomy":"product_tag","embeddable":true,"href":"https:\/\/www.claret.cat\/es\/wp-json\/wp\/v2\/product_tag?post=405082"}],"curies":[{"name":"wp","href":"https:\/\/api.w.org\/{rel}","templated":true}]}}