{"id":405094,"date":"2023-02-28T01:55:18","date_gmt":"2023-02-28T00:55:18","guid":{"rendered":"https:\/\/www.claret.cat\/llibre\/macroeconomia-9788483227886\/"},"modified":"2023-02-28T01:55:31","modified_gmt":"2023-02-28T00:55:31","slug":"macroeconomia-9788483227886","status":"publish","type":"product","link":"https:\/\/www.claret.cat\/es\/libro\/macroeconomia-9788483227886\/","title":{"rendered":"MACROECONOM\u00cdA"},"content":{"rendered":"<p>Todos los cap\u00edtulos cuentan con la siguiente estructura: Una descricpci\u00f3n que incluye una noticia o ejemplo que sirve para ilustrar el concepto macroecon\u00f3mico o tema del cap\u00edtulo.Notas al margen que recuerdan al alumno los t\u00e9rminos clave y a\u00f1aden contenido al texto principal.Focus (cuadros) para ir m\u00e1s all\u00e1 de los visto en el cap\u00edtulo con noticias o ejemplos.Al final de cada cap\u00edtulo tiene un resumen que ayuda al alumno a consolidar lo estudiado.Preguntas al final de cada cap\u00edtulo para la autoevaluaci\u00f3n.T\u00e9rminos clave que el alumno debe conocer.<\/p>\n","protected":false},"excerpt":{"rendered":"<p>BLANCHARD, OLIVIER<\/p>\n","protected":false},"featured_media":405095,"template":"","meta":{"_acf_changed":false,"om_disable_all_campaigns":false,"rs_blank_template":"","rs_page_bg_color":"","slide_template_v7":"","inline_featured_image":false,"_monsterinsights_skip_tracking":false,"_monsterinsights_sitenote_active":false,"_monsterinsights_sitenote_note":"","_monsterinsights_sitenote_category":0},"product_brand":[],"product_cat":[90,540],"product_tag":[],"class_list":{"0":"post-405094","1":"product","2":"type-product","3":"status-publish","4":"has-post-thumbnail","6":"product_cat-altres","7":"product_cat-otros","9":"first","10":"instock","11":"taxable","12":"shipping-taxable","13":"purchasable","14":"product-type-simple"},"acf":{"autor":"BLANCHARD, OLIVIER","codart":"848322788","libros-coleccion":"","ediciones":"1","encuadernacion":"R\u00fastica","fecha_de_publicacion":"01\/05\/2012","novedad":"0","paginas":"672","subtitulo":"","orden":"999","portada":"0","idioma":"spa","editorial":[{"ID":262384,"post_author":"3","post_date":"2022-10-24 11:23:40","post_date_gmt":"2022-10-24 09:23:40","post_content":"","post_title":"PEARSON EDUCACION","post_excerpt":"","post_status":"publish","comment_status":"closed","ping_status":"closed","post_password":"","post_name":"pearson-educacion","to_ping":"","pinged":"","post_modified":"2022-10-24 11:23:40","post_modified_gmt":"2022-10-24 09:23:40","post_content_filtered":"","post_parent":0,"guid":"http:\/\/dev.claret.cat\/editorial\/pearson-educacion\/","menu_order":0,"post_type":"editorial","post_mime_type":"","comment_count":"0","filter":"raw"}],"autores-libros":[{"ID":405093,"post_author":"3","post_date":"2023-02-28 01:55:08","post_date_gmt":"2023-02-28 00:55:08","post_content":"","post_title":"OLIVIER BLANCHARD","post_excerpt":"","post_status":"publish","comment_status":"closed","ping_status":"closed","post_password":"","post_name":"olivier-blanchard","to_ping":"","pinged":"","post_modified":"2023-02-28 01:55:08","post_modified_gmt":"2023-02-28 00:55:08","post_content_filtered":"","post_parent":0,"guid":"https:\/\/www.claret.cat\/autor\/olivier-blanchard\/","menu_order":0,"post_type":"autor","post_mime_type":"","comment_count":"0","filter":"raw"}]},"aioseo_notices":[],"_links":{"self":[{"href":"https:\/\/www.claret.cat\/es\/wp-json\/wp\/v2\/product\/405094","targetHints":{"allow":["GET"]}}],"collection":[{"href":"https:\/\/www.claret.cat\/es\/wp-json\/wp\/v2\/product"}],"about":[{"href":"https:\/\/www.claret.cat\/es\/wp-json\/wp\/v2\/types\/product"}],"wp:featuredmedia":[{"embeddable":true,"href":"https:\/\/www.claret.cat\/es\/wp-json\/wp\/v2\/media\/405095"}],"wp:attachment":[{"href":"https:\/\/www.claret.cat\/es\/wp-json\/wp\/v2\/media?parent=405094"}],"wp:term":[{"taxonomy":"product_brand","embeddable":true,"href":"https:\/\/www.claret.cat\/es\/wp-json\/wp\/v2\/product_brand?post=405094"},{"taxonomy":"product_cat","embeddable":true,"href":"https:\/\/www.claret.cat\/es\/wp-json\/wp\/v2\/product_cat?post=405094"},{"taxonomy":"product_tag","embeddable":true,"href":"https:\/\/www.claret.cat\/es\/wp-json\/wp\/v2\/product_tag?post=405094"}],"curies":[{"name":"wp","href":"https:\/\/api.w.org\/{rel}","templated":true}]}}