{"id":405120,"date":"2023-02-28T02:00:47","date_gmt":"2023-02-28T01:00:47","guid":{"rendered":"https:\/\/www.claret.cat\/llibre\/poemes-sobre-ciencia-i-fe-9788483307236\/"},"modified":"2026-01-22T12:45:18","modified_gmt":"2026-01-22T11:45:18","slug":"poemes-sobre-ciencia-i-fe-9788483307236","status":"publish","type":"product","link":"https:\/\/www.claret.cat\/es\/libro\/poemes-sobre-ciencia-i-fe-9788483307236\/","title":{"rendered":"POEMES SOBRE CI\u00c8NCIA I FE"},"content":{"rendered":"<p>\u00c9s possible que un cient\u00edfic sigui creient, en el sentit religi\u00f3s d&#8221;aquest terme?<br \/> David Jou, f\u00edsic i poeta, obre amb aquesta pregunta el pr\u00f2leg del seu darrer poemari: Poemes sobre ci\u00e8ncia i fe, un recull que sorgeix de la necessitat de l&#8221;autor de formular po\u00e8ticament el seu punt de vista sobre la fe, que contrasta amb el d&#8221;altres cient\u00edfics reconeguts, aix\u00ed com de respondre liter\u00e0riament les preguntes que sovint li fan els seus interlocutors.<\/p>\n","protected":false},"excerpt":{"rendered":"<p>JOU I MIRABENT, DAVID<\/p>\n","protected":false},"featured_media":405121,"template":"","meta":{"_acf_changed":false,"om_disable_all_campaigns":false,"rs_blank_template":"","rs_page_bg_color":"","slide_template_v7":"","inline_featured_image":false,"_monsterinsights_skip_tracking":false,"_monsterinsights_sitenote_active":false,"_monsterinsights_sitenote_note":"","_monsterinsights_sitenote_category":0},"product_brand":[],"product_cat":[90,540],"product_tag":[],"class_list":{"0":"post-405120","1":"product","2":"type-product","3":"status-publish","4":"has-post-thumbnail","6":"product_cat-altres","7":"product_cat-otros","9":"first","10":"instock","11":"taxable","12":"shipping-taxable","13":"purchasable","14":"product-type-simple"},"acf":{"autor":"JOU I MIRABENT, DAVID","codart":"848330723","libros-coleccion":"Poes\u00eda","ediciones":"1","encuadernacion":"R\u00fastica","fecha_de_publicacion":"01\/02\/2013","novedad":"0","paginas":"93","subtitulo":"","orden":"999","portada":"0","idioma":"cat","editorial":[{"ID":6392,"post_author":"3","post_date":"2022-07-28 17:51:10","post_date_gmt":"2022-07-28 15:51:10","post_content":"","post_title":"Viena","post_excerpt":"","post_status":"publish","comment_status":"closed","ping_status":"closed","post_password":"","post_name":"viena","to_ping":"","pinged":"","post_modified":"2022-07-28 17:51:10","post_modified_gmt":"2022-07-28 15:51:10","post_content_filtered":"","post_parent":0,"guid":"http:\/\/dev.claret.cat\/editorial\/viena\/","menu_order":0,"post_type":"editorial","post_mime_type":"","comment_count":"0","filter":"raw"}],"autores-libros":[{"ID":293136,"post_author":"3","post_date":"2022-12-11 02:27:56","post_date_gmt":"2022-12-11 01:27:56","post_content":"<strong>David Jou i Mirabent<\/strong>\u00a0(Sitges, 1953) \u00e9s f\u00edsic, poeta i assagista. Catedr\u00e0tic de F\u00edsica a la Universitat Aut\u00f2noma de Barcelona durant m\u00e9s de trenta anys, \u00e9s autor d\u2019una obra de recerca en termodin\u00e0mica fora de l\u2019equilibri reconeguda internacionalment. Ha publicat una \u00e0mplia obra po\u00e8tica de tem\u00e0tica cient\u00edfica i religiosa. Els seus assaigs combinen ci\u00e8ncia, humanisme i religi\u00f3. Ha estat membre del Patronat de la Fundaci\u00f3 Joan Maragall (Cristianisme i cultura) durant uns trenta anys.","post_title":"DAVID JOU","post_excerpt":"","post_status":"publish","comment_status":"closed","ping_status":"closed","post_password":"","post_name":"david-jou-2","to_ping":"","pinged":"","post_modified":"2026-01-14 12:19:23","post_modified_gmt":"2026-01-14 11:19:23","post_content_filtered":"","post_parent":0,"guid":"http:\/\/dev.claret.cat\/autor\/david-jou-2\/","menu_order":0,"post_type":"autor","post_mime_type":"","comment_count":"0","filter":"raw"}],"booktrailer":"","resenas":""},"aioseo_notices":[],"_links":{"self":[{"href":"https:\/\/www.claret.cat\/es\/wp-json\/wp\/v2\/product\/405120","targetHints":{"allow":["GET"]}}],"collection":[{"href":"https:\/\/www.claret.cat\/es\/wp-json\/wp\/v2\/product"}],"about":[{"href":"https:\/\/www.claret.cat\/es\/wp-json\/wp\/v2\/types\/product"}],"wp:featuredmedia":[{"embeddable":true,"href":"https:\/\/www.claret.cat\/es\/wp-json\/wp\/v2\/media\/405121"}],"wp:attachment":[{"href":"https:\/\/www.claret.cat\/es\/wp-json\/wp\/v2\/media?parent=405120"}],"wp:term":[{"taxonomy":"product_brand","embeddable":true,"href":"https:\/\/www.claret.cat\/es\/wp-json\/wp\/v2\/product_brand?post=405120"},{"taxonomy":"product_cat","embeddable":true,"href":"https:\/\/www.claret.cat\/es\/wp-json\/wp\/v2\/product_cat?post=405120"},{"taxonomy":"product_tag","embeddable":true,"href":"https:\/\/www.claret.cat\/es\/wp-json\/wp\/v2\/product_tag?post=405120"}],"curies":[{"name":"wp","href":"https:\/\/api.w.org\/{rel}","templated":true}]}}