{"id":405126,"date":"2023-02-28T02:01:49","date_gmt":"2023-02-28T01:01:49","guid":{"rendered":"https:\/\/www.claret.cat\/llibre\/lavinguda-i-el-laberint-9788483307458\/"},"modified":"2026-02-25T13:05:13","modified_gmt":"2026-02-25T12:05:13","slug":"lavinguda-i-el-laberint-9788483307458","status":"publish","type":"product","link":"https:\/\/www.claret.cat\/es\/libro\/lavinguda-i-el-laberint-9788483307458\/","title":{"rendered":"L&#8217;AVINGUDA I EL LABERINT"},"content":{"rendered":"<p>L&#8217;autor recorre al llenguatge po\u00e8tic per tractar l&#8217;actualitat del pa\u00eds en un poemari que uneix passi\u00f3 emotiva, reflexi\u00f3 anal\u00edtica i una gran profunditat intel\u00b7lectual.<\/p>\n","protected":false},"excerpt":{"rendered":"<p>JOU, DAVID<\/p>\n","protected":false},"featured_media":1066524,"template":"","meta":{"_acf_changed":false,"om_disable_all_campaigns":false,"rs_blank_template":"","rs_page_bg_color":"","slide_template_v7":"","inline_featured_image":false,"_monsterinsights_skip_tracking":false,"_monsterinsights_sitenote_active":false,"_monsterinsights_sitenote_note":"","_monsterinsights_sitenote_category":0},"product_brand":[],"product_cat":[90,540],"product_tag":[],"class_list":{"0":"post-405126","1":"product","2":"type-product","3":"status-publish","4":"has-post-thumbnail","6":"product_cat-altres","7":"product_cat-otros","9":"first","10":"instock","11":"taxable","12":"shipping-taxable","13":"purchasable","14":"product-type-simple"},"acf":{"autor":"JOU, DAVID","codart":"848330745","libros-coleccion":"","ediciones":"1","encuadernacion":"R\u00fastica","fecha_de_publicacion":"01\/08\/2013","novedad":"0","paginas":"96","subtitulo":"","orden":"999","portada":"0","idioma":"cat","editorial":[{"ID":262572,"post_author":"3","post_date":"2022-10-24 11:26:07","post_date_gmt":"2022-10-24 09:26:07","post_content":"","post_title":"VIENA EDICIONES","post_excerpt":"","post_status":"publish","comment_status":"closed","ping_status":"closed","post_password":"","post_name":"viena-ediciones","to_ping":"","pinged":"","post_modified":"2022-10-24 11:26:07","post_modified_gmt":"2022-10-24 09:26:07","post_content_filtered":"","post_parent":0,"guid":"http:\/\/dev.claret.cat\/editorial\/viena-ediciones\/","menu_order":0,"post_type":"editorial","post_mime_type":"","comment_count":"0","filter":"raw"}],"autores-libros":[{"ID":293136,"post_author":"3","post_date":"2022-12-11 02:27:56","post_date_gmt":"2022-12-11 01:27:56","post_content":"<strong>David Jou i Mirabent<\/strong>\u00a0(Sitges, 1953) \u00e9s f\u00edsic, poeta i assagista. Catedr\u00e0tic de F\u00edsica a la Universitat Aut\u00f2noma de Barcelona durant m\u00e9s de trenta anys, \u00e9s autor d\u2019una obra de recerca en termodin\u00e0mica fora de l\u2019equilibri reconeguda internacionalment. Ha publicat una \u00e0mplia obra po\u00e8tica de tem\u00e0tica cient\u00edfica i religiosa. Els seus assaigs combinen ci\u00e8ncia, humanisme i religi\u00f3. Ha estat membre del Patronat de la Fundaci\u00f3 Joan Maragall (Cristianisme i cultura) durant uns trenta anys.","post_title":"DAVID JOU","post_excerpt":"","post_status":"publish","comment_status":"closed","ping_status":"closed","post_password":"","post_name":"david-jou-2","to_ping":"","pinged":"","post_modified":"2026-01-14 12:19:23","post_modified_gmt":"2026-01-14 11:19:23","post_content_filtered":"","post_parent":0,"guid":"http:\/\/dev.claret.cat\/autor\/david-jou-2\/","menu_order":0,"post_type":"autor","post_mime_type":"","comment_count":"0","filter":"raw"}],"booktrailer":"","resenas":""},"aioseo_notices":[],"_links":{"self":[{"href":"https:\/\/www.claret.cat\/es\/wp-json\/wp\/v2\/product\/405126","targetHints":{"allow":["GET"]}}],"collection":[{"href":"https:\/\/www.claret.cat\/es\/wp-json\/wp\/v2\/product"}],"about":[{"href":"https:\/\/www.claret.cat\/es\/wp-json\/wp\/v2\/types\/product"}],"wp:featuredmedia":[{"embeddable":true,"href":"https:\/\/www.claret.cat\/es\/wp-json\/wp\/v2\/media\/1066524"}],"wp:attachment":[{"href":"https:\/\/www.claret.cat\/es\/wp-json\/wp\/v2\/media?parent=405126"}],"wp:term":[{"taxonomy":"product_brand","embeddable":true,"href":"https:\/\/www.claret.cat\/es\/wp-json\/wp\/v2\/product_brand?post=405126"},{"taxonomy":"product_cat","embeddable":true,"href":"https:\/\/www.claret.cat\/es\/wp-json\/wp\/v2\/product_cat?post=405126"},{"taxonomy":"product_tag","embeddable":true,"href":"https:\/\/www.claret.cat\/es\/wp-json\/wp\/v2\/product_tag?post=405126"}],"curies":[{"name":"wp","href":"https:\/\/api.w.org\/{rel}","templated":true}]}}