{"id":405129,"date":"2023-02-28T02:02:54","date_gmt":"2023-02-28T01:02:54","guid":{"rendered":"https:\/\/www.claret.cat\/llibre\/la-cuina-del-1714-9788483308011\/"},"modified":"2025-02-01T00:51:09","modified_gmt":"2025-01-31T23:51:09","slug":"la-cuina-del-1714-9788483308011","status":"publish","type":"product","link":"https:\/\/www.claret.cat\/es\/libro\/la-cuina-del-1714-9788483308011\/","title":{"rendered":"LA CUINA DEL 1714"},"content":{"rendered":"<p>Qu\u00e8 es cuinava als fogons de les cases i els palaus catalans el 1714? Qu\u00e8 menjaven i bevien els grans senyors i el poble ras? Potser us sorprendr\u00e0 saber que, tres-cents anys enrere, ja hi havia algunes de les elaboracions b\u00e0siques de la cuina catalana actual: l&#8217;allioli i el sofregit, la picada i la samfaina, l&#8217;escudella i els macarrons.<\/p>\n","protected":false},"excerpt":{"rendered":"<p>F\u00c0BREGA I COLOM, JAUME<\/p>\n","protected":false},"featured_media":0,"template":"","meta":{"_acf_changed":false,"om_disable_all_campaigns":false,"rs_blank_template":"","rs_page_bg_color":"","slide_template_v7":"","inline_featured_image":false,"_monsterinsights_skip_tracking":false,"_monsterinsights_sitenote_active":false,"_monsterinsights_sitenote_note":"","_monsterinsights_sitenote_category":0},"product_brand":[],"product_cat":[90,540],"product_tag":[],"class_list":{"0":"post-405129","1":"product","2":"type-product","3":"status-publish","5":"product_cat-altres","6":"product_cat-otros","8":"first","9":"instock","10":"taxable","11":"shipping-taxable","12":"purchasable","13":"product-type-simple"},"acf":{"autor":"F\u00c0BREGA I COLOM, JAUME","codart":"848330801","libros-coleccion":"","ediciones":"1","encuadernacion":"R\u00fastica","fecha_de_publicacion":"01\/08\/2014","novedad":"0","paginas":"232","subtitulo":"","orden":"999","portada":"0","idioma":"cat","editorial":[{"ID":262572,"post_author":"3","post_date":"2022-10-24 11:26:07","post_date_gmt":"2022-10-24 09:26:07","post_content":"","post_title":"VIENA EDICIONES","post_excerpt":"","post_status":"publish","comment_status":"closed","ping_status":"closed","post_password":"","post_name":"viena-ediciones","to_ping":"","pinged":"","post_modified":"2022-10-24 11:26:07","post_modified_gmt":"2022-10-24 09:26:07","post_content_filtered":"","post_parent":0,"guid":"http:\/\/dev.claret.cat\/editorial\/viena-ediciones\/","menu_order":0,"post_type":"editorial","post_mime_type":"","comment_count":"0","filter":"raw"}],"autores-libros":[{"ID":158585,"post_author":"3","post_date":"2022-10-14 15:38:01","post_date_gmt":"2022-10-14 13:38:01","post_content":"","post_title":"JAUME F\u00c0BREGA I COLOM","post_excerpt":"","post_status":"publish","comment_status":"closed","ping_status":"closed","post_password":"","post_name":"jaume-fabrega-i-colom","to_ping":"","pinged":"","post_modified":"2022-10-14 15:38:01","post_modified_gmt":"2022-10-14 13:38:01","post_content_filtered":"","post_parent":0,"guid":"http:\/\/dev.claret.cat\/autor\/jaume-fabrega-i-colom\/","menu_order":0,"post_type":"autor","post_mime_type":"","comment_count":"0","filter":"raw"}]},"aioseo_notices":[],"_links":{"self":[{"href":"https:\/\/www.claret.cat\/es\/wp-json\/wp\/v2\/product\/405129","targetHints":{"allow":["GET"]}}],"collection":[{"href":"https:\/\/www.claret.cat\/es\/wp-json\/wp\/v2\/product"}],"about":[{"href":"https:\/\/www.claret.cat\/es\/wp-json\/wp\/v2\/types\/product"}],"wp:attachment":[{"href":"https:\/\/www.claret.cat\/es\/wp-json\/wp\/v2\/media?parent=405129"}],"wp:term":[{"taxonomy":"product_brand","embeddable":true,"href":"https:\/\/www.claret.cat\/es\/wp-json\/wp\/v2\/product_brand?post=405129"},{"taxonomy":"product_cat","embeddable":true,"href":"https:\/\/www.claret.cat\/es\/wp-json\/wp\/v2\/product_cat?post=405129"},{"taxonomy":"product_tag","embeddable":true,"href":"https:\/\/www.claret.cat\/es\/wp-json\/wp\/v2\/product_tag?post=405129"}],"curies":[{"name":"wp","href":"https:\/\/api.w.org\/{rel}","templated":true}]}}