{"id":405134,"date":"2023-02-28T02:04:04","date_gmt":"2023-02-28T01:04:04","guid":{"rendered":"https:\/\/www.claret.cat\/llibre\/donam-la-ma-9788483308776\/"},"modified":"2025-02-01T00:44:22","modified_gmt":"2025-01-31T23:44:22","slug":"donam-la-ma-9788483308776","status":"publish","type":"product","link":"https:\/\/www.claret.cat\/es\/libro\/donam-la-ma-9788483308776\/","title":{"rendered":"D\u00d3NA&#8221;M LA M\u00c0"},"content":{"rendered":"<p>Aquesta selecci\u00f3 de poemes amorosos, a c\u00e0rrec de Marcel Riera, reuneix en un sol llibre alguns dels millors autors de la literatura universal: Dante, Petrarca, Ronsard, Shakespeare, Donne, Verlaine, Yeats, Auden, Transtr\u00f6mer, Brodsky, March, Salvat-Papasseit, Ferrater, Palau i Fabra o Formosa, entre molts d&#8221;altres.<\/p>\n","protected":false},"excerpt":{"rendered":"<p>SALVAT-PAPASSEIT, JOAN \/ Y OTROS<\/p>\n","protected":false},"featured_media":405135,"template":"","meta":{"_acf_changed":false,"om_disable_all_campaigns":false,"rs_blank_template":"","rs_page_bg_color":"","slide_template_v7":"","inline_featured_image":false,"_monsterinsights_skip_tracking":false,"_monsterinsights_sitenote_active":false,"_monsterinsights_sitenote_note":"","_monsterinsights_sitenote_category":0},"product_brand":[],"product_cat":[87,353],"product_tag":[],"class_list":{"0":"post-405134","1":"product","2":"type-product","3":"status-publish","4":"has-post-thumbnail","6":"product_cat-literatura","7":"product_cat-literatura-2_humanidades","9":"first","10":"instock","11":"taxable","12":"shipping-taxable","13":"purchasable","14":"product-type-simple"},"acf":{"autor":"SALVAT-PAPASSEIT, JOAN \/ 'Y OTROS'","codart":"848330877","libros-coleccion":"","ediciones":"1","encuadernacion":"R\u00fastica","fecha_de_publicacion":"03\/03\/2016","novedad":"0","paginas":"92","subtitulo":"CINQUANTA POEMES D''AMOR","orden":"999","portada":"0","idioma":"cat","editorial":[{"ID":262572,"post_author":"3","post_date":"2022-10-24 11:26:07","post_date_gmt":"2022-10-24 09:26:07","post_content":"","post_title":"VIENA EDICIONES","post_excerpt":"","post_status":"publish","comment_status":"closed","ping_status":"closed","post_password":"","post_name":"viena-ediciones","to_ping":"","pinged":"","post_modified":"2022-10-24 11:26:07","post_modified_gmt":"2022-10-24 09:26:07","post_content_filtered":"","post_parent":0,"guid":"http:\/\/dev.claret.cat\/editorial\/viena-ediciones\/","menu_order":0,"post_type":"editorial","post_mime_type":"","comment_count":"0","filter":"raw"}],"autores-libros":[{"ID":159419,"post_author":"3","post_date":"2022-10-14 15:44:41","post_date_gmt":"2022-10-14 13:44:41","post_content":"","post_title":"JOAN SALVAT-PAPASSEIT","post_excerpt":"","post_status":"publish","comment_status":"closed","ping_status":"closed","post_password":"","post_name":"joan-salvat-papasseit","to_ping":"","pinged":"","post_modified":"2022-10-14 15:44:41","post_modified_gmt":"2022-10-14 13:44:41","post_content_filtered":"","post_parent":0,"guid":"http:\/\/dev.claret.cat\/autor\/joan-salvat-papasseit\/","menu_order":0,"post_type":"autor","post_mime_type":"","comment_count":"0","filter":"raw"},{"ID":405133,"post_author":"3","post_date":"2023-02-28 02:03:54","post_date_gmt":"2023-02-28 01:03:54","post_content":"","post_title":"'Y OTROS'","post_excerpt":"","post_status":"publish","comment_status":"closed","ping_status":"closed","post_password":"","post_name":"y-otros-2","to_ping":"","pinged":"","post_modified":"2023-02-28 02:03:54","post_modified_gmt":"2023-02-28 01:03:54","post_content_filtered":"","post_parent":0,"guid":"https:\/\/www.claret.cat\/autor\/y-otros-2\/","menu_order":0,"post_type":"autor","post_mime_type":"","comment_count":"0","filter":"raw"}]},"aioseo_notices":[],"_links":{"self":[{"href":"https:\/\/www.claret.cat\/es\/wp-json\/wp\/v2\/product\/405134","targetHints":{"allow":["GET"]}}],"collection":[{"href":"https:\/\/www.claret.cat\/es\/wp-json\/wp\/v2\/product"}],"about":[{"href":"https:\/\/www.claret.cat\/es\/wp-json\/wp\/v2\/types\/product"}],"wp:featuredmedia":[{"embeddable":true,"href":"https:\/\/www.claret.cat\/es\/wp-json\/wp\/v2\/media\/405135"}],"wp:attachment":[{"href":"https:\/\/www.claret.cat\/es\/wp-json\/wp\/v2\/media?parent=405134"}],"wp:term":[{"taxonomy":"product_brand","embeddable":true,"href":"https:\/\/www.claret.cat\/es\/wp-json\/wp\/v2\/product_brand?post=405134"},{"taxonomy":"product_cat","embeddable":true,"href":"https:\/\/www.claret.cat\/es\/wp-json\/wp\/v2\/product_cat?post=405134"},{"taxonomy":"product_tag","embeddable":true,"href":"https:\/\/www.claret.cat\/es\/wp-json\/wp\/v2\/product_tag?post=405134"}],"curies":[{"name":"wp","href":"https:\/\/api.w.org\/{rel}","templated":true}]}}