{"id":405186,"date":"2023-02-28T02:13:02","date_gmt":"2023-02-28T01:13:02","guid":{"rendered":"https:\/\/www.claret.cat\/llibre\/baudolino-9788483462027\/"},"modified":"2023-02-28T02:13:15","modified_gmt":"2023-02-28T01:13:15","slug":"baudolino-9788483462027","status":"publish","type":"product","link":"https:\/\/www.claret.cat\/es\/libro\/baudolino-9788483462027\/","title":{"rendered":"BAUDOLINO"},"content":{"rendered":"<p>Umberto Eco regresa a la Edad Media con una fascinante historia donde se  confunden y entremezclan haza\u00f1as prodigiosas e inveros\u00edmiles, propias de  los libros de caballer\u00edas, con andanzas y viajes a pa\u00edses remotos y  escenarios desconocidos, un vasto fresco narrativo en el que se conjugan  elementos de la novela hist\u00f3rica con otros propios del relato de intriga, de aventuras o del g\u00e9nero polic\u00edaco.En una zona del bajo Piamonte donde, a\u00f1os despu\u00e9s, surgir\u00e1 Alejandr\u00eda,  Baudolino, un peque\u00f1o campesino, fantasioso y embustero, conquista a  Federico Barbarroja y se convierte en su hijo adoptivo. Baudolino fabula  e inventa, pero, casi milagrosamente, todo aquello que imagina genera   Historia. As\u00ed, entre otras cosas, crea la m\u00edtica carta del Preste Juan,  que promet\u00eda a Occidente un reino fabuloso, en el lejano Oriente,  gobernado por un rey cristiano, una carta que ha nutrido la imaginaci\u00f3n  de muchos viajeros posteriores, entre los que se cuenta Marco Polo.  Baudolino crece, nace Alejandr\u00eda y, a\u00f1os m\u00e1s tarde, empujado por la  invenci\u00f3n de Baudolino, Federico emprende un viaje, con el pretexto de  hacer una cruzada, para restituir al Preste Juan la m\u00e1s preciosa  reliquia de la cristiandad, el Santo Grial. Federico morir\u00e1 durante el  viaje -en circunstancias misteriosas que s\u00f3lo Baudolino nos revelar\u00e1-,  pero su ahijado continuar\u00e1 el viaje hacia aquel reino lejano, entre los  monstruos que han habitado los bestiarios del medioevo, vicisitudes  llenas de magia y hechizos durante las que vivir\u00e1 un delicado episodio  amoroso con la m\u00e1s singular de las hijas de Eva. Narrada a Nicetas  Coniates, historiador bizantino, mientras Constantinopla arde saqueada  por los cruzados, la historia nos reserva a\u00fan algunas sorpresas, puesto  que, hablando con Nicetas, Baudolino comprende cosas que no hab\u00eda  entendido todav\u00eda y de las que se deriva un final verdaderamente inesperado.<\/p>\n","protected":false},"excerpt":{"rendered":"<p>ECO, UMBERTO<\/p>\n","protected":false},"featured_media":405187,"template":"","meta":{"_acf_changed":false,"om_disable_all_campaigns":false,"rs_blank_template":"","rs_page_bg_color":"","slide_template_v7":"","inline_featured_image":false,"_monsterinsights_skip_tracking":false,"_monsterinsights_sitenote_active":false,"_monsterinsights_sitenote_note":"","_monsterinsights_sitenote_category":0},"product_brand":[],"product_cat":[353,87],"product_tag":[],"class_list":{"0":"post-405186","1":"product","2":"type-product","3":"status-publish","4":"has-post-thumbnail","6":"product_cat-literatura-2_humanidades","7":"product_cat-literatura","9":"first","10":"outofstock","11":"taxable","12":"shipping-taxable","13":"purchasable","14":"product-type-simple"},"acf":{"autor":"ECO, UMBERTO","codart":"848346202","libros-coleccion":"","ediciones":"1","encuadernacion":"R\u00fastica","fecha_de_publicacion":"01\/02\/2010","novedad":"0","paginas":"640","subtitulo":"","orden":"999","portada":"0","idioma":"spa","editorial":[{"ID":6178,"post_author":"3","post_date":"2022-07-28 17:46:34","post_date_gmt":"2022-07-28 15:46:34","post_content":"","post_title":"DEBOLSILLO","post_excerpt":"","post_status":"publish","comment_status":"closed","ping_status":"closed","post_password":"","post_name":"debolsillo","to_ping":"","pinged":"","post_modified":"2022-07-28 17:46:34","post_modified_gmt":"2022-07-28 15:46:34","post_content_filtered":"","post_parent":0,"guid":"http:\/\/dev.claret.cat\/editorial\/debolsillo\/","menu_order":0,"post_type":"editorial","post_mime_type":"","comment_count":"0","filter":"raw"}],"autores-libros":[{"ID":170690,"post_author":"3","post_date":"2022-10-14 22:37:23","post_date_gmt":"2022-10-14 20:37:23","post_content":"","post_title":"UMBERTO ECO","post_excerpt":"","post_status":"publish","comment_status":"closed","ping_status":"closed","post_password":"","post_name":"umberto-eco","to_ping":"","pinged":"","post_modified":"2022-10-14 22:37:23","post_modified_gmt":"2022-10-14 20:37:23","post_content_filtered":"","post_parent":0,"guid":"http:\/\/dev.claret.cat\/autor\/umberto-eco\/","menu_order":0,"post_type":"autor","post_mime_type":"","comment_count":"0","filter":"raw"}]},"aioseo_notices":[],"_links":{"self":[{"href":"https:\/\/www.claret.cat\/es\/wp-json\/wp\/v2\/product\/405186","targetHints":{"allow":["GET"]}}],"collection":[{"href":"https:\/\/www.claret.cat\/es\/wp-json\/wp\/v2\/product"}],"about":[{"href":"https:\/\/www.claret.cat\/es\/wp-json\/wp\/v2\/types\/product"}],"wp:featuredmedia":[{"embeddable":true,"href":"https:\/\/www.claret.cat\/es\/wp-json\/wp\/v2\/media\/405187"}],"wp:attachment":[{"href":"https:\/\/www.claret.cat\/es\/wp-json\/wp\/v2\/media?parent=405186"}],"wp:term":[{"taxonomy":"product_brand","embeddable":true,"href":"https:\/\/www.claret.cat\/es\/wp-json\/wp\/v2\/product_brand?post=405186"},{"taxonomy":"product_cat","embeddable":true,"href":"https:\/\/www.claret.cat\/es\/wp-json\/wp\/v2\/product_cat?post=405186"},{"taxonomy":"product_tag","embeddable":true,"href":"https:\/\/www.claret.cat\/es\/wp-json\/wp\/v2\/product_tag?post=405186"}],"curies":[{"name":"wp","href":"https:\/\/api.w.org\/{rel}","templated":true}]}}