{"id":405189,"date":"2023-02-28T02:13:34","date_gmt":"2023-02-28T01:13:34","guid":{"rendered":"https:\/\/www.claret.cat\/llibre\/vivir-para-contarla-9788483462058\/"},"modified":"2023-02-28T02:13:46","modified_gmt":"2023-02-28T01:13:46","slug":"vivir-para-contarla-9788483462058","status":"publish","type":"product","link":"https:\/\/www.claret.cat\/es\/libro\/vivir-para-contarla-9788483462058\/","title":{"rendered":"VIVIR PARA CONTARLA"},"content":{"rendered":"<p>En este apasionante relato, el Premio Nobel colombiano ofrece la memoria de sus a\u00f1os de infancia y juventud, aquellos en los que se fundar\u00eda el imaginario que, con el tiempo, dar\u00eda lugar a algunos de los relatos y novelas fundamentales en la literatura en lengua espa\u00f1ola del siglo XX. Vivir para contarla es la novela de una vida, una gu\u00eda de lectura para toda la obra de Garc\u00eda M\u00e1rquez, y un acompa\u00f1ante imprescindible para iluminar pasajes inolvidables que, tras la lectura de estas memorias, adquieren una nueva perspectiva.<\/p>\n<p> \u00abA los que un d\u00eda le dir\u00e1n: &#8216;Esto fuiste&#8217;, &#8216;esto hiciste&#8217; o &#8216;esto imaginaste&#8217;, Gabo se les adelanta y dice simplemente: &#8216;Soy, ser\u00e9, imagin\u00e9. Esto recuerdo. Gracias por la memoria&#8217;.\u00bb<br \/> Carlos Fuentes<\/p>\n","protected":false},"excerpt":{"rendered":"<p>GARCIA MARQUEZ,GABRIEL<\/p>\n","protected":false},"featured_media":405190,"template":"","meta":{"_acf_changed":false,"om_disable_all_campaigns":false,"rs_blank_template":"","rs_page_bg_color":"","slide_template_v7":"","inline_featured_image":false,"_monsterinsights_skip_tracking":false,"_monsterinsights_sitenote_active":false,"_monsterinsights_sitenote_note":"","_monsterinsights_sitenote_category":0},"product_brand":[],"product_cat":[90,540],"product_tag":[],"class_list":{"0":"post-405189","1":"product","2":"type-product","3":"status-publish","4":"has-post-thumbnail","6":"product_cat-altres","7":"product_cat-otros","9":"first","10":"instock","11":"taxable","12":"shipping-taxable","13":"purchasable","14":"product-type-simple"},"acf":{"autor":"GARCIA MARQUEZ,GABRIEL","codart":"848346205","libros-coleccion":"","ediciones":"1","encuadernacion":"R\u00fastica","fecha_de_publicacion":"01\/02\/2009","novedad":"0","paginas":"528","subtitulo":"","orden":"999","portada":"0","idioma":"spa","editorial":[{"ID":6178,"post_author":"3","post_date":"2022-07-28 17:46:34","post_date_gmt":"2022-07-28 15:46:34","post_content":"","post_title":"DEBOLSILLO","post_excerpt":"","post_status":"publish","comment_status":"closed","ping_status":"closed","post_password":"","post_name":"debolsillo","to_ping":"","pinged":"","post_modified":"2022-07-28 17:46:34","post_modified_gmt":"2022-07-28 15:46:34","post_content_filtered":"","post_parent":0,"guid":"http:\/\/dev.claret.cat\/editorial\/debolsillo\/","menu_order":0,"post_type":"editorial","post_mime_type":"","comment_count":"0","filter":"raw"}],"autores-libros":[{"ID":156520,"post_author":"3","post_date":"2022-10-14 15:21:28","post_date_gmt":"2022-10-14 13:21:28","post_content":"","post_title":"GABRIEL GARCIA MARQUEZ","post_excerpt":"","post_status":"publish","comment_status":"closed","ping_status":"closed","post_password":"","post_name":"gabriel-garcia-marquez","to_ping":"","pinged":"","post_modified":"2022-10-14 15:21:28","post_modified_gmt":"2022-10-14 13:21:28","post_content_filtered":"","post_parent":0,"guid":"http:\/\/dev.claret.cat\/autor\/gabriel-garcia-marquez\/","menu_order":0,"post_type":"autor","post_mime_type":"","comment_count":"0","filter":"raw"}]},"aioseo_notices":[],"_links":{"self":[{"href":"https:\/\/www.claret.cat\/es\/wp-json\/wp\/v2\/product\/405189","targetHints":{"allow":["GET"]}}],"collection":[{"href":"https:\/\/www.claret.cat\/es\/wp-json\/wp\/v2\/product"}],"about":[{"href":"https:\/\/www.claret.cat\/es\/wp-json\/wp\/v2\/types\/product"}],"wp:featuredmedia":[{"embeddable":true,"href":"https:\/\/www.claret.cat\/es\/wp-json\/wp\/v2\/media\/405190"}],"wp:attachment":[{"href":"https:\/\/www.claret.cat\/es\/wp-json\/wp\/v2\/media?parent=405189"}],"wp:term":[{"taxonomy":"product_brand","embeddable":true,"href":"https:\/\/www.claret.cat\/es\/wp-json\/wp\/v2\/product_brand?post=405189"},{"taxonomy":"product_cat","embeddable":true,"href":"https:\/\/www.claret.cat\/es\/wp-json\/wp\/v2\/product_cat?post=405189"},{"taxonomy":"product_tag","embeddable":true,"href":"https:\/\/www.claret.cat\/es\/wp-json\/wp\/v2\/product_tag?post=405189"}],"curies":[{"name":"wp","href":"https:\/\/api.w.org\/{rel}","templated":true}]}}