{"id":405326,"date":"2023-02-28T02:40:50","date_gmt":"2023-02-28T01:40:50","guid":{"rendered":"https:\/\/www.claret.cat\/llibre\/lectojocs-8-9788484125075\/"},"modified":"2026-01-23T13:27:43","modified_gmt":"2026-01-23T12:27:43","slug":"lectojocs-8-9788484125075","status":"publish","type":"product","link":"https:\/\/www.claret.cat\/es\/libro\/lectojocs-8-9788484125075\/","title":{"rendered":"LECTOJOCS 8"},"content":{"rendered":"<p>Lectojocs \u00e9s un material que va dirigit als infants d&#8221;Educaci\u00f3 Prim\u00e0ria i el seu plantejament permet un \u00fas flexible dels quaderns en funci\u00f3 del nivell lector de cada nen. T\u00e9 com a objectiu treballar la lectura a partir d&#8221;activitats que ajudin en la comprensi\u00f3 i l&#8221;adquisici\u00f3 de velocitat, condicions indispensables per aconseguir una bona efic\u00e0cia lectora. Entenem per efic\u00e0cia lector la suma d&#8221;una velocitat adequada, juntament amb una bona comprensi\u00f3 i el record d&#8221;all\u00f2 que s&#8221;ha llegit. <br \/> Aquesta col\u00b7lecci\u00f3 consta de sis quaderns per a cada cicle, en els quals es plantegen actrivitats de manera seq\u00fcenciada pel que fa al grau de dificultat. Aquestes activitats es presenten de forma l\u00fadica i de manera que permetin un treball aut\u00f2nom per part del nen. A m\u00e9s, a l&#8221;inici de cada quadern, es plantejar\u00e0 un enigma que els nens hauran de resoldre&#8230;<\/p>\n","protected":false},"excerpt":{"rendered":"<p>GENOVER HUGUET, ROSER<\/p>\n","protected":false},"featured_media":1076684,"template":"","meta":{"_acf_changed":false,"om_disable_all_campaigns":false,"rs_blank_template":"","rs_page_bg_color":"","slide_template_v7":"","inline_featured_image":false,"_monsterinsights_skip_tracking":false,"_monsterinsights_sitenote_active":false,"_monsterinsights_sitenote_note":"","_monsterinsights_sitenote_category":0},"product_brand":[],"product_cat":[333,122],"product_tag":[],"class_list":{"0":"post-405326","1":"product","2":"type-product","3":"status-publish","4":"has-post-thumbnail","6":"product_cat-cuadernos-de-vacaciones","7":"product_cat-quaderns-de-vacances","9":"first","10":"instock","11":"taxable","12":"shipping-taxable","13":"purchasable","14":"product-type-simple"},"acf":{"autor":"GENOVER HUGUET, ROSER","codart":"848412507","libros-coleccion":"","ediciones":"1","encuadernacion":"Grapado","fecha_de_publicacion":"01\/05\/2009","novedad":"0","paginas":"30","subtitulo":"","orden":"999","portada":"0","idioma":"cat","editorial":[{"ID":262462,"post_author":"3","post_date":"2022-10-24 11:24:41","post_date_gmt":"2022-10-24 09:24:41","post_content":"","post_title":"SALVATELLA, MIGUEL A.","post_excerpt":"","post_status":"publish","comment_status":"closed","ping_status":"closed","post_password":"","post_name":"salvatella-miguel-a","to_ping":"","pinged":"","post_modified":"2022-10-24 11:24:41","post_modified_gmt":"2022-10-24 09:24:41","post_content_filtered":"","post_parent":0,"guid":"http:\/\/dev.claret.cat\/editorial\/salvatella-miguel-a\/","menu_order":0,"post_type":"editorial","post_mime_type":"","comment_count":"0","filter":"raw"}],"autores-libros":[{"ID":168588,"post_author":"3","post_date":"2022-10-14 22:20:19","post_date_gmt":"2022-10-14 20:20:19","post_content":"","post_title":"ROSER GENOVER HUGUET","post_excerpt":"","post_status":"publish","comment_status":"closed","ping_status":"closed","post_password":"","post_name":"roser-genover-huguet","to_ping":"","pinged":"","post_modified":"2022-10-14 22:20:19","post_modified_gmt":"2022-10-14 20:20:19","post_content_filtered":"","post_parent":0,"guid":"http:\/\/dev.claret.cat\/autor\/roser-genover-huguet\/","menu_order":0,"post_type":"autor","post_mime_type":"","comment_count":"0","filter":"raw"}],"booktrailer":"","resenas":""},"aioseo_notices":[],"_links":{"self":[{"href":"https:\/\/www.claret.cat\/es\/wp-json\/wp\/v2\/product\/405326","targetHints":{"allow":["GET"]}}],"collection":[{"href":"https:\/\/www.claret.cat\/es\/wp-json\/wp\/v2\/product"}],"about":[{"href":"https:\/\/www.claret.cat\/es\/wp-json\/wp\/v2\/types\/product"}],"wp:featuredmedia":[{"embeddable":true,"href":"https:\/\/www.claret.cat\/es\/wp-json\/wp\/v2\/media\/1076684"}],"wp:attachment":[{"href":"https:\/\/www.claret.cat\/es\/wp-json\/wp\/v2\/media?parent=405326"}],"wp:term":[{"taxonomy":"product_brand","embeddable":true,"href":"https:\/\/www.claret.cat\/es\/wp-json\/wp\/v2\/product_brand?post=405326"},{"taxonomy":"product_cat","embeddable":true,"href":"https:\/\/www.claret.cat\/es\/wp-json\/wp\/v2\/product_cat?post=405326"},{"taxonomy":"product_tag","embeddable":true,"href":"https:\/\/www.claret.cat\/es\/wp-json\/wp\/v2\/product_tag?post=405326"}],"curies":[{"name":"wp","href":"https:\/\/api.w.org\/{rel}","templated":true}]}}