{"id":405346,"date":"2023-02-28T02:44:34","date_gmt":"2023-02-28T01:44:34","guid":{"rendered":"https:\/\/www.claret.cat\/llibre\/quan-arriba-el-senyor-hivern-9788484125471\/"},"modified":"2023-02-28T02:44:46","modified_gmt":"2023-02-28T01:44:46","slug":"quan-arriba-el-senyor-hivern-9788484125471","status":"publish","type":"product","link":"https:\/\/www.claret.cat\/es\/libro\/quan-arriba-el-senyor-hivern-9788484125471\/","title":{"rendered":"QUAN ARRIBA EL SENYOR HIVERN"},"content":{"rendered":"<p>Aquests relats estan pensats per a pares i educadors, com a eina ludicopedag\u00f2gica. Mitjan\u00e7ant el relat anem introduint els fruits de cada estaci\u00f3 alhora que ajudem els infants a distingir les etapes de l&#8217;any i a associar-les amb el clima, el calendari i els costums de casa i de l&#8217;entorn on viuen.<\/p>\n","protected":false},"excerpt":{"rendered":"<p>CANALS BOTINES, MIREIA<\/p>\n","protected":false},"featured_media":405347,"template":"","meta":{"_acf_changed":false,"om_disable_all_campaigns":false,"rs_blank_template":"","rs_page_bg_color":"","slide_template_v7":"","inline_featured_image":false,"_monsterinsights_skip_tracking":false,"_monsterinsights_sitenote_active":false,"_monsterinsights_sitenote_note":"","_monsterinsights_sitenote_category":0},"product_brand":[],"product_cat":[352,86],"product_tag":[],"class_list":{"0":"post-405346","1":"product","2":"type-product","3":"status-publish","4":"has-post-thumbnail","6":"product_cat-infantil-3_infantil-juvenil-spa","7":"product_cat-infantil","9":"first","10":"instock","11":"taxable","12":"shipping-taxable","13":"purchasable","14":"product-type-simple"},"acf":{"autor":"CANALS BOTINES, MIREIA","codart":"848412547","libros-coleccion":"Quatre estacions","ediciones":"1","encuadernacion":"R\u00fastica","fecha_de_publicacion":"01\/09\/2010","novedad":"1","paginas":"39","subtitulo":"","orden":"0","portada":"0","idioma":"cat","editorial":[{"ID":148775,"post_author":"3","post_date":"2022-10-14 12:00:53","post_date_gmt":"2022-10-14 10:00:53","post_content":"","post_title":"Salvatella","post_excerpt":"","post_status":"publish","comment_status":"closed","ping_status":"closed","post_password":"","post_name":"salvatella","to_ping":"","pinged":"","post_modified":"2022-10-14 12:00:53","post_modified_gmt":"2022-10-14 10:00:53","post_content_filtered":"","post_parent":0,"guid":"http:\/\/dev.claret.cat\/editorial\/salvatella\/","menu_order":0,"post_type":"editorial","post_mime_type":"","comment_count":"0","filter":"raw"}],"autores-libros":[{"ID":165193,"post_author":"3","post_date":"2022-10-14 17:53:10","post_date_gmt":"2022-10-14 15:53:10","post_content":"","post_title":"MIREIA CANALS BOTINES","post_excerpt":"","post_status":"publish","comment_status":"closed","ping_status":"closed","post_password":"","post_name":"mireia-canals-botines","to_ping":"","pinged":"","post_modified":"2022-10-14 17:53:10","post_modified_gmt":"2022-10-14 15:53:10","post_content_filtered":"","post_parent":0,"guid":"http:\/\/dev.claret.cat\/autor\/mireia-canals-botines\/","menu_order":0,"post_type":"autor","post_mime_type":"","comment_count":"0","filter":"raw"}]},"aioseo_notices":[],"_links":{"self":[{"href":"https:\/\/www.claret.cat\/es\/wp-json\/wp\/v2\/product\/405346","targetHints":{"allow":["GET"]}}],"collection":[{"href":"https:\/\/www.claret.cat\/es\/wp-json\/wp\/v2\/product"}],"about":[{"href":"https:\/\/www.claret.cat\/es\/wp-json\/wp\/v2\/types\/product"}],"wp:featuredmedia":[{"embeddable":true,"href":"https:\/\/www.claret.cat\/es\/wp-json\/wp\/v2\/media\/405347"}],"wp:attachment":[{"href":"https:\/\/www.claret.cat\/es\/wp-json\/wp\/v2\/media?parent=405346"}],"wp:term":[{"taxonomy":"product_brand","embeddable":true,"href":"https:\/\/www.claret.cat\/es\/wp-json\/wp\/v2\/product_brand?post=405346"},{"taxonomy":"product_cat","embeddable":true,"href":"https:\/\/www.claret.cat\/es\/wp-json\/wp\/v2\/product_cat?post=405346"},{"taxonomy":"product_tag","embeddable":true,"href":"https:\/\/www.claret.cat\/es\/wp-json\/wp\/v2\/product_tag?post=405346"}],"curies":[{"name":"wp","href":"https:\/\/api.w.org\/{rel}","templated":true}]}}