{"id":405399,"date":"2023-02-28T02:56:08","date_gmt":"2023-02-28T01:56:08","guid":{"rendered":"https:\/\/www.claret.cat\/llibre\/amics-secrets-9788484127529\/"},"modified":"2023-02-28T02:56:21","modified_gmt":"2023-02-28T01:56:21","slug":"amics-secrets-9788484127529","status":"publish","type":"product","link":"https:\/\/www.claret.cat\/es\/libro\/amics-secrets-9788484127529\/","title":{"rendered":"AMICS SECRETS"},"content":{"rendered":"","protected":false},"excerpt":{"rendered":"<p>FERN\u00c1NDEZ SELVA, NOEM\u00cd<\/p>\n","protected":false},"featured_media":405400,"template":"","meta":{"_acf_changed":false,"om_disable_all_campaigns":false,"rs_blank_template":"","rs_page_bg_color":"","slide_template_v7":"","inline_featured_image":false,"_monsterinsights_skip_tracking":false,"_monsterinsights_sitenote_active":false,"_monsterinsights_sitenote_note":"","_monsterinsights_sitenote_category":0},"product_brand":[],"product_cat":[352,86],"product_tag":[],"class_list":{"0":"post-405399","1":"product","2":"type-product","3":"status-publish","4":"has-post-thumbnail","6":"product_cat-infantil-3_infantil-juvenil-spa","7":"product_cat-infantil","9":"first","10":"instock","11":"taxable","12":"shipping-taxable","13":"purchasable","14":"product-type-simple"},"acf":{"autor":"FERN\u00c1NDEZ SELVA, NOEM\u00cd","codart":"848412752","libros-coleccion":"","ediciones":"1","encuadernacion":"R\u00fastica","fecha_de_publicacion":"01\/02\/2013","novedad":"0","paginas":"24","subtitulo":"LA PRINCESA, SANT JORDI I EL DRAC","orden":"999","portada":"0","idioma":"cat","editorial":[{"ID":262462,"post_author":"3","post_date":"2022-10-24 11:24:41","post_date_gmt":"2022-10-24 09:24:41","post_content":"","post_title":"SALVATELLA, MIGUEL A.","post_excerpt":"","post_status":"publish","comment_status":"closed","ping_status":"closed","post_password":"","post_name":"salvatella-miguel-a","to_ping":"","pinged":"","post_modified":"2022-10-24 11:24:41","post_modified_gmt":"2022-10-24 09:24:41","post_content_filtered":"","post_parent":0,"guid":"http:\/\/dev.claret.cat\/editorial\/salvatella-miguel-a\/","menu_order":0,"post_type":"editorial","post_mime_type":"","comment_count":"0","filter":"raw"}],"autores-libros":[{"ID":165942,"post_author":"3","post_date":"2022-10-14 17:59:10","post_date_gmt":"2022-10-14 15:59:10","post_content":"","post_title":"NOEM\u00cd FERN\u00c1NDEZ SELVA","post_excerpt":"","post_status":"publish","comment_status":"closed","ping_status":"closed","post_password":"","post_name":"noemi-fernandez-selva","to_ping":"","pinged":"","post_modified":"2022-10-14 17:59:10","post_modified_gmt":"2022-10-14 15:59:10","post_content_filtered":"","post_parent":0,"guid":"http:\/\/dev.claret.cat\/autor\/noemi-fernandez-selva\/","menu_order":0,"post_type":"autor","post_mime_type":"","comment_count":"0","filter":"raw"}]},"aioseo_notices":[],"_links":{"self":[{"href":"https:\/\/www.claret.cat\/es\/wp-json\/wp\/v2\/product\/405399","targetHints":{"allow":["GET"]}}],"collection":[{"href":"https:\/\/www.claret.cat\/es\/wp-json\/wp\/v2\/product"}],"about":[{"href":"https:\/\/www.claret.cat\/es\/wp-json\/wp\/v2\/types\/product"}],"wp:featuredmedia":[{"embeddable":true,"href":"https:\/\/www.claret.cat\/es\/wp-json\/wp\/v2\/media\/405400"}],"wp:attachment":[{"href":"https:\/\/www.claret.cat\/es\/wp-json\/wp\/v2\/media?parent=405399"}],"wp:term":[{"taxonomy":"product_brand","embeddable":true,"href":"https:\/\/www.claret.cat\/es\/wp-json\/wp\/v2\/product_brand?post=405399"},{"taxonomy":"product_cat","embeddable":true,"href":"https:\/\/www.claret.cat\/es\/wp-json\/wp\/v2\/product_cat?post=405399"},{"taxonomy":"product_tag","embeddable":true,"href":"https:\/\/www.claret.cat\/es\/wp-json\/wp\/v2\/product_tag?post=405399"}],"curies":[{"name":"wp","href":"https:\/\/api.w.org\/{rel}","templated":true}]}}