{"id":40542,"date":"2022-10-02T19:26:09","date_gmt":"2022-10-02T17:26:09","guid":{"rendered":"http:\/\/dev.claret.cat\/producte\/la-lia-deixa-el-bolquer\/"},"modified":"2025-04-16T11:40:46","modified_gmt":"2025-04-16T09:40:46","slug":"la-lia-deixa-el-bolquer-9788418688461","status":"publish","type":"product","link":"https:\/\/www.claret.cat\/es\/libro\/la-lia-deixa-el-bolquer-9788418688461\/","title":{"rendered":"LA LIA DEIXA EL BOLQUER"},"content":{"rendered":"<p>Una col\u00b7lecci\u00f3 de la teva pediatra de refer\u00e8ncia en crian\u00e7a respectuosa, Anna Estap\u00e9! Un llibre per a les fam\u00edlies que aposten per una crian\u00e7a respectuosa i conscient amb una visi\u00f3 moderna i actualitzada. De la m\u00e0 d&#8217;una referent en pediatria, plantegem el primer conte que  aborda el tema del bolquer des d&#8217;una manera considerada. Cada nen t\u00e9 un temps per a deixar d&#8217;usar-lo, i hem de respectar-lo. Gr\u00e0cies a la hist\u00f2ria de la Lia, petits i grans podran aprendre a  gestionar aquest esdeveniment que involucra a tota la fam\u00edlia!<\/p>\n","protected":false},"excerpt":{"rendered":"<p>ESTAP\u00c9, ANNA<\/p>\n","protected":false},"featured_media":57059,"template":"","meta":{"_acf_changed":false,"om_disable_all_campaigns":false,"rs_blank_template":"","rs_page_bg_color":"","slide_template_v7":"","inline_featured_image":false,"_monsterinsights_skip_tracking":false,"_monsterinsights_sitenote_active":false,"_monsterinsights_sitenote_note":"","_monsterinsights_sitenote_category":0},"product_brand":[],"product_cat":[131,361],"product_tag":[],"class_list":{"0":"post-40542","1":"product","2":"type-product","3":"status-publish","4":"has-post-thumbnail","6":"product_cat-contes-per-infants-0-6-anys","7":"product_cat-cuentos-para-ninos-0-6-anos","9":"first","10":"instock","11":"taxable","12":"shipping-taxable","13":"purchasable","14":"product-type-simple"},"acf":{"autor":"ESTAP\u00c9, ANNA","codart":"841868846","libros-coleccion":"","ediciones":"1","encuadernacion":"Carton\u00e9","fecha_de_publicacion":"01\/03\/2022","novedad":"1","paginas":"48","subtitulo":"EL CONTE PER ACOMPANYAR LA RETIRADA DEL BOLQUER DE MANERA RESPECTUOSA","orden":"0","portada":"0","idioma":"cat","editorial":[{"ID":6136,"post_author":"3","post_date":"2022-07-28 17:45:39","post_date_gmt":"2022-07-28 15:45:39","post_content":"","post_title":"B de Blok (Ediciones B)","post_excerpt":"","post_status":"publish","comment_status":"closed","ping_status":"closed","post_password":"","post_name":"b-de-blok-ediciones-b","to_ping":"","pinged":"","post_modified":"2022-07-28 17:45:39","post_modified_gmt":"2022-07-28 15:45:39","post_content_filtered":"","post_parent":0,"guid":"http:\/\/dev.claret.cat\/editorial\/b-de-blok-ediciones-b\/","menu_order":0,"post_type":"editorial","post_mime_type":"","comment_count":"0","filter":"raw"}],"autores-libros":[{"ID":150559,"post_author":"3","post_date":"2022-10-14 14:33:56","post_date_gmt":"2022-10-14 12:33:56","post_content":"","post_title":"ANNA ESTAP\u00c9","post_excerpt":"","post_status":"publish","comment_status":"closed","ping_status":"closed","post_password":"","post_name":"anna-estape","to_ping":"","pinged":"","post_modified":"2022-10-14 14:33:56","post_modified_gmt":"2022-10-14 12:33:56","post_content_filtered":"","post_parent":0,"guid":"http:\/\/dev.claret.cat\/autor\/anna-estape\/","menu_order":0,"post_type":"autor","post_mime_type":"","comment_count":"0","filter":"raw"}],"booktrailer":"","resenas":""},"aioseo_notices":[],"_links":{"self":[{"href":"https:\/\/www.claret.cat\/es\/wp-json\/wp\/v2\/product\/40542","targetHints":{"allow":["GET"]}}],"collection":[{"href":"https:\/\/www.claret.cat\/es\/wp-json\/wp\/v2\/product"}],"about":[{"href":"https:\/\/www.claret.cat\/es\/wp-json\/wp\/v2\/types\/product"}],"wp:featuredmedia":[{"embeddable":true,"href":"https:\/\/www.claret.cat\/es\/wp-json\/wp\/v2\/media\/57059"}],"wp:attachment":[{"href":"https:\/\/www.claret.cat\/es\/wp-json\/wp\/v2\/media?parent=40542"}],"wp:term":[{"taxonomy":"product_brand","embeddable":true,"href":"https:\/\/www.claret.cat\/es\/wp-json\/wp\/v2\/product_brand?post=40542"},{"taxonomy":"product_cat","embeddable":true,"href":"https:\/\/www.claret.cat\/es\/wp-json\/wp\/v2\/product_cat?post=40542"},{"taxonomy":"product_tag","embeddable":true,"href":"https:\/\/www.claret.cat\/es\/wp-json\/wp\/v2\/product_tag?post=40542"}],"curies":[{"name":"wp","href":"https:\/\/api.w.org\/{rel}","templated":true}]}}