{"id":405426,"date":"2023-02-28T03:01:10","date_gmt":"2023-02-28T02:01:10","guid":{"rendered":"https:\/\/www.claret.cat\/llibre\/matejocs-3-9788484127628\/"},"modified":"2026-01-23T13:46:14","modified_gmt":"2026-01-23T12:46:14","slug":"matejocs-3-9788484127628","status":"publish","type":"product","link":"https:\/\/www.claret.cat\/es\/libro\/matejocs-3-9788484127628\/","title":{"rendered":"MATEJOCS 3"},"content":{"rendered":"<p>Resoluci\u00f3 de problemes, c\u00e0lcul mental, raonament l\u00f2gic, exercicis de mem\u00f2ria, pr\u00e0ctica d\u2019operacions, s\u00e8ries, sudoku amb dibuixos\u2026 tot aix\u00f2 i molt m\u00e9s s\u00f3n les activitats proposades en aquests quaderns d\u2019estimulaci\u00f3 cognitiva matem\u00e0tica. Una forma divertida que ajudar\u00e0 als nens a adquirir els coneixements matem\u00e0tics del primer cicle de prim\u00e0ria. Una proposta l\u00fadico-pr\u00e0ctica que estimular\u00e0 les seves habilitats i refor\u00e7ar\u00e0 la seva confian\u00e7a en la seva capacitat de raonament.<\/p>\n<p>1r. de Prim\u00e0ria<\/p>\n","protected":false},"excerpt":{"rendered":"<p>ESCUDERO ANGL\u00c9S, NEUS \/ G<\/p>\n","protected":false},"featured_media":1076729,"template":"","meta":{"_acf_changed":false,"om_disable_all_campaigns":false,"rs_blank_template":"","rs_page_bg_color":"","slide_template_v7":"","inline_featured_image":false,"_monsterinsights_skip_tracking":false,"_monsterinsights_sitenote_active":false,"_monsterinsights_sitenote_note":"","_monsterinsights_sitenote_category":0},"product_brand":[],"product_cat":[333,122],"product_tag":[],"class_list":{"0":"post-405426","1":"product","2":"type-product","3":"status-publish","4":"has-post-thumbnail","6":"product_cat-cuadernos-de-vacaciones","7":"product_cat-quaderns-de-vacances","9":"first","10":"instock","11":"taxable","12":"shipping-taxable","13":"purchasable","14":"product-type-simple"},"acf":{"autor":"ESCUDERO ANGL\u00c9S, NEUS \/ G","codart":"848412762","libros-coleccion":"","ediciones":"1","encuadernacion":"Grapado","fecha_de_publicacion":"01\/04\/2013","novedad":"0","paginas":"32","subtitulo":"6 A 7 ANYS","orden":"999","portada":"0","idioma":"cat","editorial":[{"ID":262462,"post_author":"3","post_date":"2022-10-24 11:24:41","post_date_gmt":"2022-10-24 09:24:41","post_content":"","post_title":"SALVATELLA, MIGUEL A.","post_excerpt":"","post_status":"publish","comment_status":"closed","ping_status":"closed","post_password":"","post_name":"salvatella-miguel-a","to_ping":"","pinged":"","post_modified":"2022-10-24 11:24:41","post_modified_gmt":"2022-10-24 09:24:41","post_content_filtered":"","post_parent":0,"guid":"http:\/\/dev.claret.cat\/editorial\/salvatella-miguel-a\/","menu_order":0,"post_type":"editorial","post_mime_type":"","comment_count":"0","filter":"raw"}],"autores-libros":[{"ID":268817,"post_author":"3","post_date":"2022-12-01 18:21:25","post_date_gmt":"2022-12-01 17:21:25","post_content":"","post_title":"NEUS ESCUDERO ANGL\u00c9S","post_excerpt":"","post_status":"publish","comment_status":"closed","ping_status":"closed","post_password":"","post_name":"neus-escudero-angles","to_ping":"","pinged":"","post_modified":"2022-12-01 18:21:25","post_modified_gmt":"2022-12-01 17:21:25","post_content_filtered":"","post_parent":0,"guid":"http:\/\/dev.claret.cat\/autor\/neus-escudero-angles\/","menu_order":0,"post_type":"autor","post_mime_type":"","comment_count":"0","filter":"raw"},{"ID":405421,"post_author":"3","post_date":"2023-02-28 02:59:56","post_date_gmt":"2023-02-28 01:59:56","post_content":"","post_title":"ROSER GENOVER I HUGUET","post_excerpt":"","post_status":"publish","comment_status":"closed","ping_status":"closed","post_password":"","post_name":"roser-genover-i-huguet","to_ping":"","pinged":"","post_modified":"2023-02-28 02:59:56","post_modified_gmt":"2023-02-28 01:59:56","post_content_filtered":"","post_parent":0,"guid":"https:\/\/www.claret.cat\/autor\/roser-genover-i-huguet\/","menu_order":0,"post_type":"autor","post_mime_type":"","comment_count":"0","filter":"raw"}],"booktrailer":"","resenas":""},"aioseo_notices":[],"_links":{"self":[{"href":"https:\/\/www.claret.cat\/es\/wp-json\/wp\/v2\/product\/405426","targetHints":{"allow":["GET"]}}],"collection":[{"href":"https:\/\/www.claret.cat\/es\/wp-json\/wp\/v2\/product"}],"about":[{"href":"https:\/\/www.claret.cat\/es\/wp-json\/wp\/v2\/types\/product"}],"wp:featuredmedia":[{"embeddable":true,"href":"https:\/\/www.claret.cat\/es\/wp-json\/wp\/v2\/media\/1076729"}],"wp:attachment":[{"href":"https:\/\/www.claret.cat\/es\/wp-json\/wp\/v2\/media?parent=405426"}],"wp:term":[{"taxonomy":"product_brand","embeddable":true,"href":"https:\/\/www.claret.cat\/es\/wp-json\/wp\/v2\/product_brand?post=405426"},{"taxonomy":"product_cat","embeddable":true,"href":"https:\/\/www.claret.cat\/es\/wp-json\/wp\/v2\/product_cat?post=405426"},{"taxonomy":"product_tag","embeddable":true,"href":"https:\/\/www.claret.cat\/es\/wp-json\/wp\/v2\/product_tag?post=405426"}],"curies":[{"name":"wp","href":"https:\/\/api.w.org\/{rel}","templated":true}]}}