{"id":40545,"date":"2022-10-02T19:26:13","date_gmt":"2022-10-02T17:26:13","guid":{"rendered":"http:\/\/dev.claret.cat\/producte\/lia-deja-el-panal\/"},"modified":"2025-03-17T13:36:46","modified_gmt":"2025-03-17T12:36:46","slug":"lia-deja-el-panal-9788418688454","status":"publish","type":"product","link":"https:\/\/www.claret.cat\/es\/libro\/lia-deja-el-panal-9788418688454\/","title":{"rendered":"LIA DEJA EL PA\u00d1AL"},"content":{"rendered":"<p>\u00a1Una colecci\u00f3n de tu pediatra de referencia en crianza respetuosa, Anna Estap\u00e9! Un libro para las familias que apuestan por una crianza respetuosa y consciente con un enfoque moderno y actualizado. De la mano de una referente en pediatr\u00eda, llega el primer cuento que  aborda el tema del pa\u00f1al desde una manera considerada. Cada ni\u00f1o tiene un tiempo para dejar de usarlo, y debemos respetarlo. Gracias a la historia de L\u00eda, peque\u00f1os y mayores podr\u00e1n aprender a  gestionar este acontecimiento que involucra a toda la familia.<\/p>\n","protected":false},"excerpt":{"rendered":"<p>ESTAP\u00c9, ANNA<\/p>\n","protected":false},"featured_media":57061,"template":"","meta":{"_acf_changed":false,"om_disable_all_campaigns":false,"rs_blank_template":"","rs_page_bg_color":"","slide_template_v7":"","inline_featured_image":false,"_monsterinsights_skip_tracking":false,"_monsterinsights_sitenote_active":false,"_monsterinsights_sitenote_note":"","_monsterinsights_sitenote_category":0},"product_brand":[],"product_cat":[131,361],"product_tag":[],"class_list":{"0":"post-40545","1":"product","2":"type-product","3":"status-publish","4":"has-post-thumbnail","6":"product_cat-contes-per-infants-0-6-anys","7":"product_cat-cuentos-para-ninos-0-6-anos","9":"first","10":"instock","11":"taxable","12":"shipping-taxable","13":"purchasable","14":"product-type-simple"},"acf":{"autor":"ESTAP\u00c9, ANNA","codart":"841868845","libros-coleccion":"","ediciones":"1","encuadernacion":"Carton\u00e9","fecha_de_publicacion":"01\/03\/2022","novedad":"1","paginas":"48","subtitulo":"EL CUENTO PARA ACOMPA\u00d1AR LA RETIRADA DEL PA\u00d1AL DE FORMA RESPETUOSA","orden":"0","portada":"0","idioma":"spa","editorial":[{"ID":6136,"post_author":"3","post_date":"2022-07-28 17:45:39","post_date_gmt":"2022-07-28 15:45:39","post_content":"","post_title":"B de Blok (Ediciones B)","post_excerpt":"","post_status":"publish","comment_status":"closed","ping_status":"closed","post_password":"","post_name":"b-de-blok-ediciones-b","to_ping":"","pinged":"","post_modified":"2022-07-28 17:45:39","post_modified_gmt":"2022-07-28 15:45:39","post_content_filtered":"","post_parent":0,"guid":"http:\/\/dev.claret.cat\/editorial\/b-de-blok-ediciones-b\/","menu_order":0,"post_type":"editorial","post_mime_type":"","comment_count":"0","filter":"raw"}],"autores-libros":[{"ID":150559,"post_author":"3","post_date":"2022-10-14 14:33:56","post_date_gmt":"2022-10-14 12:33:56","post_content":"","post_title":"ANNA ESTAP\u00c9","post_excerpt":"","post_status":"publish","comment_status":"closed","ping_status":"closed","post_password":"","post_name":"anna-estape","to_ping":"","pinged":"","post_modified":"2022-10-14 14:33:56","post_modified_gmt":"2022-10-14 12:33:56","post_content_filtered":"","post_parent":0,"guid":"http:\/\/dev.claret.cat\/autor\/anna-estape\/","menu_order":0,"post_type":"autor","post_mime_type":"","comment_count":"0","filter":"raw"}]},"aioseo_notices":[],"_links":{"self":[{"href":"https:\/\/www.claret.cat\/es\/wp-json\/wp\/v2\/product\/40545","targetHints":{"allow":["GET"]}}],"collection":[{"href":"https:\/\/www.claret.cat\/es\/wp-json\/wp\/v2\/product"}],"about":[{"href":"https:\/\/www.claret.cat\/es\/wp-json\/wp\/v2\/types\/product"}],"wp:featuredmedia":[{"embeddable":true,"href":"https:\/\/www.claret.cat\/es\/wp-json\/wp\/v2\/media\/57061"}],"wp:attachment":[{"href":"https:\/\/www.claret.cat\/es\/wp-json\/wp\/v2\/media?parent=40545"}],"wp:term":[{"taxonomy":"product_brand","embeddable":true,"href":"https:\/\/www.claret.cat\/es\/wp-json\/wp\/v2\/product_brand?post=40545"},{"taxonomy":"product_cat","embeddable":true,"href":"https:\/\/www.claret.cat\/es\/wp-json\/wp\/v2\/product_cat?post=40545"},{"taxonomy":"product_tag","embeddable":true,"href":"https:\/\/www.claret.cat\/es\/wp-json\/wp\/v2\/product_tag?post=40545"}],"curies":[{"name":"wp","href":"https:\/\/api.w.org\/{rel}","templated":true}]}}