{"id":405466,"date":"2023-02-28T03:11:02","date_gmt":"2023-02-28T02:11:02","guid":{"rendered":"https:\/\/www.claret.cat\/llibre\/hola-aqui-estoy-9788484232445\/"},"modified":"2023-02-28T03:11:14","modified_gmt":"2023-02-28T02:11:14","slug":"hola-aqui-estoy-9788484232445","status":"publish","type":"product","link":"https:\/\/www.claret.cat\/es\/libro\/hola-aqui-estoy-9788484232445\/","title":{"rendered":"\u00a1HOLA, AQUI ESTOY!"},"content":{"rendered":"<p>\u00a1Hola, aqu\u00ed estoy! es uno de los \u00e9xitos internacionales del escritor dan\u00e9s Willy Breinholst. Se trata de un libro ins\u00f3lito sobre el embarazo que narra en clave de humor las reacciones que tiene un beb\u00e9 ante sus padres y ante el mundo que le rodea durante el per\u00edodo de gestaci\u00f3n.<br \/>El libro, repleto de divertidos y originales dibujos, se dirige a padres, madres y a personas con vocaci\u00f3n de serlo en un futuro. Tambi\u00e9n es ideal para todos los que deseen conocer una versi\u00f3n con humor fino y agudo, aunque siempre fiel a la realidad, de los acontecimientos que tienen lugar desde la fecundaci\u00f3n hasta el nacimiento del nuevo ser.<\/p>\n","protected":false},"excerpt":{"rendered":"<p>BREINHOLST, WILLY<\/p>\n","protected":false},"featured_media":405467,"template":"","meta":{"_acf_changed":false,"om_disable_all_campaigns":false,"rs_blank_template":"","rs_page_bg_color":"","slide_template_v7":"","inline_featured_image":false,"_monsterinsights_skip_tracking":false,"_monsterinsights_sitenote_active":false,"_monsterinsights_sitenote_note":"","_monsterinsights_sitenote_category":0},"product_brand":[],"product_cat":[90,540],"product_tag":[],"class_list":{"0":"post-405466","1":"product","2":"type-product","3":"status-publish","4":"has-post-thumbnail","6":"product_cat-altres","7":"product_cat-otros","9":"first","10":"outofstock","11":"taxable","12":"shipping-taxable","13":"purchasable","14":"product-type-simple"},"acf":{"autor":"BREINHOLST, WILLY","codart":"848423244","libros-coleccion":"","ediciones":"1","encuadernacion":"R\u00fastica","fecha_de_publicacion":"19\/06\/2008","novedad":"0","paginas":"117","subtitulo":"","orden":"999","portada":"0","idioma":"spa","editorial":[{"ID":262098,"post_author":"3","post_date":"2022-10-24 11:19:54","post_date_gmt":"2022-10-24 09:19:54","post_content":"","post_title":"ELFOS, EDICIONES","post_excerpt":"","post_status":"publish","comment_status":"closed","ping_status":"closed","post_password":"","post_name":"elfos-ediciones","to_ping":"","pinged":"","post_modified":"2022-10-24 11:19:54","post_modified_gmt":"2022-10-24 09:19:54","post_content_filtered":"","post_parent":0,"guid":"http:\/\/dev.claret.cat\/editorial\/elfos-ediciones\/","menu_order":0,"post_type":"editorial","post_mime_type":"","comment_count":"0","filter":"raw"}],"autores-libros":[{"ID":405465,"post_author":"3","post_date":"2023-02-28 03:10:53","post_date_gmt":"2023-02-28 02:10:53","post_content":"","post_title":"WILLY BREINHOLST","post_excerpt":"","post_status":"publish","comment_status":"closed","ping_status":"closed","post_password":"","post_name":"willy-breinholst","to_ping":"","pinged":"","post_modified":"2023-02-28 03:10:53","post_modified_gmt":"2023-02-28 02:10:53","post_content_filtered":"","post_parent":0,"guid":"https:\/\/www.claret.cat\/autor\/willy-breinholst\/","menu_order":0,"post_type":"autor","post_mime_type":"","comment_count":"0","filter":"raw"}]},"aioseo_notices":[],"_links":{"self":[{"href":"https:\/\/www.claret.cat\/es\/wp-json\/wp\/v2\/product\/405466","targetHints":{"allow":["GET"]}}],"collection":[{"href":"https:\/\/www.claret.cat\/es\/wp-json\/wp\/v2\/product"}],"about":[{"href":"https:\/\/www.claret.cat\/es\/wp-json\/wp\/v2\/types\/product"}],"wp:featuredmedia":[{"embeddable":true,"href":"https:\/\/www.claret.cat\/es\/wp-json\/wp\/v2\/media\/405467"}],"wp:attachment":[{"href":"https:\/\/www.claret.cat\/es\/wp-json\/wp\/v2\/media?parent=405466"}],"wp:term":[{"taxonomy":"product_brand","embeddable":true,"href":"https:\/\/www.claret.cat\/es\/wp-json\/wp\/v2\/product_brand?post=405466"},{"taxonomy":"product_cat","embeddable":true,"href":"https:\/\/www.claret.cat\/es\/wp-json\/wp\/v2\/product_cat?post=405466"},{"taxonomy":"product_tag","embeddable":true,"href":"https:\/\/www.claret.cat\/es\/wp-json\/wp\/v2\/product_tag?post=405466"}],"curies":[{"name":"wp","href":"https:\/\/api.w.org\/{rel}","templated":true}]}}