{"id":405531,"date":"2023-02-28T03:23:33","date_gmt":"2023-02-28T02:23:33","guid":{"rendered":"https:\/\/www.claret.cat\/llibre\/darrer-llibre-sobre-la-conquesta-de-terra-santa-9788484375098\/"},"modified":"2023-02-28T03:23:45","modified_gmt":"2023-02-28T02:23:45","slug":"darrer-llibre-sobre-la-conquesta-de-terra-santa-9788484375098","status":"publish","type":"product","link":"https:\/\/www.claret.cat\/es\/libro\/darrer-llibre-sobre-la-conquesta-de-terra-santa-9788484375098\/","title":{"rendered":"DARRER LLIBRE SOBRE LA CONQUESTA DE TERRA SANTA"},"content":{"rendered":"<p>Ramon Llull (1232-1316) \u00e9s, per molts aspectes, una figura senyera del cristianisme i de la cultura catalana. Des de Mallorca, tot just arrabassada als musulmans, la seva passi\u00f3 per estendre la fe cristiana el port\u00e0 tant a la m\u00e9s sublim contemplaci\u00f3 com a la m\u00e9s agosarada recerca d&#8217;una demostraci\u00f3 r&#8230;<\/p>\n","protected":false},"excerpt":{"rendered":"<p>LLULL, RAMON<\/p>\n","protected":false},"featured_media":405532,"template":"","meta":{"_acf_changed":false,"om_disable_all_campaigns":false,"rs_blank_template":"","rs_page_bg_color":"","slide_template_v7":"","inline_featured_image":false,"_monsterinsights_skip_tracking":false,"_monsterinsights_sitenote_active":false,"_monsterinsights_sitenote_note":"","_monsterinsights_sitenote_category":0},"product_brand":[],"product_cat":[90,540],"product_tag":[],"class_list":{"0":"post-405531","1":"product","2":"type-product","3":"status-publish","4":"has-post-thumbnail","6":"product_cat-altres","7":"product_cat-otros","9":"first","10":"instock","11":"taxable","12":"shipping-taxable","13":"purchasable","14":"product-type-simple"},"acf":{"autor":"LLULL, RAMON","codart":"848437509","libros-coleccion":"FORA DE COL.LECCI\u00d3","ediciones":"1","encuadernacion":"[Vac\u00edo]","fecha_de_publicacion":"01\/11\/2002","novedad":"0","paginas":"240","subtitulo":"","orden":"999","portada":"0","idioma":"cat","editorial":[{"ID":311112,"post_author":"3","post_date":"2022-12-21 17:50:25","post_date_gmt":"2022-12-21 16:50:25","post_content":"","post_title":"Edicions de la Facultat de Teologia de C","post_excerpt":"","post_status":"publish","comment_status":"closed","ping_status":"closed","post_password":"","post_name":"edicions-de-la-facultat-de-teologia-de-c","to_ping":"","pinged":"","post_modified":"2022-12-21 17:50:25","post_modified_gmt":"2022-12-21 16:50:25","post_content_filtered":"","post_parent":0,"guid":"https:\/\/www.claret.cat\/editorial\/edicions-de-la-facultat-de-teologia-de-c\/","menu_order":0,"post_type":"editorial","post_mime_type":"","comment_count":"0","filter":"raw"}],"autores-libros":[{"ID":5966,"post_author":"3","post_date":"2022-07-28 17:35:19","post_date_gmt":"2022-07-28 15:35:19","post_content":"","post_title":"RAMON LLULL","post_excerpt":"","post_status":"publish","comment_status":"closed","ping_status":"closed","post_password":"","post_name":"ramon-llull","to_ping":"","pinged":"","post_modified":"2022-07-28 17:35:19","post_modified_gmt":"2022-07-28 15:35:19","post_content_filtered":"","post_parent":0,"guid":"http:\/\/dev.claret.cat\/autor\/ramon-llull\/","menu_order":0,"post_type":"autor","post_mime_type":"","comment_count":"0","filter":"raw"}]},"aioseo_notices":[],"_links":{"self":[{"href":"https:\/\/www.claret.cat\/es\/wp-json\/wp\/v2\/product\/405531","targetHints":{"allow":["GET"]}}],"collection":[{"href":"https:\/\/www.claret.cat\/es\/wp-json\/wp\/v2\/product"}],"about":[{"href":"https:\/\/www.claret.cat\/es\/wp-json\/wp\/v2\/types\/product"}],"wp:featuredmedia":[{"embeddable":true,"href":"https:\/\/www.claret.cat\/es\/wp-json\/wp\/v2\/media\/405532"}],"wp:attachment":[{"href":"https:\/\/www.claret.cat\/es\/wp-json\/wp\/v2\/media?parent=405531"}],"wp:term":[{"taxonomy":"product_brand","embeddable":true,"href":"https:\/\/www.claret.cat\/es\/wp-json\/wp\/v2\/product_brand?post=405531"},{"taxonomy":"product_cat","embeddable":true,"href":"https:\/\/www.claret.cat\/es\/wp-json\/wp\/v2\/product_cat?post=405531"},{"taxonomy":"product_tag","embeddable":true,"href":"https:\/\/www.claret.cat\/es\/wp-json\/wp\/v2\/product_tag?post=405531"}],"curies":[{"name":"wp","href":"https:\/\/api.w.org\/{rel}","templated":true}]}}