{"id":405538,"date":"2023-02-28T03:25:10","date_gmt":"2023-02-28T02:25:10","guid":{"rendered":"https:\/\/www.claret.cat\/llibre\/noves-cartes-a-un-jove-poeta-9788484375883\/"},"modified":"2024-01-31T21:04:28","modified_gmt":"2024-01-31T20:04:28","slug":"noves-cartes-a-un-jove-poeta-9788484375883","status":"publish","type":"product","link":"https:\/\/www.claret.cat\/es\/libro\/noves-cartes-a-un-jove-poeta-9788484375883\/","title":{"rendered":"NOVES CARTES A UN JOVE POETA"},"content":{"rendered":"<p>Per escriure un poema no hi ha unes condicions millors que d&#8217;altres: s&#8217;imposa la necessitat de buscar, trobar, escriure, reescriure, treballar-lo fins al final. Si un poema pot esperar, \u00e9s que no ha trobat ning\u00fa que l&#8217;escrigui. M\u00e9s encara: si qui t\u00e9 la pretensi\u00f3 de ser poeta no sap convertir qualsevol situaci\u00f3 personal -per dif\u00edcil que sigui- en una situaci\u00f3 on la seva obra continu\u00ef, \u00e9s que s&#8217;est\u00e0 equivocant. Si a la poesia un no pot donar-li tot -i tot vol dir tota la veritat que hi hagi a la seva vida- no s&#8217;ha de continuar.<\/p>\n","protected":false},"excerpt":{"rendered":"<p>MARGARIT, JOAN<\/p>\n","protected":false},"featured_media":405539,"template":"","meta":{"_acf_changed":false,"om_disable_all_campaigns":false,"rs_blank_template":"","rs_page_bg_color":"","slide_template_v7":"","inline_featured_image":false,"_monsterinsights_skip_tracking":false,"_monsterinsights_sitenote_active":false,"_monsterinsights_sitenote_note":"","_monsterinsights_sitenote_category":0},"product_brand":[],"product_cat":[90,540],"product_tag":[],"class_list":{"0":"post-405538","1":"product","2":"type-product","3":"status-publish","4":"has-post-thumbnail","6":"product_cat-altres","7":"product_cat-otros","9":"first","10":"instock","11":"taxable","12":"shipping-taxable","13":"purchasable","14":"product-type-simple"},"acf":{"autor":"MARGARIT, JOAN","codart":"848437588","libros-coleccion":"","ediciones":"1","encuadernacion":"Carton\u00e9","fecha_de_publicacion":"02\/04\/2009","novedad":"0","paginas":"109","subtitulo":"","orden":"999","portada":"0","idioma":"cat","editorial":[{"ID":148696,"post_author":"3","post_date":"2022-10-14 12:00:16","post_date_gmt":"2022-10-14 10:00:16","post_content":"","post_title":"PROA, S.A. EDICIONS","post_excerpt":"","post_status":"publish","comment_status":"closed","ping_status":"closed","post_password":"","post_name":"proa-s-a-edicions","to_ping":"","pinged":"","post_modified":"2022-10-14 12:00:16","post_modified_gmt":"2022-10-14 10:00:16","post_content_filtered":"","post_parent":0,"guid":"http:\/\/dev.claret.cat\/editorial\/proa-s-a-edicions\/","menu_order":0,"post_type":"editorial","post_mime_type":"","comment_count":"0","filter":"raw"}],"autores-libros":[{"ID":159357,"post_author":"3","post_date":"2022-10-14 15:44:11","post_date_gmt":"2022-10-14 13:44:11","post_content":"","post_title":"JOAN MARGARIT","post_excerpt":"","post_status":"publish","comment_status":"closed","ping_status":"closed","post_password":"","post_name":"joan-margarit","to_ping":"","pinged":"","post_modified":"2022-10-14 15:44:11","post_modified_gmt":"2022-10-14 13:44:11","post_content_filtered":"","post_parent":0,"guid":"http:\/\/dev.claret.cat\/autor\/joan-margarit\/","menu_order":0,"post_type":"autor","post_mime_type":"","comment_count":"0","filter":"raw"}]},"aioseo_notices":[],"_links":{"self":[{"href":"https:\/\/www.claret.cat\/es\/wp-json\/wp\/v2\/product\/405538","targetHints":{"allow":["GET"]}}],"collection":[{"href":"https:\/\/www.claret.cat\/es\/wp-json\/wp\/v2\/product"}],"about":[{"href":"https:\/\/www.claret.cat\/es\/wp-json\/wp\/v2\/types\/product"}],"wp:featuredmedia":[{"embeddable":true,"href":"https:\/\/www.claret.cat\/es\/wp-json\/wp\/v2\/media\/405539"}],"wp:attachment":[{"href":"https:\/\/www.claret.cat\/es\/wp-json\/wp\/v2\/media?parent=405538"}],"wp:term":[{"taxonomy":"product_brand","embeddable":true,"href":"https:\/\/www.claret.cat\/es\/wp-json\/wp\/v2\/product_brand?post=405538"},{"taxonomy":"product_cat","embeddable":true,"href":"https:\/\/www.claret.cat\/es\/wp-json\/wp\/v2\/product_cat?post=405538"},{"taxonomy":"product_tag","embeddable":true,"href":"https:\/\/www.claret.cat\/es\/wp-json\/wp\/v2\/product_tag?post=405538"}],"curies":[{"name":"wp","href":"https:\/\/api.w.org\/{rel}","templated":true}]}}