{"id":405603,"date":"2023-02-28T03:37:53","date_gmt":"2023-02-28T02:37:53","guid":{"rendered":"https:\/\/www.claret.cat\/llibre\/sonido-musica-y-espiritualidad-9788484453215\/"},"modified":"2023-02-28T03:38:05","modified_gmt":"2023-02-28T02:38:05","slug":"sonido-musica-y-espiritualidad-9788484453215","status":"publish","type":"product","link":"https:\/\/www.claret.cat\/es\/libro\/sonido-musica-y-espiritualidad-9788484453215\/","title":{"rendered":"SONIDO, M\u00daSICA Y ESPIRITUALIDAD"},"content":{"rendered":"<p>Este libro es una b\u00fasqueda exploratoria, un intento del autor (m\u00fasico, ingeniero e investigador) por descubrir y analizar por qu\u00e9 el sonido y la m\u00fasica nos afectan de una forma tan especial e intensa, y c\u00f3mo pueden sernos \u00fatiles para avanzar en nuestro ca<\/p>\n","protected":false},"excerpt":{"rendered":"<p>JAUSET BERROCAL, JORDI \u00c0N<\/p>\n","protected":false},"featured_media":405604,"template":"","meta":{"_acf_changed":false,"om_disable_all_campaigns":false,"rs_blank_template":"","rs_page_bg_color":"","slide_template_v7":"","inline_featured_image":false,"_monsterinsights_skip_tracking":false,"_monsterinsights_sitenote_active":false,"_monsterinsights_sitenote_note":"","_monsterinsights_sitenote_category":0},"product_brand":[],"product_cat":[82,348],"product_tag":[],"class_list":{"0":"post-405603","1":"product","2":"type-product","3":"status-publish","4":"has-post-thumbnail","6":"product_cat-pedagogia","7":"product_cat-pedagogia-2_humanidades","9":"first","10":"instock","11":"taxable","12":"shipping-taxable","13":"purchasable","14":"product-type-simple"},"acf":{"autor":"JAUSET BERROCAL, JORDI \u00c0N","codart":"848445321","libros-coleccion":"","ediciones":"1","encuadernacion":"R\u00fastica","fecha_de_publicacion":"01\/09\/2010","novedad":"0","paginas":"192","subtitulo":"UN CAMINO CIENT\u00cdFICO HACIA LA UNIDAD","orden":"999","portada":"0","idioma":"spa","editorial":[{"ID":148188,"post_author":"3","post_date":"2022-10-14 11:56:19","post_date_gmt":"2022-10-14 09:56:19","post_content":"","post_title":"GAIA, EDICIONES","post_excerpt":"","post_status":"publish","comment_status":"closed","ping_status":"closed","post_password":"","post_name":"gaia-ediciones-2","to_ping":"","pinged":"","post_modified":"2022-10-14 11:56:19","post_modified_gmt":"2022-10-14 09:56:19","post_content_filtered":"","post_parent":0,"guid":"http:\/\/dev.claret.cat\/editorial\/gaia-ediciones-2\/","menu_order":0,"post_type":"editorial","post_mime_type":"","comment_count":"0","filter":"raw"}],"autores-libros":[{"ID":405602,"post_author":"3","post_date":"2023-02-28 03:37:43","post_date_gmt":"2023-02-28 02:37:43","post_content":"","post_title":"JORDI \u00c0NGEL JAUSET BERROCAL","post_excerpt":"","post_status":"publish","comment_status":"closed","ping_status":"closed","post_password":"","post_name":"jordi-angel-jauset-berrocal","to_ping":"","pinged":"","post_modified":"2023-02-28 03:37:43","post_modified_gmt":"2023-02-28 02:37:43","post_content_filtered":"","post_parent":0,"guid":"https:\/\/www.claret.cat\/autor\/jordi-angel-jauset-berrocal\/","menu_order":0,"post_type":"autor","post_mime_type":"","comment_count":"0","filter":"raw"}]},"aioseo_notices":[],"_links":{"self":[{"href":"https:\/\/www.claret.cat\/es\/wp-json\/wp\/v2\/product\/405603","targetHints":{"allow":["GET"]}}],"collection":[{"href":"https:\/\/www.claret.cat\/es\/wp-json\/wp\/v2\/product"}],"about":[{"href":"https:\/\/www.claret.cat\/es\/wp-json\/wp\/v2\/types\/product"}],"wp:featuredmedia":[{"embeddable":true,"href":"https:\/\/www.claret.cat\/es\/wp-json\/wp\/v2\/media\/405604"}],"wp:attachment":[{"href":"https:\/\/www.claret.cat\/es\/wp-json\/wp\/v2\/media?parent=405603"}],"wp:term":[{"taxonomy":"product_brand","embeddable":true,"href":"https:\/\/www.claret.cat\/es\/wp-json\/wp\/v2\/product_brand?post=405603"},{"taxonomy":"product_cat","embeddable":true,"href":"https:\/\/www.claret.cat\/es\/wp-json\/wp\/v2\/product_cat?post=405603"},{"taxonomy":"product_tag","embeddable":true,"href":"https:\/\/www.claret.cat\/es\/wp-json\/wp\/v2\/product_tag?post=405603"}],"curies":[{"name":"wp","href":"https:\/\/api.w.org\/{rel}","templated":true}]}}