{"id":405730,"date":"2023-02-28T04:01:22","date_gmt":"2023-02-28T03:01:22","guid":{"rendered":"https:\/\/www.claret.cat\/llibre\/guia-catedral-de-tarragona-9788484788751\/"},"modified":"2026-04-07T17:20:33","modified_gmt":"2026-04-07T15:20:33","slug":"guia-catedral-de-tarragona-9788484788751","status":"publish","type":"product","link":"https:\/\/www.claret.cat\/es\/libro\/guia-catedral-de-tarragona-9788484788751\/","title":{"rendered":"GUIA CATEDRAL DE TARRAGONA"},"content":{"rendered":"<p>La Catedral Metropolitana i Primada de Tarragona, dedicada a santa Tecla, pot ser classificada per estil com a protog\u00f2tica i vinculada en els seus principis amb el rom\u00e0nic. La seva solidesa arquitect\u00f2nica, severa eleg\u00e0ncia, colossal tra\u00e7a i riquesa ornamental enalteixen aquest recinte on els diferents estils i llurs singulars obres art\u00edstiques reflecteixen l&#8217;excel\u00b7l\u00e8ncia d&#8217;aquest emblem\u00e0tic espai de culte. Atesa la seva grandiositat i harmonia estructural, \u00e9s considerada com la m\u00e9s important catedral g\u00f2tica de Catalunya.<\/p>\n","protected":false},"excerpt":{"rendered":"<p>PUIG CASTELLANO, JORDI \/ MART\u00cdNEZ SUB\u00cdAS, ANTONIO PEDRO<\/p>\n","protected":false},"featured_media":963208,"template":"","meta":{"_acf_changed":false,"om_disable_all_campaigns":false,"rs_blank_template":"","rs_page_bg_color":"","slide_template_v7":"","inline_featured_image":false,"_monsterinsights_skip_tracking":false,"_monsterinsights_sitenote_active":false,"_monsterinsights_sitenote_note":"","_monsterinsights_sitenote_category":0},"product_brand":[],"product_cat":[557,107,85,351],"product_tag":[],"class_list":{"0":"post-405730","1":"product","2":"type-product","3":"status-publish","4":"has-post-thumbnail","6":"product_cat-guias-de-viaje","7":"product_cat-guies-de-viatge","8":"product_cat-historia","9":"product_cat-historia-2_humanidades","11":"first","12":"instock","13":"taxable","14":"shipping-taxable","15":"purchasable","16":"product-type-simple"},"acf":{"autor":"PUIG CASTELLANO, JORDI \/ MART\u00cdNEZ SUB\u00cdAS, ANTONIO PEDRO","codart":"848478875","libros-coleccion":"Guies","ediciones":"1","encuadernacion":"R\u00fastica","fecha_de_publicacion":"01\/07\/2019","novedad":"1","paginas":"160","subtitulo":"","orden":"0","portada":"0","idioma":"cat","editorial":[{"ID":148898,"post_author":"3","post_date":"2022-10-14 12:01:51","post_date_gmt":"2022-10-14 10:01:51","post_content":"","post_title":"TRIANGLE POSTALS","post_excerpt":"","post_status":"publish","comment_status":"closed","ping_status":"closed","post_password":"","post_name":"triangle-postals","to_ping":"","pinged":"","post_modified":"2022-10-14 12:01:51","post_modified_gmt":"2022-10-14 10:01:51","post_content_filtered":"","post_parent":0,"guid":"http:\/\/dev.claret.cat\/editorial\/triangle-postals\/","menu_order":0,"post_type":"editorial","post_mime_type":"","comment_count":"0","filter":"raw"}],"autores-libros":[{"ID":159985,"post_author":"3","post_date":"2022-10-14 15:49:21","post_date_gmt":"2022-10-14 13:49:21","post_content":"","post_title":"JORDI PUIG CASTELLANO","post_excerpt":"","post_status":"publish","comment_status":"closed","ping_status":"closed","post_password":"","post_name":"jordi-puig-castellano","to_ping":"","pinged":"","post_modified":"2022-10-14 15:49:21","post_modified_gmt":"2022-10-14 13:49:21","post_content_filtered":"","post_parent":0,"guid":"http:\/\/dev.claret.cat\/autor\/jordi-puig-castellano\/","menu_order":0,"post_type":"autor","post_mime_type":"","comment_count":"0","filter":"raw"},{"ID":150986,"post_author":"3","post_date":"2022-10-14 14:37:18","post_date_gmt":"2022-10-14 12:37:18","post_content":"","post_title":"ANTONIO PEDRO MART\u00cdNEZ SUB\u00cdAS","post_excerpt":"","post_status":"publish","comment_status":"closed","ping_status":"closed","post_password":"","post_name":"antonio-pedro-martinez-subias","to_ping":"","pinged":"","post_modified":"2022-10-14 14:37:18","post_modified_gmt":"2022-10-14 12:37:18","post_content_filtered":"","post_parent":0,"guid":"http:\/\/dev.claret.cat\/autor\/antonio-pedro-martinez-subias\/","menu_order":0,"post_type":"autor","post_mime_type":"","comment_count":"0","filter":"raw"}],"booktrailer":"","resenas":""},"aioseo_notices":[],"_links":{"self":[{"href":"https:\/\/www.claret.cat\/es\/wp-json\/wp\/v2\/product\/405730","targetHints":{"allow":["GET"]}}],"collection":[{"href":"https:\/\/www.claret.cat\/es\/wp-json\/wp\/v2\/product"}],"about":[{"href":"https:\/\/www.claret.cat\/es\/wp-json\/wp\/v2\/types\/product"}],"wp:featuredmedia":[{"embeddable":true,"href":"https:\/\/www.claret.cat\/es\/wp-json\/wp\/v2\/media\/963208"}],"wp:attachment":[{"href":"https:\/\/www.claret.cat\/es\/wp-json\/wp\/v2\/media?parent=405730"}],"wp:term":[{"taxonomy":"product_brand","embeddable":true,"href":"https:\/\/www.claret.cat\/es\/wp-json\/wp\/v2\/product_brand?post=405730"},{"taxonomy":"product_cat","embeddable":true,"href":"https:\/\/www.claret.cat\/es\/wp-json\/wp\/v2\/product_cat?post=405730"},{"taxonomy":"product_tag","embeddable":true,"href":"https:\/\/www.claret.cat\/es\/wp-json\/wp\/v2\/product_tag?post=405730"}],"curies":[{"name":"wp","href":"https:\/\/api.w.org\/{rel}","templated":true}]}}