{"id":405816,"date":"2023-02-28T04:19:09","date_gmt":"2023-02-28T03:19:09","guid":{"rendered":"https:\/\/www.claret.cat\/llibre\/els-tresors-del-bosc-9788487334733\/"},"modified":"2023-02-28T04:19:21","modified_gmt":"2023-02-28T03:19:21","slug":"els-tresors-del-bosc-9788487334733","status":"publish","type":"product","link":"https:\/\/www.claret.cat\/es\/libro\/els-tresors-del-bosc-9788487334733\/","title":{"rendered":"ELS TRESORS DEL BOSC"},"content":{"rendered":"<p>Quan en Robert surt amb el seu avi a buscar els tresors del bosc, no sap que el que hi trobar\u00e0 \u00e9s molt m\u00e9s meravell\u00f3s del que mai hagu\u00e9s pogut imaginar&#8230; Secci\u00f3 de coneixements sobre els boscos<\/p>\n","protected":false},"excerpt":{"rendered":"<p>MART\u00cd I BERTRAN, PERE<\/p>\n","protected":false},"featured_media":405817,"template":"","meta":{"_acf_changed":false,"om_disable_all_campaigns":false,"rs_blank_template":"","rs_page_bg_color":"","slide_template_v7":"","inline_featured_image":false,"_monsterinsights_skip_tracking":false,"_monsterinsights_sitenote_active":false,"_monsterinsights_sitenote_note":"","_monsterinsights_sitenote_category":0},"product_brand":[],"product_cat":[86,352],"product_tag":[],"class_list":{"0":"post-405816","1":"product","2":"type-product","3":"status-publish","4":"has-post-thumbnail","6":"product_cat-infantil","7":"product_cat-infantil-3_infantil-juvenil-spa","9":"first","10":"instock","11":"taxable","12":"shipping-taxable","13":"purchasable","14":"product-type-simple"},"acf":{"autor":"MART\u00cd I BERTRAN, PERE","codart":"848733473","libros-coleccion":"","ediciones":"1","encuadernacion":"R\u00fastica","fecha_de_publicacion":"01\/02\/2005","novedad":"1","paginas":"64","subtitulo":"","orden":"0","portada":"0","idioma":"cat","autores-libros":[{"ID":167033,"post_author":"3","post_date":"2022-10-14 18:08:00","post_date_gmt":"2022-10-14 16:08:00","post_content":"","post_title":"PERE MARTI I BERTRAN","post_excerpt":"","post_status":"publish","comment_status":"closed","ping_status":"closed","post_password":"","post_name":"pere-marti-i-bertran","to_ping":"","pinged":"","post_modified":"2022-10-14 18:08:00","post_modified_gmt":"2022-10-14 16:08:00","post_content_filtered":"","post_parent":0,"guid":"http:\/\/dev.claret.cat\/autor\/pere-marti-i-bertran\/","menu_order":0,"post_type":"autor","post_mime_type":"","comment_count":"0","filter":"raw"}]},"aioseo_notices":[],"_links":{"self":[{"href":"https:\/\/www.claret.cat\/es\/wp-json\/wp\/v2\/product\/405816","targetHints":{"allow":["GET"]}}],"collection":[{"href":"https:\/\/www.claret.cat\/es\/wp-json\/wp\/v2\/product"}],"about":[{"href":"https:\/\/www.claret.cat\/es\/wp-json\/wp\/v2\/types\/product"}],"wp:featuredmedia":[{"embeddable":true,"href":"https:\/\/www.claret.cat\/es\/wp-json\/wp\/v2\/media\/405817"}],"wp:attachment":[{"href":"https:\/\/www.claret.cat\/es\/wp-json\/wp\/v2\/media?parent=405816"}],"wp:term":[{"taxonomy":"product_brand","embeddable":true,"href":"https:\/\/www.claret.cat\/es\/wp-json\/wp\/v2\/product_brand?post=405816"},{"taxonomy":"product_cat","embeddable":true,"href":"https:\/\/www.claret.cat\/es\/wp-json\/wp\/v2\/product_cat?post=405816"},{"taxonomy":"product_tag","embeddable":true,"href":"https:\/\/www.claret.cat\/es\/wp-json\/wp\/v2\/product_tag?post=405816"}],"curies":[{"name":"wp","href":"https:\/\/api.w.org\/{rel}","templated":true}]}}