{"id":405862,"date":"2023-02-28T04:28:00","date_gmt":"2023-02-28T03:28:00","guid":{"rendered":"https:\/\/www.claret.cat\/llibre\/de-verdad-que-no-podia-9788488342317\/"},"modified":"2023-02-28T04:28:11","modified_gmt":"2023-02-28T03:28:11","slug":"de-verdad-que-no-podia-9788488342317","status":"publish","type":"product","link":"https:\/\/www.claret.cat\/es\/libro\/de-verdad-que-no-podia-9788488342317\/","title":{"rendered":"DE VERDAD QUE NO POD\u00cdA"},"content":{"rendered":"<p>Marc quer\u00eda dormir. De verdad que quer\u00eda. Pero ten\u00eda muchos miedos y de verdad que no pod\u00eda. Su mam\u00e1 prob\u00f3 esto y lo otro y aquello tambi\u00e9n. Hasta que al fin&#8230;<\/p>\n","protected":false},"excerpt":{"rendered":"<p>KESELMAN, GABRIELA<\/p>\n","protected":false},"featured_media":405863,"template":"","meta":{"_acf_changed":false,"om_disable_all_campaigns":false,"rs_blank_template":"","rs_page_bg_color":"","slide_template_v7":"","inline_featured_image":false,"_monsterinsights_skip_tracking":false,"_monsterinsights_sitenote_active":false,"_monsterinsights_sitenote_note":"","_monsterinsights_sitenote_category":0},"product_brand":[],"product_cat":[352,86],"product_tag":[],"class_list":{"0":"post-405862","1":"product","2":"type-product","3":"status-publish","4":"has-post-thumbnail","6":"product_cat-infantil-3_infantil-juvenil-spa","7":"product_cat-infantil","9":"first","10":"outofstock","11":"taxable","12":"shipping-taxable","13":"purchasable","14":"product-type-simple"},"acf":{"autor":"KESELMAN, GABRIELA","codart":"848834231","libros-coleccion":"","ediciones":"1","encuadernacion":"Carton\u00e9","fecha_de_publicacion":"16\/03\/2016","novedad":"0","paginas":"40","subtitulo":"","orden":"999","portada":"0","idioma":"spa","editorial":[{"ID":148338,"post_author":"3","post_date":"2022-10-14 11:57:28","post_date_gmt":"2022-10-14 09:57:28","post_content":"","post_title":"KOKINOS, EDITORIAL","post_excerpt":"","post_status":"publish","comment_status":"closed","ping_status":"closed","post_password":"","post_name":"kokinos-editorial","to_ping":"","pinged":"","post_modified":"2022-10-14 11:57:28","post_modified_gmt":"2022-10-14 09:57:28","post_content_filtered":"","post_parent":0,"guid":"http:\/\/dev.claret.cat\/editorial\/kokinos-editorial\/","menu_order":0,"post_type":"editorial","post_mime_type":"","comment_count":"0","filter":"raw"}],"autores-libros":[{"ID":156550,"post_author":"3","post_date":"2022-10-14 15:21:42","post_date_gmt":"2022-10-14 13:21:42","post_content":"","post_title":"GABRIELA KESELMAN","post_excerpt":"","post_status":"publish","comment_status":"closed","ping_status":"closed","post_password":"","post_name":"gabriela-keselman","to_ping":"","pinged":"","post_modified":"2022-10-14 15:21:42","post_modified_gmt":"2022-10-14 13:21:42","post_content_filtered":"","post_parent":0,"guid":"http:\/\/dev.claret.cat\/autor\/gabriela-keselman\/","menu_order":0,"post_type":"autor","post_mime_type":"","comment_count":"0","filter":"raw"}]},"aioseo_notices":[],"_links":{"self":[{"href":"https:\/\/www.claret.cat\/es\/wp-json\/wp\/v2\/product\/405862","targetHints":{"allow":["GET"]}}],"collection":[{"href":"https:\/\/www.claret.cat\/es\/wp-json\/wp\/v2\/product"}],"about":[{"href":"https:\/\/www.claret.cat\/es\/wp-json\/wp\/v2\/types\/product"}],"wp:featuredmedia":[{"embeddable":true,"href":"https:\/\/www.claret.cat\/es\/wp-json\/wp\/v2\/media\/405863"}],"wp:attachment":[{"href":"https:\/\/www.claret.cat\/es\/wp-json\/wp\/v2\/media?parent=405862"}],"wp:term":[{"taxonomy":"product_brand","embeddable":true,"href":"https:\/\/www.claret.cat\/es\/wp-json\/wp\/v2\/product_brand?post=405862"},{"taxonomy":"product_cat","embeddable":true,"href":"https:\/\/www.claret.cat\/es\/wp-json\/wp\/v2\/product_cat?post=405862"},{"taxonomy":"product_tag","embeddable":true,"href":"https:\/\/www.claret.cat\/es\/wp-json\/wp\/v2\/product_tag?post=405862"}],"curies":[{"name":"wp","href":"https:\/\/api.w.org\/{rel}","templated":true}]}}