{"id":405927,"date":"2023-02-28T04:41:31","date_gmt":"2023-02-28T03:41:31","guid":{"rendered":"https:\/\/www.claret.cat\/llibre\/jesus-es-el-senor-tercer-cuaderno-9788488445872\/"},"modified":"2025-10-13T18:25:50","modified_gmt":"2025-10-13T16:25:50","slug":"jesus-es-el-senor-tercer-cuaderno-9788488445872","status":"publish","type":"product","link":"https:\/\/www.claret.cat\/es\/libro\/jesus-es-el-senor-tercer-cuaderno-9788488445872\/","title":{"rendered":"JESUS ES EL SE\u00d1OR. TERCER CUADERNO"},"content":{"rendered":"<p>Tercer Cuaderno de actividades para trabajar la catequesi de postcomuni\u00f3. Este cuaderno te guiar\u00e1 vivir segundo el estilo de Jes\u00fas, tal y como el Catecisma nos explica. Compartir\u00e1s en grupo la amistad con Jes\u00fas, descubrir\u00e1s que, juntos, pod\u00e9is hacer muchas cosas porque nuestro mundo sea m\u00e1s guapo y fraterno, porque otras puedan conocer Jes\u00fas y participar en la gran aventura de ser sus amigos.<\/p>\n","protected":false},"excerpt":{"rendered":"<p>SECRETARIAT INTERDIOCESA<\/p>\n","protected":false},"featured_media":1059009,"template":"","meta":{"_acf_changed":false,"om_disable_all_campaigns":false,"rs_blank_template":"","rs_page_bg_color":"","slide_template_v7":"","inline_featured_image":false,"_monsterinsights_skip_tracking":false,"_monsterinsights_sitenote_active":false,"_monsterinsights_sitenote_note":"","_monsterinsights_sitenote_category":0},"product_brand":[],"product_cat":[90,540],"product_tag":[],"class_list":{"0":"post-405927","1":"product","2":"type-product","3":"status-publish","4":"has-post-thumbnail","6":"product_cat-altres","7":"product_cat-otros","9":"first","10":"outofstock","11":"taxable","12":"shipping-taxable","13":"purchasable","14":"product-type-simple"},"acf":{"autor":"SECRETARIAT INTERDIOCESA","codart":"848844587","libros-coleccion":"","ediciones":"1","encuadernacion":"Carpeta","fecha_de_publicacion":"01\/09\/2011","novedad":"0","paginas":"55","subtitulo":"","orden":"999","portada":"0","idioma":"spa","editorial":[{"ID":148797,"post_author":"3","post_date":"2022-10-14 12:01:04","post_date_gmt":"2022-10-14 10:01:04","post_content":"","post_title":"SECRETARIAT INTERDIOCES\u00c0 DE CATEQUESI","post_excerpt":"","post_status":"publish","comment_status":"closed","ping_status":"closed","post_password":"","post_name":"secretariat-interdiocesa-de-catequesi","to_ping":"","pinged":"","post_modified":"2022-10-14 12:01:04","post_modified_gmt":"2022-10-14 10:01:04","post_content_filtered":"","post_parent":0,"guid":"http:\/\/dev.claret.cat\/editorial\/secretariat-interdiocesa-de-catequesi\/","menu_order":0,"post_type":"editorial","post_mime_type":"","comment_count":"0","filter":"raw"}],"autores-libros":[{"ID":6026,"post_author":"3","post_date":"2022-07-28 17:36:35","post_date_gmt":"2022-07-28 15:36:35","post_content":"","post_title":"SECRETARIAT INTERDIOCESA","post_excerpt":"","post_status":"publish","comment_status":"closed","ping_status":"closed","post_password":"","post_name":"secretariat-interdiocesa","to_ping":"","pinged":"","post_modified":"2022-07-28 17:36:35","post_modified_gmt":"2022-07-28 15:36:35","post_content_filtered":"","post_parent":0,"guid":"http:\/\/dev.claret.cat\/autor\/secretariat-interdiocesa\/","menu_order":0,"post_type":"autor","post_mime_type":"","comment_count":"0","filter":"raw"}],"booktrailer":"","resenas":""},"aioseo_notices":[],"_links":{"self":[{"href":"https:\/\/www.claret.cat\/es\/wp-json\/wp\/v2\/product\/405927","targetHints":{"allow":["GET"]}}],"collection":[{"href":"https:\/\/www.claret.cat\/es\/wp-json\/wp\/v2\/product"}],"about":[{"href":"https:\/\/www.claret.cat\/es\/wp-json\/wp\/v2\/types\/product"}],"wp:featuredmedia":[{"embeddable":true,"href":"https:\/\/www.claret.cat\/es\/wp-json\/wp\/v2\/media\/1059009"}],"wp:attachment":[{"href":"https:\/\/www.claret.cat\/es\/wp-json\/wp\/v2\/media?parent=405927"}],"wp:term":[{"taxonomy":"product_brand","embeddable":true,"href":"https:\/\/www.claret.cat\/es\/wp-json\/wp\/v2\/product_brand?post=405927"},{"taxonomy":"product_cat","embeddable":true,"href":"https:\/\/www.claret.cat\/es\/wp-json\/wp\/v2\/product_cat?post=405927"},{"taxonomy":"product_tag","embeddable":true,"href":"https:\/\/www.claret.cat\/es\/wp-json\/wp\/v2\/product_tag?post=405927"}],"curies":[{"name":"wp","href":"https:\/\/api.w.org\/{rel}","templated":true}]}}