{"id":40596,"date":"2022-10-02T19:27:14","date_gmt":"2022-10-02T17:27:14","guid":{"rendered":"http:\/\/dev.claret.cat\/producte\/a-la-vora-de-la-mar\/"},"modified":"2023-10-06T10:15:29","modified_gmt":"2023-10-06T08:15:29","slug":"a-la-vora-de-la-mar-9788419013033","status":"publish","type":"product","link":"https:\/\/www.claret.cat\/es\/libro\/a-la-vora-de-la-mar-9788419013033\/","title":{"rendered":"A LA VORA DE LA MAR"},"content":{"rendered":"<p>Una commovedora hist\u00f2ria sobre l&#8217;exili, l&#8217;amor i la tra\u00efci\u00f3, del Premi Nobel de Literatura del 2021. Fugint de la m\u00edtica illa de Zanz\u00edbar, terra de mercaders de perfums i  esp\u00e8cies bressolada pels monsons, Saleh Omar, un comerciant de  seixanta-cinc anys, arriba a l&#8217;aeroport de Gatwick amb una caixa de  caoba plena d&#8217;encens i un passaport fals. Per comunicar-s&#8217;hi, els  serveis socials recorren a Latif Mahmud, un poeta expert en suahili,  professor i exiliat voluntari, que viu pl\u00e0cidament en un apartament de Londres. Quan tots dos homes es troben en una petita ciutat al costat del mar,  una llarga hist\u00f2ria d&#8217;amors i de tra\u00efcions, de seduccions i de decepci\u00f3,  de despla\u00e7aments i de litigis atzarosos, encetats molt de temps enrere, comen\u00e7a a desembullar-se. La cr\u00edtica ha dit:<br \/>\u00ab\u00c9s estrany que, en obrir un llibre, descobreixis que amaga els trets  fascinants d&#8217;una hist\u00f2ria d&#8217;amor. [&#8230;] I mentre llegeixes, amb prou  feines t&#8217;atreveixes a respirar per por de trencar l&#8217;encanteri.\u00bb<br \/>The Times \u00abUn manifest po\u00e8tic contra la tirania del llenguatge quan es fa servir com una eina dels estats.\u00bb<br \/>The Observer \u00abUna novel\u00b7la absorbent, plena d&#8217;observacions encertades sobre el  racisme, l&#8221;imperialisme i el desconeixement de les realitats africanes.\u00bb<br \/>The New York Times<\/p>\n","protected":false},"excerpt":{"rendered":"<p>GURNAH, ABDULRAZAK<\/p>\n","protected":false},"featured_media":453019,"template":"","meta":{"_acf_changed":false,"om_disable_all_campaigns":false,"rs_blank_template":"","rs_page_bg_color":"","slide_template_v7":"","inline_featured_image":false,"_monsterinsights_skip_tracking":false,"_monsterinsights_sitenote_active":false,"_monsterinsights_sitenote_note":"","_monsterinsights_sitenote_category":0},"product_brand":[],"product_cat":[127],"product_tag":[],"class_list":{"0":"post-40596","1":"product","2":"type-product","3":"status-publish","4":"has-post-thumbnail","6":"product_cat-novella-contemporania","8":"first","9":"instock","10":"taxable","11":"shipping-taxable","12":"purchasable","13":"product-type-simple"},"acf":{"autor":"GURNAH, ABDULRAZAK","codart":"841901303","libros-coleccion":"LES ALES ESTESES","ediciones":"1","encuadernacion":"R\u00fastica","fecha_de_publicacion":"01\/03\/2022","novedad":"1","paginas":"284","subtitulo":"PREMI NOBEL DE LITERATURA 2021","orden":"0","portada":"0","idioma":"cat","editorial":[{"ID":6278,"post_author":"3","post_date":"2022-07-28 17:48:46","post_date_gmt":"2022-07-28 15:48:46","post_content":"","post_title":"La Magrana","post_excerpt":"","post_status":"publish","comment_status":"closed","ping_status":"closed","post_password":"","post_name":"la-magrana","to_ping":"","pinged":"","post_modified":"2022-07-28 17:48:46","post_modified_gmt":"2022-07-28 15:48:46","post_content_filtered":"","post_parent":0,"guid":"http:\/\/dev.claret.cat\/editorial\/la-magrana\/","menu_order":0,"post_type":"editorial","post_mime_type":"","comment_count":"0","filter":"raw"}],"autores-libros":[{"ID":149063,"post_author":"3","post_date":"2022-10-14 14:21:51","post_date_gmt":"2022-10-14 12:21:51","post_content":"","post_title":"ABDULRAZAK GURNAH","post_excerpt":"","post_status":"publish","comment_status":"closed","ping_status":"closed","post_password":"","post_name":"abdulrazak-gurnah","to_ping":"","pinged":"","post_modified":"2022-10-14 14:21:51","post_modified_gmt":"2022-10-14 12:21:51","post_content_filtered":"","post_parent":0,"guid":"http:\/\/dev.claret.cat\/autor\/abdulrazak-gurnah\/","menu_order":0,"post_type":"autor","post_mime_type":"","comment_count":"0","filter":"raw"}]},"aioseo_notices":[],"_links":{"self":[{"href":"https:\/\/www.claret.cat\/es\/wp-json\/wp\/v2\/product\/40596","targetHints":{"allow":["GET"]}}],"collection":[{"href":"https:\/\/www.claret.cat\/es\/wp-json\/wp\/v2\/product"}],"about":[{"href":"https:\/\/www.claret.cat\/es\/wp-json\/wp\/v2\/types\/product"}],"wp:featuredmedia":[{"embeddable":true,"href":"https:\/\/www.claret.cat\/es\/wp-json\/wp\/v2\/media\/453019"}],"wp:attachment":[{"href":"https:\/\/www.claret.cat\/es\/wp-json\/wp\/v2\/media?parent=40596"}],"wp:term":[{"taxonomy":"product_brand","embeddable":true,"href":"https:\/\/www.claret.cat\/es\/wp-json\/wp\/v2\/product_brand?post=40596"},{"taxonomy":"product_cat","embeddable":true,"href":"https:\/\/www.claret.cat\/es\/wp-json\/wp\/v2\/product_cat?post=40596"},{"taxonomy":"product_tag","embeddable":true,"href":"https:\/\/www.claret.cat\/es\/wp-json\/wp\/v2\/product_tag?post=40596"}],"curies":[{"name":"wp","href":"https:\/\/api.w.org\/{rel}","templated":true}]}}