{"id":405982,"date":"2023-02-28T04:46:37","date_gmt":"2023-02-28T03:46:37","guid":{"rendered":"https:\/\/www.claret.cat\/llibre\/en-josepet-de-sant-celoni-9788488839954\/"},"modified":"2023-02-28T04:46:43","modified_gmt":"2023-02-28T03:46:43","slug":"en-josepet-de-sant-celoni-9788488839954","status":"publish","type":"product","link":"https:\/\/www.claret.cat\/es\/libro\/en-josepet-de-sant-celoni-9788488839954\/","title":{"rendered":"EN JOSEPET DE SANT CELONI"},"content":{"rendered":"<p>En Josepet de Sant Celoni \u00e9s el fill, probablement, d&#8221;un secretari d&#8221;ajuntament caracteritzat pels seus pocs escr\u00fapols amb el diner p\u00fablic. Despr\u00e9s d&#8221;explicar-nos les circumst\u00e0ncies del seu naixement i de la seva peculiar educaci\u00f3, la novel?la segueix les perip\u00e8cies del protagonista i els seus diversos oficis, que inclouen un viatge per Espanya com a venedor de comer\u00e7. Finalment, els seus negocis poc clars li permetran passar a ser, de Josepet, a Don Josep. Ser\u00e0 aleshores que podr\u00e0 culminar la seva ascensi\u00f3 social, i la seva fortuna personal, com a regidor de l&#8221;Ajuntament de Barcelona per la Solidaritat Catalana, encarregat del clavegueram.<\/p>\n","protected":false},"excerpt":{"rendered":"<p>RUSI\u00d1OL, SANTIAGO<\/p>\n","protected":false},"featured_media":405983,"template":"","meta":{"_acf_changed":false,"om_disable_all_campaigns":false,"rs_blank_template":"","rs_page_bg_color":"","slide_template_v7":"","inline_featured_image":false,"_monsterinsights_skip_tracking":false,"_monsterinsights_sitenote_active":false,"_monsterinsights_sitenote_note":"","_monsterinsights_sitenote_category":0},"product_brand":[],"product_cat":[353,87],"product_tag":[],"class_list":{"0":"post-405982","1":"product","2":"type-product","3":"status-publish","4":"has-post-thumbnail","6":"product_cat-literatura-2_humanidades","7":"product_cat-literatura","9":"first","10":"instock","11":"taxable","12":"shipping-taxable","13":"purchasable","14":"product-type-simple"},"acf":{"autor":"RUSI\u00d1OL, SANTIAGO","codart":"848883995","libros-coleccion":"","ediciones":"1","encuadernacion":"R\u00fastica","fecha_de_publicacion":"01\/02\/2016","novedad":"0","paginas":"168","subtitulo":"","orden":"999","portada":"0","idioma":"cat","editorial":[{"ID":148406,"post_author":"3","post_date":"2022-10-14 11:58:00","post_date_gmt":"2022-10-14 09:58:00","post_content":"","post_title":"L'AVENC, S.L.","post_excerpt":"","post_status":"publish","comment_status":"closed","ping_status":"closed","post_password":"","post_name":"lavenc-s-l","to_ping":"","pinged":"","post_modified":"2022-10-14 11:58:00","post_modified_gmt":"2022-10-14 09:58:00","post_content_filtered":"","post_parent":0,"guid":"http:\/\/dev.claret.cat\/editorial\/lavenc-s-l\/","menu_order":0,"post_type":"editorial","post_mime_type":"","comment_count":"0","filter":"raw"}],"autores-libros":[{"ID":169065,"post_author":"3","post_date":"2022-10-14 22:24:12","post_date_gmt":"2022-10-14 20:24:12","post_content":"","post_title":"SANTIAGO RUSI\u00d1OL","post_excerpt":"","post_status":"publish","comment_status":"closed","ping_status":"closed","post_password":"","post_name":"santiago-rusinol","to_ping":"","pinged":"","post_modified":"2022-10-14 22:24:12","post_modified_gmt":"2022-10-14 20:24:12","post_content_filtered":"","post_parent":0,"guid":"http:\/\/dev.claret.cat\/autor\/santiago-rusinol\/","menu_order":0,"post_type":"autor","post_mime_type":"","comment_count":"0","filter":"raw"}]},"aioseo_notices":[],"_links":{"self":[{"href":"https:\/\/www.claret.cat\/es\/wp-json\/wp\/v2\/product\/405982","targetHints":{"allow":["GET"]}}],"collection":[{"href":"https:\/\/www.claret.cat\/es\/wp-json\/wp\/v2\/product"}],"about":[{"href":"https:\/\/www.claret.cat\/es\/wp-json\/wp\/v2\/types\/product"}],"wp:featuredmedia":[{"embeddable":true,"href":"https:\/\/www.claret.cat\/es\/wp-json\/wp\/v2\/media\/405983"}],"wp:attachment":[{"href":"https:\/\/www.claret.cat\/es\/wp-json\/wp\/v2\/media?parent=405982"}],"wp:term":[{"taxonomy":"product_brand","embeddable":true,"href":"https:\/\/www.claret.cat\/es\/wp-json\/wp\/v2\/product_brand?post=405982"},{"taxonomy":"product_cat","embeddable":true,"href":"https:\/\/www.claret.cat\/es\/wp-json\/wp\/v2\/product_cat?post=405982"},{"taxonomy":"product_tag","embeddable":true,"href":"https:\/\/www.claret.cat\/es\/wp-json\/wp\/v2\/product_tag?post=405982"}],"curies":[{"name":"wp","href":"https:\/\/api.w.org\/{rel}","templated":true}]}}