{"id":406272,"date":"2023-02-28T05:06:29","date_gmt":"2023-02-28T04:06:29","guid":{"rendered":"https:\/\/www.claret.cat\/llibre\/relato-de-un-naufrago-9788490323762\/"},"modified":"2023-02-28T05:06:35","modified_gmt":"2023-02-28T04:06:35","slug":"relato-de-un-naufrago-9788490323762","status":"publish","type":"product","link":"https:\/\/www.claret.cat\/es\/libro\/relato-de-un-naufrago-9788490323762\/","title":{"rendered":"RELATO DE UN N\u00c1UFRAGO"},"content":{"rendered":"<p>\u00c9ste deb\u00eda ser el reportaje sobre un hombre, Luis Alejandro Velasco, que estuvo diez d\u00edas a la deriva en una balsa mecida por el mar Caribe. El entonces joven periodista de El Espectador de Bogot\u00e1 escuch\u00f3 el relato de los hechos de boca de su protagonista, y lo transform\u00f3, tal vez sin pretenderlo, en un prodigioso ejercicio literario, una narraci\u00f3n escueta y vigorosa donde late el pulso de un gran escritor. La publicaci\u00f3n por entregas del reportaje en 1955 supuso un alboroto pol\u00edtico considerable -se revelaba la existencia de contrabando ilegal en un buque de la Armada colombiana, lo que cost\u00f3 la vida de siete marineros y el naufragio, m\u00e1s afortunado, de Velasco- y el exilio para su autor, que se vio abocado a una nueva vida.<br \/> \u00abMi libro preferido, y el primero que escrib\u00ed.\u00bb<br \/> Gabriel Garc\u00eda M\u00e1rquez<\/p>\n<p> \u00abSu narraci\u00f3n m\u00e1s perfecta.\u00bb<br \/> El Pa\u00eds<\/p>\n","protected":false},"excerpt":{"rendered":"<p>GARCIA MARQUEZ,GABRIEL<\/p>\n","protected":false},"featured_media":406273,"template":"","meta":{"_acf_changed":false,"om_disable_all_campaigns":false,"rs_blank_template":"","rs_page_bg_color":"","slide_template_v7":"","inline_featured_image":false,"_monsterinsights_skip_tracking":false,"_monsterinsights_sitenote_active":false,"_monsterinsights_sitenote_note":"","_monsterinsights_sitenote_category":0},"product_brand":[],"product_cat":[127,357],"product_tag":[],"class_list":{"0":"post-406272","1":"product","2":"type-product","3":"status-publish","4":"has-post-thumbnail","6":"product_cat-novella-contemporania","7":"product_cat-novela-contemporanea","9":"first","10":"instock","11":"taxable","12":"shipping-taxable","13":"purchasable","14":"product-type-simple"},"acf":{"autor":"GARCIA MARQUEZ,GABRIEL","codart":"849032376","libros-coleccion":"","ediciones":"1","encuadernacion":"R\u00fastica","fecha_de_publicacion":"01\/04\/2013","novedad":"0","paginas":"176","subtitulo":"","orden":"999","portada":"0","idioma":"spa","editorial":[{"ID":6178,"post_author":"3","post_date":"2022-07-28 17:46:34","post_date_gmt":"2022-07-28 15:46:34","post_content":"","post_title":"DEBOLSILLO","post_excerpt":"","post_status":"publish","comment_status":"closed","ping_status":"closed","post_password":"","post_name":"debolsillo","to_ping":"","pinged":"","post_modified":"2022-07-28 17:46:34","post_modified_gmt":"2022-07-28 15:46:34","post_content_filtered":"","post_parent":0,"guid":"http:\/\/dev.claret.cat\/editorial\/debolsillo\/","menu_order":0,"post_type":"editorial","post_mime_type":"","comment_count":"0","filter":"raw"}],"autores-libros":[{"ID":156520,"post_author":"3","post_date":"2022-10-14 15:21:28","post_date_gmt":"2022-10-14 13:21:28","post_content":"","post_title":"GABRIEL GARCIA MARQUEZ","post_excerpt":"","post_status":"publish","comment_status":"closed","ping_status":"closed","post_password":"","post_name":"gabriel-garcia-marquez","to_ping":"","pinged":"","post_modified":"2022-10-14 15:21:28","post_modified_gmt":"2022-10-14 13:21:28","post_content_filtered":"","post_parent":0,"guid":"http:\/\/dev.claret.cat\/autor\/gabriel-garcia-marquez\/","menu_order":0,"post_type":"autor","post_mime_type":"","comment_count":"0","filter":"raw"}]},"aioseo_notices":[],"_links":{"self":[{"href":"https:\/\/www.claret.cat\/es\/wp-json\/wp\/v2\/product\/406272","targetHints":{"allow":["GET"]}}],"collection":[{"href":"https:\/\/www.claret.cat\/es\/wp-json\/wp\/v2\/product"}],"about":[{"href":"https:\/\/www.claret.cat\/es\/wp-json\/wp\/v2\/types\/product"}],"wp:featuredmedia":[{"embeddable":true,"href":"https:\/\/www.claret.cat\/es\/wp-json\/wp\/v2\/media\/406273"}],"wp:attachment":[{"href":"https:\/\/www.claret.cat\/es\/wp-json\/wp\/v2\/media?parent=406272"}],"wp:term":[{"taxonomy":"product_brand","embeddable":true,"href":"https:\/\/www.claret.cat\/es\/wp-json\/wp\/v2\/product_brand?post=406272"},{"taxonomy":"product_cat","embeddable":true,"href":"https:\/\/www.claret.cat\/es\/wp-json\/wp\/v2\/product_cat?post=406272"},{"taxonomy":"product_tag","embeddable":true,"href":"https:\/\/www.claret.cat\/es\/wp-json\/wp\/v2\/product_tag?post=406272"}],"curies":[{"name":"wp","href":"https:\/\/api.w.org\/{rel}","templated":true}]}}