{"id":406536,"date":"2023-02-28T05:27:30","date_gmt":"2023-02-28T04:27:30","guid":{"rendered":"https:\/\/www.claret.cat\/llibre\/el-cerebro-del-nino-libro-de-ejercicios-9788490651780\/"},"modified":"2024-02-20T14:30:33","modified_gmt":"2024-02-20T13:30:33","slug":"el-cerebro-del-nino-libro-de-ejercicios-9788490651780","status":"publish","type":"product","link":"https:\/\/www.claret.cat\/es\/libro\/el-cerebro-del-nino-libro-de-ejercicios-9788490651780\/","title":{"rendered":"EL CEREBRO DEL NI\u00d1O. LIBRO DE EJERCICIOS"},"content":{"rendered":"<p>Basado en el bestseller mundial El cerebro del ni\u00f1o, el aclamado neurocient\u00edfico Daniel<br \/> J.Siegel y la experta psicoterapeuta Tina Payne Bryson han creado este cuarderno de<br \/> ejercicios como material de apoyo para ayudar a entender a padres y educadores , desde un<br \/> punto de vista cient\u00edfico, pero a la vez comprensible, c\u00f3mo se desarrollo el cebrero de sus<br \/> hijos y qu\u00e9 pautas les servir\u00e1n para superar los retos que acompa\u00f1an a cada etapa del<br \/> crecimiento. Este cuaderno es una herramienta pr\u00e1ctica, con gr\u00e1ficos, ilustraciones,<br \/> actividades y dibujos para que los padres alcancen una mayor comprensi\u00f3n y conexi\u00f3n con<br \/> sus hijos, y adem\u00e1s, adquieran conciencia de ellos mismos como padres.<\/p>\n","protected":false},"excerpt":{"rendered":"<p>SIEGEL, DANIEL J. \/ PAYNE BRYSON, TINA<\/p>\n","protected":false},"featured_media":406537,"template":"","meta":{"_acf_changed":false,"om_disable_all_campaigns":false,"rs_blank_template":"","rs_page_bg_color":"","slide_template_v7":"","inline_featured_image":false,"_monsterinsights_skip_tracking":false,"_monsterinsights_sitenote_active":false,"_monsterinsights_sitenote_note":"","_monsterinsights_sitenote_category":0},"product_brand":[],"product_cat":[100,550],"product_tag":[],"class_list":{"0":"post-406536","1":"product","2":"type-product","3":"status-publish","4":"has-post-thumbnail","6":"product_cat-escola-de-pares","7":"product_cat-escuela-de-padres-3_infantil-juvenil-spa-spa","9":"first","10":"instock","11":"taxable","12":"shipping-taxable","13":"purchasable","14":"product-type-simple"},"acf":{"autor":"SIEGEL, DANIEL J. \/ PAYNE BRYSON, TINA","codart":"849065178","libros-coleccion":"","ediciones":"1","encuadernacion":"R\u00fastica","fecha_de_publicacion":"01\/03\/2016","novedad":"0","paginas":"204","subtitulo":"EJERCICIOS PR\u00c1CTICOS, HOJAS DE TRABAJO Y ACTIVIDADES PARA CULTIVAR LA MENTE EN D","orden":"999","portada":"0","idioma":"spa","editorial":[{"ID":147383,"post_author":"3","post_date":"2022-10-14 11:50:09","post_date_gmt":"2022-10-14 09:50:09","post_content":"","post_title":"ALBA EDITORIAL, S.L.","post_excerpt":"","post_status":"publish","comment_status":"closed","ping_status":"closed","post_password":"","post_name":"alba-editorial-s-l","to_ping":"","pinged":"","post_modified":"2022-10-14 11:50:09","post_modified_gmt":"2022-10-14 09:50:09","post_content_filtered":"","post_parent":0,"guid":"http:\/\/dev.claret.cat\/editorial\/alba-editorial-s-l\/","menu_order":0,"post_type":"editorial","post_mime_type":"","comment_count":"0","filter":"raw"}],"autores-libros":[{"ID":406535,"post_author":"3","post_date":"2023-02-28 05:27:27","post_date_gmt":"2023-02-28 04:27:27","post_content":"","post_title":"TINA PAYNE BRYSON","post_excerpt":"","post_status":"publish","comment_status":"closed","ping_status":"closed","post_password":"","post_name":"tina-payne-bryson-2","to_ping":"","pinged":"","post_modified":"2023-02-28 05:27:27","post_modified_gmt":"2023-02-28 04:27:27","post_content_filtered":"","post_parent":0,"guid":"https:\/\/www.claret.cat\/autor\/tina-payne-bryson-2\/","menu_order":0,"post_type":"autor","post_mime_type":"","comment_count":"0","filter":"raw"},{"ID":153600,"post_author":"3","post_date":"2022-10-14 14:58:02","post_date_gmt":"2022-10-14 12:58:02","post_content":"","post_title":"DANIEL J. SIEGEL","post_excerpt":"","post_status":"publish","comment_status":"closed","ping_status":"closed","post_password":"","post_name":"daniel-j-siegel","to_ping":"","pinged":"","post_modified":"2022-10-14 14:58:02","post_modified_gmt":"2022-10-14 12:58:02","post_content_filtered":"","post_parent":0,"guid":"http:\/\/dev.claret.cat\/autor\/daniel-j-siegel\/","menu_order":0,"post_type":"autor","post_mime_type":"","comment_count":"0","filter":"raw"}]},"aioseo_notices":[],"_links":{"self":[{"href":"https:\/\/www.claret.cat\/es\/wp-json\/wp\/v2\/product\/406536","targetHints":{"allow":["GET"]}}],"collection":[{"href":"https:\/\/www.claret.cat\/es\/wp-json\/wp\/v2\/product"}],"about":[{"href":"https:\/\/www.claret.cat\/es\/wp-json\/wp\/v2\/types\/product"}],"wp:featuredmedia":[{"embeddable":true,"href":"https:\/\/www.claret.cat\/es\/wp-json\/wp\/v2\/media\/406537"}],"wp:attachment":[{"href":"https:\/\/www.claret.cat\/es\/wp-json\/wp\/v2\/media?parent=406536"}],"wp:term":[{"taxonomy":"product_brand","embeddable":true,"href":"https:\/\/www.claret.cat\/es\/wp-json\/wp\/v2\/product_brand?post=406536"},{"taxonomy":"product_cat","embeddable":true,"href":"https:\/\/www.claret.cat\/es\/wp-json\/wp\/v2\/product_cat?post=406536"},{"taxonomy":"product_tag","embeddable":true,"href":"https:\/\/www.claret.cat\/es\/wp-json\/wp\/v2\/product_tag?post=406536"}],"curies":[{"name":"wp","href":"https:\/\/api.w.org\/{rel}","templated":true}]}}