{"id":406590,"date":"2023-02-28T05:31:10","date_gmt":"2023-02-28T04:31:10","guid":{"rendered":"https:\/\/www.claret.cat\/llibre\/el-elefante-desaparece-9788490662410\/"},"modified":"2023-02-28T05:31:17","modified_gmt":"2023-02-28T04:31:17","slug":"el-elefante-desaparece-9788490662410","status":"publish","type":"product","link":"https:\/\/www.claret.cat\/es\/libro\/el-elefante-desaparece-9788490662410\/","title":{"rendered":"EL ELEFANTE DESAPARECE"},"content":{"rendered":"<p>Un hombre que se obsesiona con la ins\u00f3lita y misteriosa desaparici\u00f3n del elefante de un zoo, un abogado en paro que recibe el encargo de su mujer de encontrar a su gato, una pareja de reci\u00e9n casados que deciden atracar un MacDonald?s en plena noche, una curiosa digresi\u00f3n sobre los canguros, un enano diab\u00f3lico que baila, un joven empe\u00f1ado en burlarse de su futuro cu\u00f1ado, un pir\u00f3mano confeso&#8230; Los protagonistas de todos los relatos que componen este volumen esperan algo. Un accidente, un hecho azaroso. Al contrario que esta obra, donde nada, absolutamente nada, queda al azar. Alternando p\u00e1ginas inquietantes e hilarantes, El elefante desaparece es una prueba m\u00e1s de la capacidad de Murakami para cruzar la frontera entre lo cotidiano m\u00e1s realista y lo fant\u00e1stico, transformando as\u00ed la trivialidad de nuestras vidas.<\/p>\n","protected":false},"excerpt":{"rendered":"<p>MURAKAMI, HARUKI<\/p>\n","protected":false},"featured_media":406591,"template":"","meta":{"_acf_changed":false,"om_disable_all_campaigns":false,"rs_blank_template":"","rs_page_bg_color":"","slide_template_v7":"","inline_featured_image":false,"_monsterinsights_skip_tracking":false,"_monsterinsights_sitenote_active":false,"_monsterinsights_sitenote_note":"","_monsterinsights_sitenote_category":0},"product_brand":[],"product_cat":[87,353],"product_tag":[],"class_list":{"0":"post-406590","1":"product","2":"type-product","3":"status-publish","4":"has-post-thumbnail","6":"product_cat-literatura","7":"product_cat-literatura-2_humanidades","9":"first","10":"instock","11":"taxable","12":"shipping-taxable","13":"purchasable","14":"product-type-simple"},"acf":{"autor":"MURAKAMI, HARUKI","codart":"849066241","libros-coleccion":"","ediciones":"1","encuadernacion":"R\u00fastica","fecha_de_publicacion":"01\/03\/2016","novedad":"0","paginas":"352","subtitulo":"","orden":"999","portada":"0","idioma":"spa","editorial":[{"ID":8271,"post_author":"3","post_date":"2022-09-30 09:21:39","post_date_gmt":"2022-09-30 07:21:39","post_content":"","post_title":"TUSQUETS EDITORES","post_excerpt":"","post_status":"publish","comment_status":"closed","ping_status":"closed","post_password":"","post_name":"tusquets-editores","to_ping":"","pinged":"","post_modified":"2022-09-30 09:21:39","post_modified_gmt":"2022-09-30 07:21:39","post_content_filtered":"","post_parent":0,"guid":"http:\/\/dev.claret.cat\/editorial\/tusquets-editores\/","menu_order":0,"post_type":"editorial","post_mime_type":"","comment_count":"0","filter":"raw"}],"autores-libros":[{"ID":157395,"post_author":"3","post_date":"2022-10-14 15:28:29","post_date_gmt":"2022-10-14 13:28:29","post_content":"","post_title":"HARUKI MURAKAMI","post_excerpt":"","post_status":"publish","comment_status":"closed","ping_status":"closed","post_password":"","post_name":"haruki-murakami","to_ping":"","pinged":"","post_modified":"2022-10-14 15:28:29","post_modified_gmt":"2022-10-14 13:28:29","post_content_filtered":"","post_parent":0,"guid":"http:\/\/dev.claret.cat\/autor\/haruki-murakami\/","menu_order":0,"post_type":"autor","post_mime_type":"","comment_count":"0","filter":"raw"}]},"aioseo_notices":[],"_links":{"self":[{"href":"https:\/\/www.claret.cat\/es\/wp-json\/wp\/v2\/product\/406590","targetHints":{"allow":["GET"]}}],"collection":[{"href":"https:\/\/www.claret.cat\/es\/wp-json\/wp\/v2\/product"}],"about":[{"href":"https:\/\/www.claret.cat\/es\/wp-json\/wp\/v2\/types\/product"}],"wp:featuredmedia":[{"embeddable":true,"href":"https:\/\/www.claret.cat\/es\/wp-json\/wp\/v2\/media\/406591"}],"wp:attachment":[{"href":"https:\/\/www.claret.cat\/es\/wp-json\/wp\/v2\/media?parent=406590"}],"wp:term":[{"taxonomy":"product_brand","embeddable":true,"href":"https:\/\/www.claret.cat\/es\/wp-json\/wp\/v2\/product_brand?post=406590"},{"taxonomy":"product_cat","embeddable":true,"href":"https:\/\/www.claret.cat\/es\/wp-json\/wp\/v2\/product_cat?post=406590"},{"taxonomy":"product_tag","embeddable":true,"href":"https:\/\/www.claret.cat\/es\/wp-json\/wp\/v2\/product_tag?post=406590"}],"curies":[{"name":"wp","href":"https:\/\/api.w.org\/{rel}","templated":true}]}}