{"id":406593,"date":"2023-02-28T05:31:23","date_gmt":"2023-02-28T04:31:23","guid":{"rendered":"https:\/\/www.claret.cat\/llibre\/la-primavera-de-munich-9788490662427\/"},"modified":"2023-02-28T05:31:30","modified_gmt":"2023-02-28T04:31:30","slug":"la-primavera-de-munich-9788490662427","status":"publish","type":"product","link":"https:\/\/www.claret.cat\/es\/libro\/la-primavera-de-munich-9788490662427\/","title":{"rendered":"LA PRIMAVERA DE M\u00daNICH"},"content":{"rendered":"<p>Durante la primera semana de junio de 1962, 118 espa\u00f1oles ?antifranquistas del interior y del exilio, vencedores y vencidos de la guerra civil? se reunieron para trazar una hoja de ruta que trajese la democracia a Espa\u00f1a con la esperanza de integrar al pa\u00eds en el proyecto europe\u00edsta. La dictadura respondi\u00f3 como una bestia herida, represali\u00f3 a los asistentes y bautiz\u00f3 el encuentro como el Contubernio de M\u00fanich. Este libro reconstruye el origen, el nudo y el desenlace de este episodio capital de la cultura democr\u00e1tica y lo enmarca en los intensos debates ideol\u00f3gicos de la guerra fr\u00eda. A trav\u00e9s de las figuras de un revolucionario profesional condenado al olvido ?Juli\u00e1n Gorkin? y un socialdem\u00f3crata de pasado totalitario ?Dionisio Ridruejo?, viajando de Madrid a M\u00e9xico, de Par\u00eds a Nueva York y de M\u00fanich a Toledo, La primavera de M\u00fanich descubre la existencia de una s\u00f3lida alternativa a la tiran\u00eda franquista y esclarece las causas de su fracaso. Entre la pol\u00edtica y la literatura, con material in\u00e9dito procedente de diversos archivos, Jordi Amat pinta un retablo coral de una \u00e9poca gris y convulsa ?donde destaca la actividad intelectual desarrollada a trav\u00e9s del Congreso por la Libertad por la Cultura ?en su origen una operaci\u00f3n encubierta de la CIA? y matiza el relato sobre los or\u00edgenes de la Transici\u00f3n no para impugnarlo sino para problematizarlo cuestionando as\u00ed la solidez de sus ra\u00edces.<\/p>\n","protected":false},"excerpt":{"rendered":"<p>AMAT, JORDI<\/p>\n","protected":false},"featured_media":406594,"template":"","meta":{"_acf_changed":false,"om_disable_all_campaigns":false,"rs_blank_template":"","rs_page_bg_color":"","slide_template_v7":"","inline_featured_image":false,"_monsterinsights_skip_tracking":false,"_monsterinsights_sitenote_active":false,"_monsterinsights_sitenote_note":"","_monsterinsights_sitenote_category":0},"product_brand":[],"product_cat":[85,351],"product_tag":[],"class_list":{"0":"post-406593","1":"product","2":"type-product","3":"status-publish","4":"has-post-thumbnail","6":"product_cat-historia","7":"product_cat-historia-2_humanidades","9":"first","10":"instock","11":"taxable","12":"shipping-taxable","13":"purchasable","14":"product-type-simple"},"acf":{"autor":"AMAT, JORDI","codart":"849066242","libros-coleccion":"","ediciones":"1","encuadernacion":"R\u00fastica","fecha_de_publicacion":"01\/03\/2016","novedad":"0","paginas":"384","subtitulo":"ESPERANZA Y FRACASO DE UNA TRANSICI\u00d3N DEMOCR\u00c1TICA","orden":"999","portada":"0","idioma":"spa","editorial":[{"ID":8271,"post_author":"3","post_date":"2022-09-30 09:21:39","post_date_gmt":"2022-09-30 07:21:39","post_content":"","post_title":"TUSQUETS EDITORES","post_excerpt":"","post_status":"publish","comment_status":"closed","ping_status":"closed","post_password":"","post_name":"tusquets-editores","to_ping":"","pinged":"","post_modified":"2022-09-30 09:21:39","post_modified_gmt":"2022-09-30 07:21:39","post_content_filtered":"","post_parent":0,"guid":"http:\/\/dev.claret.cat\/editorial\/tusquets-editores\/","menu_order":0,"post_type":"editorial","post_mime_type":"","comment_count":"0","filter":"raw"}],"autores-libros":[{"ID":159813,"post_author":"3","post_date":"2022-10-14 15:47:56","post_date_gmt":"2022-10-14 13:47:56","post_content":"","post_title":"JORDI AMAT","post_excerpt":"","post_status":"publish","comment_status":"closed","ping_status":"closed","post_password":"","post_name":"jordi-amat","to_ping":"","pinged":"","post_modified":"2022-10-14 15:47:56","post_modified_gmt":"2022-10-14 13:47:56","post_content_filtered":"","post_parent":0,"guid":"http:\/\/dev.claret.cat\/autor\/jordi-amat\/","menu_order":0,"post_type":"autor","post_mime_type":"","comment_count":"0","filter":"raw"}]},"aioseo_notices":[],"_links":{"self":[{"href":"https:\/\/www.claret.cat\/es\/wp-json\/wp\/v2\/product\/406593","targetHints":{"allow":["GET"]}}],"collection":[{"href":"https:\/\/www.claret.cat\/es\/wp-json\/wp\/v2\/product"}],"about":[{"href":"https:\/\/www.claret.cat\/es\/wp-json\/wp\/v2\/types\/product"}],"wp:featuredmedia":[{"embeddable":true,"href":"https:\/\/www.claret.cat\/es\/wp-json\/wp\/v2\/media\/406594"}],"wp:attachment":[{"href":"https:\/\/www.claret.cat\/es\/wp-json\/wp\/v2\/media?parent=406593"}],"wp:term":[{"taxonomy":"product_brand","embeddable":true,"href":"https:\/\/www.claret.cat\/es\/wp-json\/wp\/v2\/product_brand?post=406593"},{"taxonomy":"product_cat","embeddable":true,"href":"https:\/\/www.claret.cat\/es\/wp-json\/wp\/v2\/product_cat?post=406593"},{"taxonomy":"product_tag","embeddable":true,"href":"https:\/\/www.claret.cat\/es\/wp-json\/wp\/v2\/product_tag?post=406593"}],"curies":[{"name":"wp","href":"https:\/\/api.w.org\/{rel}","templated":true}]}}