{"id":40662,"date":"2022-10-02T19:28:28","date_gmt":"2022-10-02T17:28:28","guid":{"rendered":"http:\/\/dev.claret.cat\/producte\/el-nostre-planeta-infografies-per-descobrir-la-terra\/"},"modified":"2023-05-15T12:49:54","modified_gmt":"2023-05-15T10:49:54","slug":"el-nostre-planeta-infografies-per-descobrir-la-terra-9788418592614","status":"publish","type":"product","link":"https:\/\/www.claret.cat\/es\/libro\/el-nostre-planeta-infografies-per-descobrir-la-terra-9788418592614\/","title":{"rendered":"EL NOSTRE PLANETA. INFOGRAFIES PER DESCOBRIR LA TERRA"},"content":{"rendered":"<p>Com es va formar el nostre planeta? No has tingut mai la temptaci\u00f3 de viatjar al seu interior? Per qu\u00e8 hi ha terratr\u00e8mols i erupcions volc\u00e0niques? Qu\u00e8 ha fet possible la gran diversitat natural de la Terra, amb muntanyes alt\u00edssimes, rius llargu\u00edssims i boscos i selves que alberguen una biodiversitat espectacular?<br \/>En aquest llibre, gr\u00e0cies a una s\u00e8rie d&#8221;infografies espectaculars, podr\u00e0s con\u00e8ixer els secrets m\u00e9s impressionants del planeta on vivim. A m\u00e9s a m\u00e9s, de segur que aix\u00f2 t&#8221;animar\u00e0 a interessar-te encara m\u00e9s per ci\u00e8ncies com la geologia i, sobretot, a lluitar perqu\u00e8 la Terra sigui un lloc habitable, on es protegeixen totes les formes de diversitat natural. <br \/>Qu\u00e8 esperes per convertir-te en una persona experta sobre el nostre planeta?<\/p>\n","protected":false},"excerpt":{"rendered":"<p>BANFI, CRISTINA<\/p>\n","protected":false},"featured_media":318584,"template":"","meta":{"_acf_changed":false,"om_disable_all_campaigns":false,"rs_blank_template":"","rs_page_bg_color":"","slide_template_v7":"","inline_featured_image":false,"_monsterinsights_skip_tracking":false,"_monsterinsights_sitenote_active":false,"_monsterinsights_sitenote_note":"","_monsterinsights_sitenote_category":0},"product_brand":[],"product_cat":[132,362],"product_tag":[],"class_list":{"0":"post-40662","1":"product","2":"type-product","3":"status-publish","4":"has-post-thumbnail","6":"product_cat-lectures-per-preadolescents-6-12-anys","7":"product_cat-libros-preadolescentes-6-12-anos","9":"first","10":"instock","11":"taxable","12":"shipping-taxable","13":"purchasable","14":"product-type-simple"},"acf":{"autor":"BANFI, CRISTINA","codart":"841859261","libros-coleccion":"La biblioteca dels ratolins","ediciones":"1","encuadernacion":"Carton\u00e9","fecha_de_publicacion":"01\/03\/2021","novedad":"1","paginas":"75","subtitulo":"","orden":"0","portada":"0","idioma":"cat","editorial":[{"ID":6123,"post_author":"3","post_date":"2022-07-28 17:45:23","post_date_gmt":"2022-07-28 15:45:23","post_content":"","post_title":"ANIMALLIBRES","post_excerpt":"","post_status":"publish","comment_status":"closed","ping_status":"closed","post_password":"","post_name":"animallibres","to_ping":"","pinged":"","post_modified":"2022-07-28 17:45:23","post_modified_gmt":"2022-07-28 15:45:23","post_content_filtered":"","post_parent":0,"guid":"http:\/\/dev.claret.cat\/editorial\/animallibres\/","menu_order":0,"post_type":"editorial","post_mime_type":"","comment_count":"0","filter":"raw"}],"autores-libros":[{"ID":153310,"post_author":"3","post_date":"2022-10-14 14:55:45","post_date_gmt":"2022-10-14 12:55:45","post_content":"","post_title":"CRISTINA BANFI","post_excerpt":"","post_status":"publish","comment_status":"closed","ping_status":"closed","post_password":"","post_name":"cristina-banfi","to_ping":"","pinged":"","post_modified":"2022-10-14 14:55:45","post_modified_gmt":"2022-10-14 12:55:45","post_content_filtered":"","post_parent":0,"guid":"http:\/\/dev.claret.cat\/autor\/cristina-banfi\/","menu_order":0,"post_type":"autor","post_mime_type":"","comment_count":"0","filter":"raw"}]},"aioseo_notices":[],"_links":{"self":[{"href":"https:\/\/www.claret.cat\/es\/wp-json\/wp\/v2\/product\/40662","targetHints":{"allow":["GET"]}}],"collection":[{"href":"https:\/\/www.claret.cat\/es\/wp-json\/wp\/v2\/product"}],"about":[{"href":"https:\/\/www.claret.cat\/es\/wp-json\/wp\/v2\/types\/product"}],"wp:featuredmedia":[{"embeddable":true,"href":"https:\/\/www.claret.cat\/es\/wp-json\/wp\/v2\/media\/318584"}],"wp:attachment":[{"href":"https:\/\/www.claret.cat\/es\/wp-json\/wp\/v2\/media?parent=40662"}],"wp:term":[{"taxonomy":"product_brand","embeddable":true,"href":"https:\/\/www.claret.cat\/es\/wp-json\/wp\/v2\/product_brand?post=40662"},{"taxonomy":"product_cat","embeddable":true,"href":"https:\/\/www.claret.cat\/es\/wp-json\/wp\/v2\/product_cat?post=40662"},{"taxonomy":"product_tag","embeddable":true,"href":"https:\/\/www.claret.cat\/es\/wp-json\/wp\/v2\/product_tag?post=40662"}],"curies":[{"name":"wp","href":"https:\/\/api.w.org\/{rel}","templated":true}]}}