{"id":406657,"date":"2023-02-28T05:36:27","date_gmt":"2023-02-28T04:36:27","guid":{"rendered":"https:\/\/www.claret.cat\/llibre\/venganza-en-el-tamesis-detective-william-monk-22-9788490709153\/"},"modified":"2023-02-28T05:36:35","modified_gmt":"2023-02-28T04:36:35","slug":"venganza-en-el-tamesis-detective-william-monk-22-9788490709153","status":"publish","type":"product","link":"https:\/\/www.claret.cat\/es\/libro\/venganza-en-el-tamesis-detective-william-monk-22-9788490709153\/","title":{"rendered":"VENGANZA EN EL T\u00c1MESIS (DETECTIVE WILLIAM MONK 22)"},"content":{"rendered":"<p>Anne Perry, maestra de la novela de intriga hist\u00f3rica ambientada en  la era victoriana, nos transporta nuevamente a orillas del T\u00e1mesis en su nueva y vibrante novela de William Monk. Cuando el comandante Monk de la Polic\u00eda del T\u00e1mesis es convocado para  investigar la aparici\u00f3n de un hombre ahogado en el r\u00edo, que resulta ser  un prisionero fugitivo, tiene que v\u00e9rselas nuevamente con el oficial de  aduanas McNab, que alberga un amargo rencor contra Monk y  que siempre intenta perjudicarlo. Tras la fuga de un segundo prisionero y a medida que las trampas de  McNab se vuelven m\u00e1s terror\u00edficas, Monk se ver\u00e1 forzado a recurrir a la  ayuda de su mujer, Hester, y de su amigo el abogado Oliver Rathbone.  Juntos, tratar\u00e1n de desentra\u00f1ar el misterio que rodea a las muertes en el T\u00e1mesis y a la rivalidad enfermiza de McNab<\/p>\n","protected":false},"excerpt":{"rendered":"<p>PERRY, ANNE<\/p>\n","protected":false},"featured_media":406658,"template":"","meta":{"_acf_changed":false,"om_disable_all_campaigns":false,"rs_blank_template":"","rs_page_bg_color":"","slide_template_v7":"","inline_featured_image":false,"_monsterinsights_skip_tracking":false,"_monsterinsights_sitenote_active":false,"_monsterinsights_sitenote_note":"","_monsterinsights_sitenote_category":0},"product_brand":[],"product_cat":[87,353],"product_tag":[],"class_list":{"0":"post-406657","1":"product","2":"type-product","3":"status-publish","4":"has-post-thumbnail","6":"product_cat-literatura","7":"product_cat-literatura-2_humanidades","9":"first","10":"instock","11":"taxable","12":"shipping-taxable","13":"purchasable","14":"product-type-simple"},"acf":{"autor":"PERRY, ANNE","codart":"849070915","libros-coleccion":"Detective William Monk","ediciones":"1","encuadernacion":"R\u00fastica","fecha_de_publicacion":"01\/06\/2019","novedad":"1","paginas":"384","subtitulo":"","orden":"0","portada":"0","idioma":"spa","editorial":[{"ID":6138,"post_author":"3","post_date":"2022-07-28 17:45:42","post_date_gmt":"2022-07-28 15:45:42","post_content":"","post_title":"B de Bolsillo (Ediciones B)","post_excerpt":"","post_status":"publish","comment_status":"closed","ping_status":"closed","post_password":"","post_name":"b-de-bolsillo-ediciones-b","to_ping":"","pinged":"","post_modified":"2022-07-28 17:45:42","post_modified_gmt":"2022-07-28 15:45:42","post_content_filtered":"","post_parent":0,"guid":"http:\/\/dev.claret.cat\/editorial\/b-de-bolsillo-ediciones-b\/","menu_order":0,"post_type":"editorial","post_mime_type":"","comment_count":"0","filter":"raw"}],"autores-libros":[{"ID":150707,"post_author":"3","post_date":"2022-10-14 14:35:06","post_date_gmt":"2022-10-14 12:35:06","post_content":"","post_title":"ANNE PERRY","post_excerpt":"","post_status":"publish","comment_status":"closed","ping_status":"closed","post_password":"","post_name":"anne-perry","to_ping":"","pinged":"","post_modified":"2022-10-14 14:35:06","post_modified_gmt":"2022-10-14 12:35:06","post_content_filtered":"","post_parent":0,"guid":"http:\/\/dev.claret.cat\/autor\/anne-perry\/","menu_order":0,"post_type":"autor","post_mime_type":"","comment_count":"0","filter":"raw"}]},"aioseo_notices":[],"_links":{"self":[{"href":"https:\/\/www.claret.cat\/es\/wp-json\/wp\/v2\/product\/406657","targetHints":{"allow":["GET"]}}],"collection":[{"href":"https:\/\/www.claret.cat\/es\/wp-json\/wp\/v2\/product"}],"about":[{"href":"https:\/\/www.claret.cat\/es\/wp-json\/wp\/v2\/types\/product"}],"wp:featuredmedia":[{"embeddable":true,"href":"https:\/\/www.claret.cat\/es\/wp-json\/wp\/v2\/media\/406658"}],"wp:attachment":[{"href":"https:\/\/www.claret.cat\/es\/wp-json\/wp\/v2\/media?parent=406657"}],"wp:term":[{"taxonomy":"product_brand","embeddable":true,"href":"https:\/\/www.claret.cat\/es\/wp-json\/wp\/v2\/product_brand?post=406657"},{"taxonomy":"product_cat","embeddable":true,"href":"https:\/\/www.claret.cat\/es\/wp-json\/wp\/v2\/product_cat?post=406657"},{"taxonomy":"product_tag","embeddable":true,"href":"https:\/\/www.claret.cat\/es\/wp-json\/wp\/v2\/product_tag?post=406657"}],"curies":[{"name":"wp","href":"https:\/\/api.w.org\/{rel}","templated":true}]}}