{"id":406666,"date":"2023-02-28T05:37:03","date_gmt":"2023-02-28T04:37:03","guid":{"rendered":"https:\/\/www.claret.cat\/llibre\/camino-de-perfeccion-9788490742600\/"},"modified":"2025-04-25T12:55:09","modified_gmt":"2025-04-25T10:55:09","slug":"camino-de-perfeccion-9788490742600","status":"publish","type":"product","link":"https:\/\/www.claret.cat\/es\/libro\/camino-de-perfeccion-9788490742600\/","title":{"rendered":"CAMINO DE PERFECCI\u00d3N"},"content":{"rendered":"<p>Camino de perfecci\u00f3n, libro escrito por Santa Teresa de \u00c1vila entre los a\u00f1os 1564 y 1567, pretend\u00eda ser una especie de manual para las monjas carmelitas del Monasterio de San Jos\u00e9 en \u00c1vila, del que la Santa abulense era priora. A lo largo de sus 42 cap\u00edtulos refiere sus consejos para la vida mon\u00e1stica, que son v\u00e1lidos para cualquier cristiano. En los primeros 26 cap\u00edtulos entrega varios consejos sobre la vida contemplativa (la pobreza, el amor al pr\u00f3jimo, la humildad, la oraci\u00f3n). En los \u00faltimos 16 cap\u00edtulos hace una reflexi\u00f3n sobre las palabras del Padrenuestro.<\/p>\n","protected":false},"excerpt":{"rendered":"<p>DE JES\u00daS, SANTA TERESA<\/p>\n","protected":false},"featured_media":406667,"template":"","meta":{"_acf_changed":false,"om_disable_all_campaigns":false,"rs_blank_template":"","rs_page_bg_color":"","slide_template_v7":"","inline_featured_image":false,"_monsterinsights_skip_tracking":false,"_monsterinsights_sitenote_active":false,"_monsterinsights_sitenote_note":"","_monsterinsights_sitenote_category":0},"product_brand":[],"product_cat":[90,540],"product_tag":[],"class_list":{"0":"post-406666","1":"product","2":"type-product","3":"status-publish","4":"has-post-thumbnail","6":"product_cat-altres","7":"product_cat-otros","9":"first","10":"instock","11":"taxable","12":"shipping-taxable","13":"purchasable","14":"product-type-simple"},"acf":{"autor":"DE JES\u00daS, SANTA TERESA","codart":"849074260","libros-coleccion":"","ediciones":"1","encuadernacion":"R\u00fastica","fecha_de_publicacion":"15\/02\/2016","novedad":"0","paginas":"140","subtitulo":"","orden":"999","portada":"0","idioma":"spa","editorial":[{"ID":406665,"post_author":"3","post_date":"2023-02-28 05:37:01","post_date_gmt":"2023-02-28 04:37:01","post_content":"","post_title":"VERBUM","post_excerpt":"","post_status":"publish","comment_status":"closed","ping_status":"closed","post_password":"","post_name":"verbum","to_ping":"","pinged":"","post_modified":"2023-02-28 05:37:01","post_modified_gmt":"2023-02-28 04:37:01","post_content_filtered":"","post_parent":0,"guid":"https:\/\/www.claret.cat\/editorial\/verbum\/","menu_order":0,"post_type":"editorial","post_mime_type":"","comment_count":"0","filter":"raw"}],"autores-libros":[{"ID":263885,"post_author":"3","post_date":"2022-12-01 11:21:45","post_date_gmt":"2022-12-01 10:21:45","post_content":"","post_title":"SANTA TERESA DE JES\u00daS","post_excerpt":"","post_status":"publish","comment_status":"closed","ping_status":"closed","post_password":"","post_name":"santa-teresa-de-jesus-5","to_ping":"","pinged":"","post_modified":"2022-12-01 11:21:45","post_modified_gmt":"2022-12-01 10:21:45","post_content_filtered":"","post_parent":0,"guid":"http:\/\/dev.claret.cat\/autor\/santa-teresa-de-jesus-5\/","menu_order":0,"post_type":"autor","post_mime_type":"","comment_count":"0","filter":"raw"}],"booktrailer":"","resenas":""},"aioseo_notices":[],"_links":{"self":[{"href":"https:\/\/www.claret.cat\/es\/wp-json\/wp\/v2\/product\/406666","targetHints":{"allow":["GET"]}}],"collection":[{"href":"https:\/\/www.claret.cat\/es\/wp-json\/wp\/v2\/product"}],"about":[{"href":"https:\/\/www.claret.cat\/es\/wp-json\/wp\/v2\/types\/product"}],"wp:featuredmedia":[{"embeddable":true,"href":"https:\/\/www.claret.cat\/es\/wp-json\/wp\/v2\/media\/406667"}],"wp:attachment":[{"href":"https:\/\/www.claret.cat\/es\/wp-json\/wp\/v2\/media?parent=406666"}],"wp:term":[{"taxonomy":"product_brand","embeddable":true,"href":"https:\/\/www.claret.cat\/es\/wp-json\/wp\/v2\/product_brand?post=406666"},{"taxonomy":"product_cat","embeddable":true,"href":"https:\/\/www.claret.cat\/es\/wp-json\/wp\/v2\/product_cat?post=406666"},{"taxonomy":"product_tag","embeddable":true,"href":"https:\/\/www.claret.cat\/es\/wp-json\/wp\/v2\/product_tag?post=406666"}],"curies":[{"name":"wp","href":"https:\/\/api.w.org\/{rel}","templated":true}]}}