{"id":406673,"date":"2023-02-28T05:37:29","date_gmt":"2023-02-28T04:37:29","guid":{"rendered":"https:\/\/www.claret.cat\/llibre\/el-hinduismo-en-sus-textos-esenciales-9788490742990\/"},"modified":"2023-02-28T05:37:35","modified_gmt":"2023-02-28T04:37:35","slug":"el-hinduismo-en-sus-textos-esenciales-9788490742990","status":"publish","type":"product","link":"https:\/\/www.claret.cat\/es\/libro\/el-hinduismo-en-sus-textos-esenciales-9788490742990\/","title":{"rendered":"EL HINDUISMO EN SUS TEXTOS ESENCIALES"},"content":{"rendered":"<p>El hinduismo es a\u00fan en nuestros d\u00edas una de las religiones m\u00e1s desconocidas en Occidente. Aunque la ciencia indol\u00f3gica ha avanzado mucho en las \u00faltimas d\u00e9cadas, la mayor parte de los textos hind\u00faes \u2013tanto cl\u00e1sicos como modernos\u2013 no se ha divulgado todav\u00eda en muchas de las lenguas europeas.<\/p>\n<p>En esta antolog\u00eda se presenta una visi\u00f3n panor\u00e1mica del hinduismo como filosof\u00eda y religi\u00f3n, contada por sus protagonistas, desde los inicios de la cultura v\u00e9dica hasta los pensadores m\u00e1s actuales. Y esto se logra mediante sus palabras originales, en una cuidada selecci\u00f3n de textos que incluyen todos los postulados esenciales del hinduismo, as\u00ed como la visi\u00f3n que los hind\u00faes tienen del mundo en sus aspectos m\u00e1s cotidianos. La lectura de estos textos es la mejor y m\u00e1s directa manera de entender a un pueblo de cultura milenaria que ha ofrecido al mundo muchos de sus valiosos hallazgos.<\/p>\n<p>Un gran n\u00famero de los fragmentos que se incluyen aparecen por primera vez en castellano y, aparte de la profundidad de su contenido, muestran una gran belleza formal y literaria que ya de por s\u00ed merece ser conocida y que de seguro deleitar\u00e1 al lector, tanto a aquel que se interese por el pensamiento indio como el que simplemente disfrute con la literatura en su forma m\u00e1s pura.<\/p>\n","protected":false},"excerpt":{"rendered":"<p>GALLUD JARDIEL, ENRIQUE<\/p>\n","protected":false},"featured_media":406674,"template":"","meta":{"_acf_changed":false,"om_disable_all_campaigns":false,"rs_blank_template":"","rs_page_bg_color":"","slide_template_v7":"","inline_featured_image":false,"_monsterinsights_skip_tracking":false,"_monsterinsights_sitenote_active":false,"_monsterinsights_sitenote_note":"","_monsterinsights_sitenote_category":0},"product_brand":[],"product_cat":[90,540],"product_tag":[],"class_list":{"0":"post-406673","1":"product","2":"type-product","3":"status-publish","4":"has-post-thumbnail","6":"product_cat-altres","7":"product_cat-otros","9":"first","10":"instock","11":"taxable","12":"shipping-taxable","13":"purchasable","14":"product-type-simple"},"acf":{"autor":"GALLUD JARDIEL, ENRIQUE","codart":"849074299","libros-coleccion":"","ediciones":"1","encuadernacion":"R\u00fastica","fecha_de_publicacion":"15\/02\/2016","novedad":"0","paginas":"204","subtitulo":"","orden":"999","portada":"0","idioma":"spa","editorial":[{"ID":406665,"post_author":"3","post_date":"2023-02-28 05:37:01","post_date_gmt":"2023-02-28 04:37:01","post_content":"","post_title":"VERBUM","post_excerpt":"","post_status":"publish","comment_status":"closed","ping_status":"closed","post_password":"","post_name":"verbum","to_ping":"","pinged":"","post_modified":"2023-02-28 05:37:01","post_modified_gmt":"2023-02-28 04:37:01","post_content_filtered":"","post_parent":0,"guid":"https:\/\/www.claret.cat\/editorial\/verbum\/","menu_order":0,"post_type":"editorial","post_mime_type":"","comment_count":"0","filter":"raw"}],"autores-libros":[{"ID":304472,"post_author":"3","post_date":"2022-12-16 05:01:33","post_date_gmt":"2022-12-16 04:01:33","post_content":"","post_title":"ENRIQUE GALLUD JARDIEL","post_excerpt":"","post_status":"publish","comment_status":"closed","ping_status":"closed","post_password":"","post_name":"enrique-gallud-jardiel","to_ping":"","pinged":"","post_modified":"2022-12-16 05:01:33","post_modified_gmt":"2022-12-16 04:01:33","post_content_filtered":"","post_parent":0,"guid":"http:\/\/dev.claret.cat\/autor\/enrique-gallud-jardiel\/","menu_order":0,"post_type":"autor","post_mime_type":"","comment_count":"0","filter":"raw"}]},"aioseo_notices":[],"_links":{"self":[{"href":"https:\/\/www.claret.cat\/es\/wp-json\/wp\/v2\/product\/406673","targetHints":{"allow":["GET"]}}],"collection":[{"href":"https:\/\/www.claret.cat\/es\/wp-json\/wp\/v2\/product"}],"about":[{"href":"https:\/\/www.claret.cat\/es\/wp-json\/wp\/v2\/types\/product"}],"wp:featuredmedia":[{"embeddable":true,"href":"https:\/\/www.claret.cat\/es\/wp-json\/wp\/v2\/media\/406674"}],"wp:attachment":[{"href":"https:\/\/www.claret.cat\/es\/wp-json\/wp\/v2\/media?parent=406673"}],"wp:term":[{"taxonomy":"product_brand","embeddable":true,"href":"https:\/\/www.claret.cat\/es\/wp-json\/wp\/v2\/product_brand?post=406673"},{"taxonomy":"product_cat","embeddable":true,"href":"https:\/\/www.claret.cat\/es\/wp-json\/wp\/v2\/product_cat?post=406673"},{"taxonomy":"product_tag","embeddable":true,"href":"https:\/\/www.claret.cat\/es\/wp-json\/wp\/v2\/product_tag?post=406673"}],"curies":[{"name":"wp","href":"https:\/\/api.w.org\/{rel}","templated":true}]}}