{"id":40671,"date":"2022-10-02T19:28:38","date_gmt":"2022-10-02T17:28:38","guid":{"rendered":"http:\/\/dev.claret.cat\/producte\/els-contes-de-sempre\/"},"modified":"2023-12-22T10:05:06","modified_gmt":"2023-12-22T09:05:06","slug":"els-contes-de-sempre-9788418288340","status":"publish","type":"product","link":"https:\/\/www.claret.cat\/es\/libro\/els-contes-de-sempre-9788418288340\/","title":{"rendered":"ELS CONTES DE SEMPRE"},"content":{"rendered":"<p>IL\u00b7LUSTRACIONS DE ROSER CAPDEVILA RECUPERACI\u00d3 DELS CONTES CL\u00c0SSICS M\u00c9S POPULARS DE LES TRES BESSONES, UN PRECI\u00d3S HOMENATGE A LA ROSER CAPDEVILA, UNA DE LES CREADORES M\u00c9S EMBLEM\u00c0TIQUES DE LA NOSTRA LITERATURA INFANTIL. El 1985 Roser Capdevila i Merc\u00e8 Company van iniciar la col\u00b7lecci\u00f3 de Les Tres Bessones i els contes cl\u00e0ssics. Aleshores, no es podien imaginar que Les Tres Bessones es convertirien en uns dels personatges m\u00e9s populars i estimats del nostre pa\u00eds. En aquest recull, hi trobareu quatre contes de la col\u00b7lecci\u00f3 original: LA CAPUTXETA VERMELLA EL VESTIT NOU DE L&#8221;EMPERADOR LA VENTAFOCS EN TON I LA GUIDA Gaudiu de les meravelloses il\u00b7lustracions de Roser Capdevila i de l&#8221;enginy narratiu de Merc\u00e8 Company. Uns preciosos contes que a alguns us faran tornar a la inf\u00e0ncia i a d&#8221;altres embadalir-vos amb la m\u00e0gia de Les Tres Bessones i la Bruixa Avorrida. Inclou un pr\u00f2leg escrit per la llibretera i mediadora de lectura, Paula Jarrin<\/p>\n","protected":false},"excerpt":{"rendered":"<p>COMPANY GONZ\u00c1LEZ, MERC\u00c8<\/p>\n","protected":false},"featured_media":386686,"template":"","meta":{"_acf_changed":false,"om_disable_all_campaigns":false,"rs_blank_template":"","rs_page_bg_color":"","slide_template_v7":"","inline_featured_image":false,"_monsterinsights_skip_tracking":false,"_monsterinsights_sitenote_active":false,"_monsterinsights_sitenote_note":"","_monsterinsights_sitenote_category":0},"product_brand":[],"product_cat":[131,361],"product_tag":[],"class_list":{"0":"post-40671","1":"product","2":"type-product","3":"status-publish","4":"has-post-thumbnail","6":"product_cat-contes-per-infants-0-6-anys","7":"product_cat-cuentos-para-ninos-0-6-anos","9":"first","10":"instock","11":"taxable","12":"shipping-taxable","13":"purchasable","14":"product-type-simple"},"acf":{"autor":"COMPANY GONZ\u00c1LEZ, MERC\u00c8","codart":"841828834","libros-coleccion":"FORA DE COL.LECCI\u00d3","ediciones":"1","encuadernacion":"Carton\u00e9","fecha_de_publicacion":"01\/03\/2022","novedad":"1","paginas":"135","subtitulo":"LES TRES BESSONES","orden":"0","portada":"0","idioma":"cat","editorial":[{"ID":6145,"post_author":"3","post_date":"2022-07-28 17:45:51","post_date_gmt":"2022-07-28 15:45:51","post_content":"","post_title":"BINDI BOOKS","post_excerpt":"","post_status":"publish","comment_status":"closed","ping_status":"closed","post_password":"","post_name":"bindi-books","to_ping":"","pinged":"","post_modified":"2022-07-28 17:45:51","post_modified_gmt":"2022-07-28 15:45:51","post_content_filtered":"","post_parent":0,"guid":"http:\/\/dev.claret.cat\/editorial\/bindi-books\/","menu_order":0,"post_type":"editorial","post_mime_type":"","comment_count":"0","filter":"raw"}],"autores-libros":[{"ID":164690,"post_author":"3","post_date":"2022-10-14 17:49:06","post_date_gmt":"2022-10-14 15:49:06","post_content":"","post_title":"MERC\u00c8 COMPANY GONZ\u00c1LEZ","post_excerpt":"","post_status":"publish","comment_status":"closed","ping_status":"closed","post_password":"","post_name":"merce-company-gonzalez","to_ping":"","pinged":"","post_modified":"2022-10-14 17:49:06","post_modified_gmt":"2022-10-14 15:49:06","post_content_filtered":"","post_parent":0,"guid":"http:\/\/dev.claret.cat\/autor\/merce-company-gonzalez\/","menu_order":0,"post_type":"autor","post_mime_type":"","comment_count":"0","filter":"raw"}]},"aioseo_notices":[],"_links":{"self":[{"href":"https:\/\/www.claret.cat\/es\/wp-json\/wp\/v2\/product\/40671","targetHints":{"allow":["GET"]}}],"collection":[{"href":"https:\/\/www.claret.cat\/es\/wp-json\/wp\/v2\/product"}],"about":[{"href":"https:\/\/www.claret.cat\/es\/wp-json\/wp\/v2\/types\/product"}],"wp:featuredmedia":[{"embeddable":true,"href":"https:\/\/www.claret.cat\/es\/wp-json\/wp\/v2\/media\/386686"}],"wp:attachment":[{"href":"https:\/\/www.claret.cat\/es\/wp-json\/wp\/v2\/media?parent=40671"}],"wp:term":[{"taxonomy":"product_brand","embeddable":true,"href":"https:\/\/www.claret.cat\/es\/wp-json\/wp\/v2\/product_brand?post=40671"},{"taxonomy":"product_cat","embeddable":true,"href":"https:\/\/www.claret.cat\/es\/wp-json\/wp\/v2\/product_cat?post=40671"},{"taxonomy":"product_tag","embeddable":true,"href":"https:\/\/www.claret.cat\/es\/wp-json\/wp\/v2\/product_tag?post=40671"}],"curies":[{"name":"wp","href":"https:\/\/api.w.org\/{rel}","templated":true}]}}