{"id":406714,"date":"2023-02-28T05:40:01","date_gmt":"2023-02-28T04:40:01","guid":{"rendered":"https:\/\/www.claret.cat\/llibre\/escucha-las-estaciones-9788491014638\/"},"modified":"2023-02-28T05:40:09","modified_gmt":"2023-02-28T04:40:09","slug":"escucha-las-estaciones-9788491014638","status":"publish","type":"product","link":"https:\/\/www.claret.cat\/es\/libro\/escucha-las-estaciones-9788491014638\/","title":{"rendered":"ESCUCHA LAS ESTACIONES"},"content":{"rendered":"<p>\u00bfConoces los sonidos de las estaciones? Si escuchas con atenci\u00f3n, podr\u00e1s descubrir el canto de los p\u00e1jaros en primavera, el rumor de las olas del mar en verano, las tormentas en oto\u00f1o o las pisadas en la nieve en invierno.<\/p>\n","protected":false},"excerpt":{"rendered":"<p>MART\u00cd ORRIOLS, MERITXELL \/ SALOM\u00d3 FISA, XAVIER<\/p>\n","protected":false},"featured_media":406715,"template":"","meta":{"_acf_changed":false,"om_disable_all_campaigns":false,"rs_blank_template":"","rs_page_bg_color":"","slide_template_v7":"","inline_featured_image":false,"_monsterinsights_skip_tracking":false,"_monsterinsights_sitenote_active":false,"_monsterinsights_sitenote_note":"","_monsterinsights_sitenote_category":0},"product_brand":[],"product_cat":[86,352],"product_tag":[],"class_list":{"0":"post-406714","1":"product","2":"type-product","3":"status-publish","4":"has-post-thumbnail","6":"product_cat-infantil","7":"product_cat-infantil-3_infantil-juvenil-spa","9":"first","10":"instock","11":"taxable","12":"shipping-taxable","13":"purchasable","14":"product-type-simple"},"acf":{"autor":"MART\u00cd ORRIOLS, MERITXELL \/ SALOM\u00d3 FISA, XAVIER","codart":"849101463","libros-coleccion":"COMBEL","ediciones":"1","encuadernacion":"Carton\u00e9","fecha_de_publicacion":"01\/01\/2019","novedad":"1","paginas":"45","subtitulo":"","orden":"0","portada":"0","idioma":"spa","editorial":[{"ID":147650,"post_author":"3","post_date":"2022-10-14 11:52:12","post_date_gmt":"2022-10-14 09:52:12","post_content":"","post_title":"COMBEL EDITORIL","post_excerpt":"","post_status":"publish","comment_status":"closed","ping_status":"closed","post_password":"","post_name":"combel-editoril","to_ping":"","pinged":"","post_modified":"2022-10-14 11:52:12","post_modified_gmt":"2022-10-14 09:52:12","post_content_filtered":"","post_parent":0,"guid":"http:\/\/dev.claret.cat\/editorial\/combel-editoril\/","menu_order":0,"post_type":"editorial","post_mime_type":"","comment_count":"0","filter":"raw"}],"autores-libros":[{"ID":164756,"post_author":"3","post_date":"2022-10-14 17:49:38","post_date_gmt":"2022-10-14 15:49:38","post_content":"","post_title":"MERITXELL MART\u00cd ORRIOLS","post_excerpt":"","post_status":"publish","comment_status":"closed","ping_status":"closed","post_password":"","post_name":"meritxell-marti-orriols","to_ping":"","pinged":"","post_modified":"2022-10-14 17:49:38","post_modified_gmt":"2022-10-14 15:49:38","post_content_filtered":"","post_parent":0,"guid":"http:\/\/dev.claret.cat\/autor\/meritxell-marti-orriols\/","menu_order":0,"post_type":"autor","post_mime_type":"","comment_count":"0","filter":"raw"},{"ID":171492,"post_author":"3","post_date":"2022-10-14 22:43:50","post_date_gmt":"2022-10-14 20:43:50","post_content":"","post_title":"XAVIER SALOM\u00d3 FISA","post_excerpt":"","post_status":"publish","comment_status":"closed","ping_status":"closed","post_password":"","post_name":"xavier-salomo-fisa","to_ping":"","pinged":"","post_modified":"2022-10-14 22:43:50","post_modified_gmt":"2022-10-14 20:43:50","post_content_filtered":"","post_parent":0,"guid":"http:\/\/dev.claret.cat\/autor\/xavier-salomo-fisa\/","menu_order":0,"post_type":"autor","post_mime_type":"","comment_count":"0","filter":"raw"}]},"aioseo_notices":[],"_links":{"self":[{"href":"https:\/\/www.claret.cat\/es\/wp-json\/wp\/v2\/product\/406714","targetHints":{"allow":["GET"]}}],"collection":[{"href":"https:\/\/www.claret.cat\/es\/wp-json\/wp\/v2\/product"}],"about":[{"href":"https:\/\/www.claret.cat\/es\/wp-json\/wp\/v2\/types\/product"}],"wp:featuredmedia":[{"embeddable":true,"href":"https:\/\/www.claret.cat\/es\/wp-json\/wp\/v2\/media\/406715"}],"wp:attachment":[{"href":"https:\/\/www.claret.cat\/es\/wp-json\/wp\/v2\/media?parent=406714"}],"wp:term":[{"taxonomy":"product_brand","embeddable":true,"href":"https:\/\/www.claret.cat\/es\/wp-json\/wp\/v2\/product_brand?post=406714"},{"taxonomy":"product_cat","embeddable":true,"href":"https:\/\/www.claret.cat\/es\/wp-json\/wp\/v2\/product_cat?post=406714"},{"taxonomy":"product_tag","embeddable":true,"href":"https:\/\/www.claret.cat\/es\/wp-json\/wp\/v2\/product_tag?post=406714"}],"curies":[{"name":"wp","href":"https:\/\/api.w.org\/{rel}","templated":true}]}}