{"id":406738,"date":"2023-02-28T05:41:47","date_gmt":"2023-02-28T04:41:47","guid":{"rendered":"https:\/\/www.claret.cat\/llibre\/jugallibre-9788491015116\/"},"modified":"2023-02-28T05:41:53","modified_gmt":"2023-02-28T04:41:53","slug":"jugallibre-9788491015116","status":"publish","type":"product","link":"https:\/\/www.claret.cat\/es\/libro\/jugallibre-9788491015116\/","title":{"rendered":"JUGA-LLIBRE"},"content":{"rendered":"<p>Llibres de gran format amb rimes i textos senzills, colors vius i textures diverses que conviden els m\u00e9s petits a experimentar a trav\u00e9s del tacte i de la vista. Una col\u00b7lecci\u00f3 perqu\u00e8 els que encara no saben llegir comencin a manipular els seus primers llibres per mitj\u00e0 del joc.<br \/>Juga amb els sentits i explora colors, textures i formes!<\/p>\n","protected":false},"excerpt":{"rendered":"<p>MARTI , MERITXELL<\/p>\n","protected":false},"featured_media":406739,"template":"","meta":{"_acf_changed":false,"om_disable_all_campaigns":false,"rs_blank_template":"","rs_page_bg_color":"","slide_template_v7":"","inline_featured_image":false,"_monsterinsights_skip_tracking":false,"_monsterinsights_sitenote_active":false,"_monsterinsights_sitenote_note":"","_monsterinsights_sitenote_category":0},"product_brand":[],"product_cat":[86,352],"product_tag":[],"class_list":{"0":"post-406738","1":"product","2":"type-product","3":"status-publish","4":"has-post-thumbnail","6":"product_cat-infantil","7":"product_cat-infantil-3_infantil-juvenil-spa","9":"first","10":"instock","11":"taxable","12":"shipping-taxable","13":"purchasable","14":"product-type-simple"},"acf":{"autor":"MARTI , MERITXELL","codart":"849101511","libros-coleccion":"Toca, toca","ediciones":"1","encuadernacion":"Carpeta","fecha_de_publicacion":"01\/09\/2019","novedad":"1","paginas":"12","subtitulo":"","orden":"0","portada":"0","idioma":"cat","editorial":[{"ID":147650,"post_author":"3","post_date":"2022-10-14 11:52:12","post_date_gmt":"2022-10-14 09:52:12","post_content":"","post_title":"COMBEL EDITORIL","post_excerpt":"","post_status":"publish","comment_status":"closed","ping_status":"closed","post_password":"","post_name":"combel-editoril","to_ping":"","pinged":"","post_modified":"2022-10-14 11:52:12","post_modified_gmt":"2022-10-14 09:52:12","post_content_filtered":"","post_parent":0,"guid":"http:\/\/dev.claret.cat\/editorial\/combel-editoril\/","menu_order":0,"post_type":"editorial","post_mime_type":"","comment_count":"0","filter":"raw"}],"autores-libros":[{"ID":164754,"post_author":"3","post_date":"2022-10-14 17:49:37","post_date_gmt":"2022-10-14 15:49:37","post_content":"","post_title":"MERITXELL MART\u00cd","post_excerpt":"","post_status":"publish","comment_status":"closed","ping_status":"closed","post_password":"","post_name":"meritxell-marti","to_ping":"","pinged":"","post_modified":"2022-10-14 17:49:37","post_modified_gmt":"2022-10-14 15:49:37","post_content_filtered":"","post_parent":0,"guid":"http:\/\/dev.claret.cat\/autor\/meritxell-marti\/","menu_order":0,"post_type":"autor","post_mime_type":"","comment_count":"0","filter":"raw"}]},"aioseo_notices":[],"_links":{"self":[{"href":"https:\/\/www.claret.cat\/es\/wp-json\/wp\/v2\/product\/406738","targetHints":{"allow":["GET"]}}],"collection":[{"href":"https:\/\/www.claret.cat\/es\/wp-json\/wp\/v2\/product"}],"about":[{"href":"https:\/\/www.claret.cat\/es\/wp-json\/wp\/v2\/types\/product"}],"wp:featuredmedia":[{"embeddable":true,"href":"https:\/\/www.claret.cat\/es\/wp-json\/wp\/v2\/media\/406739"}],"wp:attachment":[{"href":"https:\/\/www.claret.cat\/es\/wp-json\/wp\/v2\/media?parent=406738"}],"wp:term":[{"taxonomy":"product_brand","embeddable":true,"href":"https:\/\/www.claret.cat\/es\/wp-json\/wp\/v2\/product_brand?post=406738"},{"taxonomy":"product_cat","embeddable":true,"href":"https:\/\/www.claret.cat\/es\/wp-json\/wp\/v2\/product_cat?post=406738"},{"taxonomy":"product_tag","embeddable":true,"href":"https:\/\/www.claret.cat\/es\/wp-json\/wp\/v2\/product_tag?post=406738"}],"curies":[{"name":"wp","href":"https:\/\/api.w.org\/{rel}","templated":true}]}}