{"id":406776,"date":"2023-02-28T05:44:22","date_gmt":"2023-02-28T04:44:22","guid":{"rendered":"https:\/\/www.claret.cat\/llibre\/tu-puedes-superar-la-depresion-9788491110637\/"},"modified":"2023-02-28T05:44:28","modified_gmt":"2023-02-28T04:44:28","slug":"tu-puedes-superar-la-depresion-9788491110637","status":"publish","type":"product","link":"https:\/\/www.claret.cat\/es\/libro\/tu-puedes-superar-la-depresion-9788491110637\/","title":{"rendered":"T\u00da PUEDES SUPERAR LA DEPRESI\u00d3N"},"content":{"rendered":"<p>Esta gu\u00eda de autoayuda, altamente recomendada por profesionales de la salud mental de todo el mundo, supone un enfoque claro y de f\u00e1cil comprensi\u00f3n sobre la depresi\u00f3n y ha ayudado a decenas de miles de lectores. Completamente revisada y actualizada, esta nueva versi\u00f3n incluye un nuevo y detallado an\u00e1lisis sobre el trastorno bipolar y su tratamiento. Aprende con ella los diferentes tipos de depresi\u00f3n, as\u00ed como a utilizar procedimientos de autoayuda totalmente probados, a reconocer cu\u00e1ndo puedes &#8216;superarlo t\u00fa solo&#8217; y cu\u00e1ndo no, a entender el funcionamiento de los medicamentos para la depresi\u00f3n y a encontrar el tratamiento profesional adecuado si lo necesitas.<\/p>\n","protected":false},"excerpt":{"rendered":"<p>PRESTON, JOHN<\/p>\n","protected":false},"featured_media":406777,"template":"","meta":{"_acf_changed":false,"om_disable_all_campaigns":false,"rs_blank_template":"","rs_page_bg_color":"","slide_template_v7":"","inline_featured_image":false,"_monsterinsights_skip_tracking":false,"_monsterinsights_sitenote_active":false,"_monsterinsights_sitenote_note":"","_monsterinsights_sitenote_category":0},"product_brand":[],"product_cat":[347,81,547,97],"product_tag":[],"class_list":{"0":"post-406776","1":"product","2":"type-product","3":"status-publish","4":"has-post-thumbnail","6":"product_cat-psicologia-2_humanidades","7":"product_cat-psicologia","8":"product_cat-salud","9":"product_cat-salut","11":"first","12":"instock","13":"taxable","14":"shipping-taxable","15":"purchasable","16":"product-type-simple"},"acf":{"autor":"PRESTON, JOHN","codart":"849111063","libros-coleccion":"","ediciones":"1","encuadernacion":"R\u00fastica","fecha_de_publicacion":"10\/02\/2016","novedad":"0","paginas":"207","subtitulo":"","orden":"999","portada":"0","idioma":"spa","editorial":[{"ID":148599,"post_author":"3","post_date":"2022-10-14 11:59:30","post_date_gmt":"2022-10-14 09:59:30","post_content":"","post_title":"OBELISCO, EDICIONES S.A.","post_excerpt":"","post_status":"publish","comment_status":"closed","ping_status":"closed","post_password":"","post_name":"obelisco-ediciones-s-a","to_ping":"","pinged":"","post_modified":"2022-10-14 11:59:30","post_modified_gmt":"2022-10-14 09:59:30","post_content_filtered":"","post_parent":0,"guid":"http:\/\/dev.claret.cat\/editorial\/obelisco-ediciones-s-a\/","menu_order":0,"post_type":"editorial","post_mime_type":"","comment_count":"0","filter":"raw"}],"autores-libros":[{"ID":159693,"post_author":"3","post_date":"2022-10-14 15:46:57","post_date_gmt":"2022-10-14 13:46:57","post_content":"","post_title":"JOHN PRESTON","post_excerpt":"","post_status":"publish","comment_status":"closed","ping_status":"closed","post_password":"","post_name":"john-preston","to_ping":"","pinged":"","post_modified":"2022-10-14 15:46:57","post_modified_gmt":"2022-10-14 13:46:57","post_content_filtered":"","post_parent":0,"guid":"http:\/\/dev.claret.cat\/autor\/john-preston\/","menu_order":0,"post_type":"autor","post_mime_type":"","comment_count":"0","filter":"raw"}]},"aioseo_notices":[],"_links":{"self":[{"href":"https:\/\/www.claret.cat\/es\/wp-json\/wp\/v2\/product\/406776","targetHints":{"allow":["GET"]}}],"collection":[{"href":"https:\/\/www.claret.cat\/es\/wp-json\/wp\/v2\/product"}],"about":[{"href":"https:\/\/www.claret.cat\/es\/wp-json\/wp\/v2\/types\/product"}],"wp:featuredmedia":[{"embeddable":true,"href":"https:\/\/www.claret.cat\/es\/wp-json\/wp\/v2\/media\/406777"}],"wp:attachment":[{"href":"https:\/\/www.claret.cat\/es\/wp-json\/wp\/v2\/media?parent=406776"}],"wp:term":[{"taxonomy":"product_brand","embeddable":true,"href":"https:\/\/www.claret.cat\/es\/wp-json\/wp\/v2\/product_brand?post=406776"},{"taxonomy":"product_cat","embeddable":true,"href":"https:\/\/www.claret.cat\/es\/wp-json\/wp\/v2\/product_cat?post=406776"},{"taxonomy":"product_tag","embeddable":true,"href":"https:\/\/www.claret.cat\/es\/wp-json\/wp\/v2\/product_tag?post=406776"}],"curies":[{"name":"wp","href":"https:\/\/api.w.org\/{rel}","templated":true}]}}