{"id":406824,"date":"2023-02-28T05:47:13","date_gmt":"2023-02-28T04:47:13","guid":{"rendered":"https:\/\/www.claret.cat\/llibre\/los-hombres-buscan-las-mujeres-eligen-9788491114574\/"},"modified":"2023-02-28T05:47:20","modified_gmt":"2023-02-28T04:47:20","slug":"los-hombres-buscan-las-mujeres-eligen-9788491114574","status":"publish","type":"product","link":"https:\/\/www.claret.cat\/es\/libro\/los-hombres-buscan-las-mujeres-eligen-9788491114574\/","title":{"rendered":"LOS HOMBRES BUSCAN, LAS MUJERES ELIGEN"},"content":{"rendered":"<p>\u00bfEst\u00e1s cansado de buscar respuestas sobre las citas o el amor y acabar vac\u00edo? \u00bfEst\u00e1s harto de libros que te prometen grandes conocimientos, pero que se basan simplemente en an\u00e9cdotas o en opiniones personales? \u00bfTe gustar\u00eda disponer de un libro que se base en investigaciones reales y en ciencia bien fundamentada y que, adem\u00e1s, sea de f\u00e1cil lectura y comprensi\u00f3n?  \u00a1Pues est\u00e1s de suerte! Con este libro, la bi\u00f3loga Dawn Maslar te ayudar\u00e1 a descubrir que&#8230;  El amor es una reacci\u00f3n qu\u00edmica que afecta a tu cerebro. Que enamorarse es s\u00f3lo una fase de un proceso que consta de muchas etapas. Que enamorarte cambia la forma en que funciona tu cerebro. Que las acciones que emprendes al principio de una relaci\u00f3n pueden provocar que la otra persona se aleje o que se enamore de ti. Que el sentimiento de &#8221;enamorarse&#8221; dura un per\u00edodo de tiempo predecible. Que &#8221;enamorarse&#8221; y &#8221;estar enamorado&#8221; son cosas muy distintas. Adem\u00e1s, careces de control sobre los cambios neurol\u00f3gicos relacionados con el hecho de enamorarte, pero s\u00ed que lo tienes sobre el hecho de estar enamorado. Pero lo m\u00e1s importante que debes saber es que el amor es un proceso biol\u00f3gico, y una vez que comprendas la ciencia que hay detr\u00e1s de la forma en que funciona el amor, eso har\u00e1 que encontrar y conservar el amor te resulte m\u00e1s f\u00e1cil.  Permite que Dawn Maslar, la bi\u00f3loga del amor, te dirija, paso a paso, para que encuentres el amor revitalizador, apasionado y duradero.<\/p>\n","protected":false},"excerpt":{"rendered":"<p>MASLAR, DAWN<\/p>\n","protected":false},"featured_media":406825,"template":"","meta":{"_acf_changed":false,"om_disable_all_campaigns":false,"rs_blank_template":"","rs_page_bg_color":"","slide_template_v7":"","inline_featured_image":false,"_monsterinsights_skip_tracking":false,"_monsterinsights_sitenote_active":false,"_monsterinsights_sitenote_note":"","_monsterinsights_sitenote_category":0},"product_brand":[],"product_cat":[81,347],"product_tag":[],"class_list":{"0":"post-406824","1":"product","2":"type-product","3":"status-publish","4":"has-post-thumbnail","6":"product_cat-psicologia","7":"product_cat-psicologia-2_humanidades","9":"first","10":"instock","11":"taxable","12":"shipping-taxable","13":"purchasable","14":"product-type-simple"},"acf":{"autor":"MASLAR, DAWN","codart":"849111457","libros-coleccion":"Psicolog\u00eda","ediciones":"1","encuadernacion":"R\u00fastica","fecha_de_publicacion":"01\/05\/2019","novedad":"1","paginas":"251","subtitulo":"","orden":"0","portada":"0","idioma":"spa","editorial":[{"ID":6318,"post_author":"3","post_date":"2022-07-28 17:49:37","post_date_gmt":"2022-07-28 15:49:37","post_content":"","post_title":"OBELISCO","post_excerpt":"","post_status":"publish","comment_status":"closed","ping_status":"closed","post_password":"","post_name":"obelisco","to_ping":"","pinged":"","post_modified":"2022-07-28 17:49:37","post_modified_gmt":"2022-07-28 15:49:37","post_content_filtered":"","post_parent":0,"guid":"http:\/\/dev.claret.cat\/editorial\/obelisco\/","menu_order":0,"post_type":"editorial","post_mime_type":"","comment_count":"0","filter":"raw"}],"autores-libros":[{"ID":153998,"post_author":"3","post_date":"2022-10-14 15:01:15","post_date_gmt":"2022-10-14 13:01:15","post_content":"","post_title":"DAWN MASLAR","post_excerpt":"","post_status":"publish","comment_status":"closed","ping_status":"closed","post_password":"","post_name":"dawn-maslar","to_ping":"","pinged":"","post_modified":"2022-10-14 15:01:15","post_modified_gmt":"2022-10-14 13:01:15","post_content_filtered":"","post_parent":0,"guid":"http:\/\/dev.claret.cat\/autor\/dawn-maslar\/","menu_order":0,"post_type":"autor","post_mime_type":"","comment_count":"0","filter":"raw"}]},"aioseo_notices":[],"_links":{"self":[{"href":"https:\/\/www.claret.cat\/es\/wp-json\/wp\/v2\/product\/406824","targetHints":{"allow":["GET"]}}],"collection":[{"href":"https:\/\/www.claret.cat\/es\/wp-json\/wp\/v2\/product"}],"about":[{"href":"https:\/\/www.claret.cat\/es\/wp-json\/wp\/v2\/types\/product"}],"wp:featuredmedia":[{"embeddable":true,"href":"https:\/\/www.claret.cat\/es\/wp-json\/wp\/v2\/media\/406825"}],"wp:attachment":[{"href":"https:\/\/www.claret.cat\/es\/wp-json\/wp\/v2\/media?parent=406824"}],"wp:term":[{"taxonomy":"product_brand","embeddable":true,"href":"https:\/\/www.claret.cat\/es\/wp-json\/wp\/v2\/product_brand?post=406824"},{"taxonomy":"product_cat","embeddable":true,"href":"https:\/\/www.claret.cat\/es\/wp-json\/wp\/v2\/product_cat?post=406824"},{"taxonomy":"product_tag","embeddable":true,"href":"https:\/\/www.claret.cat\/es\/wp-json\/wp\/v2\/product_tag?post=406824"}],"curies":[{"name":"wp","href":"https:\/\/api.w.org\/{rel}","templated":true}]}}