{"id":406884,"date":"2023-02-28T05:50:42","date_gmt":"2023-02-28T04:50:42","guid":{"rendered":"https:\/\/www.claret.cat\/llibre\/la-alimentacion-la-tercera-medicina-9788491180418\/"},"modified":"2025-02-04T18:22:12","modified_gmt":"2025-02-04T17:22:12","slug":"la-alimentacion-la-tercera-medicina-9788491180418","status":"publish","type":"product","link":"https:\/\/www.claret.cat\/es\/libro\/la-alimentacion-la-tercera-medicina-9788491180418\/","title":{"rendered":"LA ALIMENTACI\u00d3N, LA TERCERA MEDICINA"},"content":{"rendered":"<p>La dieta del Dr. Seignalet, tambi\u00e9n conocida como dieta ancestral, propone unas pautas adecuadas a las<br \/> necesidades reales de nuestro organismo. Desaconseja la ingesti\u00f3n de cereales y l\u00e1cteos e insiste en que la preparaci\u00f3n<br \/> de los alimentos sea lo m\u00e1s sencilla posible. Con estas premisas, el Dr. Seignalet consigui\u00f3 la mejor\u00eda o curaci\u00f3n<br \/> total de miles de pacientes que hab\u00edan sido abandonados por la medicina convencional. Su m\u00e9todo sigue sumando adeptos y<br \/> sus descubrimientos biomoleculares se siguen teniendo en cuenta para nuevas investigaciones cient\u00edficas.<\/p>\n","protected":false},"excerpt":{"rendered":"<p>SEIGNALET , JEAN<\/p>\n","protected":false},"featured_media":406885,"template":"","meta":{"_acf_changed":false,"om_disable_all_campaigns":false,"rs_blank_template":"","rs_page_bg_color":"","slide_template_v7":"","inline_featured_image":false,"_monsterinsights_skip_tracking":false,"_monsterinsights_sitenote_active":false,"_monsterinsights_sitenote_note":"","_monsterinsights_sitenote_category":0},"product_brand":[],"product_cat":[547,97],"product_tag":[],"class_list":{"0":"post-406884","1":"product","2":"type-product","3":"status-publish","4":"has-post-thumbnail","6":"product_cat-salud","7":"product_cat-salut","9":"first","10":"instock","11":"taxable","12":"shipping-taxable","13":"purchasable","14":"product-type-simple"},"acf":{"autor":"SEIGNALET , JEAN","codart":"849118041","libros-coleccion":"","ediciones":"1","encuadernacion":"R\u00fastica","fecha_de_publicacion":"25\/02\/2016","novedad":"0","paginas":"696","subtitulo":"","orden":"999","portada":"0","idioma":"spa","editorial":[{"ID":8268,"post_author":"3","post_date":"2022-09-30 09:21:37","post_date_gmt":"2022-09-30 07:21:37","post_content":"","post_title":"RBA LIBROS SA.","post_excerpt":"","post_status":"publish","comment_status":"closed","ping_status":"closed","post_password":"","post_name":"rba-libros-sa","to_ping":"","pinged":"","post_modified":"2022-09-30 09:21:37","post_modified_gmt":"2022-09-30 07:21:37","post_content_filtered":"","post_parent":0,"guid":"http:\/\/dev.claret.cat\/editorial\/rba-libros-sa\/","menu_order":0,"post_type":"editorial","post_mime_type":"","comment_count":"0","filter":"raw"}],"autores-libros":[{"ID":406883,"post_author":"3","post_date":"2023-02-28 05:50:39","post_date_gmt":"2023-02-28 04:50:39","post_content":"","post_title":"JEAN SEIGNALET","post_excerpt":"","post_status":"publish","comment_status":"closed","ping_status":"closed","post_password":"","post_name":"jean-seignalet","to_ping":"","pinged":"","post_modified":"2023-02-28 05:50:39","post_modified_gmt":"2023-02-28 04:50:39","post_content_filtered":"","post_parent":0,"guid":"https:\/\/www.claret.cat\/autor\/jean-seignalet\/","menu_order":0,"post_type":"autor","post_mime_type":"","comment_count":"0","filter":"raw"}]},"aioseo_notices":[],"_links":{"self":[{"href":"https:\/\/www.claret.cat\/es\/wp-json\/wp\/v2\/product\/406884","targetHints":{"allow":["GET"]}}],"collection":[{"href":"https:\/\/www.claret.cat\/es\/wp-json\/wp\/v2\/product"}],"about":[{"href":"https:\/\/www.claret.cat\/es\/wp-json\/wp\/v2\/types\/product"}],"wp:featuredmedia":[{"embeddable":true,"href":"https:\/\/www.claret.cat\/es\/wp-json\/wp\/v2\/media\/406885"}],"wp:attachment":[{"href":"https:\/\/www.claret.cat\/es\/wp-json\/wp\/v2\/media?parent=406884"}],"wp:term":[{"taxonomy":"product_brand","embeddable":true,"href":"https:\/\/www.claret.cat\/es\/wp-json\/wp\/v2\/product_brand?post=406884"},{"taxonomy":"product_cat","embeddable":true,"href":"https:\/\/www.claret.cat\/es\/wp-json\/wp\/v2\/product_cat?post=406884"},{"taxonomy":"product_tag","embeddable":true,"href":"https:\/\/www.claret.cat\/es\/wp-json\/wp\/v2\/product_tag?post=406884"}],"curies":[{"name":"wp","href":"https:\/\/api.w.org\/{rel}","templated":true}]}}