{"id":406900,"date":"2023-02-28T05:51:41","date_gmt":"2023-02-28T04:51:41","guid":{"rendered":"https:\/\/www.claret.cat\/llibre\/cuida-tus-cervicales-9788491181996\/"},"modified":"2025-02-04T17:11:57","modified_gmt":"2025-02-04T16:11:57","slug":"cuida-tus-cervicales-9788491181996","status":"publish","type":"product","link":"https:\/\/www.claret.cat\/es\/libro\/cuida-tus-cervicales-9788491181996\/","title":{"rendered":"CUIDA TUS CERVICALES"},"content":{"rendered":"<p>Las t\u00e9cnicas m\u00e1s efectivas para aliviar el dolor cervical La funci\u00f3n de las v\u00e9rtebras cervicales es primordial: por ellas pasan los centros nerviosos que se ramifican y conectan el cerebro con el resto del cuerpo. Cualquier molestia en esa zona se nos hace insufrible. Pero \u00bfle prestamos los cuidados que se merece? Las t\u00e9cnicas naturistas han puesto a nuestro alcance un amplio abanico de posibilidades para prevenir y hacer frente a los dolores cervicales. En este libro, el doctor Sagrera, te ofrece: \u00b7 Las pistas para reconocer un dolor muscular o articular, y si es algo serio que conviene consultar. \u00b7 Recomendaciones para decidir a qu\u00e9 especialista acudir (oste\u00f3pata, traumat\u00f3logo, fisioterapeuta). \u00b7 Los tratamientos no invasivos m\u00e1s adecuados para las distintas patolog\u00edas. \u00b7 H\u00e1bitos de higiene postural, ejercicios, estiramientos y decenas de consejos para prevenir y tratar los dolores del cuello.<\/p>\n","protected":false},"excerpt":{"rendered":"<p>SAGRERA DR. JORDI<\/p>\n","protected":false},"featured_media":406901,"template":"","meta":{"_acf_changed":false,"om_disable_all_campaigns":false,"rs_blank_template":"","rs_page_bg_color":"","slide_template_v7":"","inline_featured_image":false,"_monsterinsights_skip_tracking":false,"_monsterinsights_sitenote_active":false,"_monsterinsights_sitenote_note":"","_monsterinsights_sitenote_category":0},"product_brand":[],"product_cat":[547,97],"product_tag":[],"class_list":{"0":"post-406900","1":"product","2":"type-product","3":"status-publish","4":"has-post-thumbnail","6":"product_cat-salud","7":"product_cat-salut","9":"first","10":"instock","11":"taxable","12":"shipping-taxable","13":"purchasable","14":"product-type-simple"},"acf":{"autor":"SAGRERA DR. JORDI","codart":"849118199","libros-coleccion":"Salud","ediciones":"1","encuadernacion":"R\u00fastica","fecha_de_publicacion":"01\/06\/2019","novedad":"1","paginas":"188","subtitulo":"","orden":"0","portada":"0","idioma":"spa","editorial":[{"ID":148735,"post_author":"3","post_date":"2022-10-14 12:00:34","post_date_gmt":"2022-10-14 10:00:34","post_content":"","post_title":"RBA Integral","post_excerpt":"","post_status":"publish","comment_status":"closed","ping_status":"closed","post_password":"","post_name":"rba-integral","to_ping":"","pinged":"","post_modified":"2022-10-14 12:00:34","post_modified_gmt":"2022-10-14 10:00:34","post_content_filtered":"","post_parent":0,"guid":"http:\/\/dev.claret.cat\/editorial\/rba-integral\/","menu_order":0,"post_type":"editorial","post_mime_type":"","comment_count":"0","filter":"raw"}],"autores-libros":[{"ID":168787,"post_author":"3","post_date":"2022-10-14 22:21:56","post_date_gmt":"2022-10-14 20:21:56","post_content":"","post_title":"SAGRERA DR. JORDI","post_excerpt":"","post_status":"publish","comment_status":"closed","ping_status":"closed","post_password":"","post_name":"sagrera-dr-jordi","to_ping":"","pinged":"","post_modified":"2022-10-14 22:21:56","post_modified_gmt":"2022-10-14 20:21:56","post_content_filtered":"","post_parent":0,"guid":"http:\/\/dev.claret.cat\/autor\/sagrera-dr-jordi\/","menu_order":0,"post_type":"autor","post_mime_type":"","comment_count":"0","filter":"raw"}]},"aioseo_notices":[],"_links":{"self":[{"href":"https:\/\/www.claret.cat\/es\/wp-json\/wp\/v2\/product\/406900","targetHints":{"allow":["GET"]}}],"collection":[{"href":"https:\/\/www.claret.cat\/es\/wp-json\/wp\/v2\/product"}],"about":[{"href":"https:\/\/www.claret.cat\/es\/wp-json\/wp\/v2\/types\/product"}],"wp:featuredmedia":[{"embeddable":true,"href":"https:\/\/www.claret.cat\/es\/wp-json\/wp\/v2\/media\/406901"}],"wp:attachment":[{"href":"https:\/\/www.claret.cat\/es\/wp-json\/wp\/v2\/media?parent=406900"}],"wp:term":[{"taxonomy":"product_brand","embeddable":true,"href":"https:\/\/www.claret.cat\/es\/wp-json\/wp\/v2\/product_brand?post=406900"},{"taxonomy":"product_cat","embeddable":true,"href":"https:\/\/www.claret.cat\/es\/wp-json\/wp\/v2\/product_cat?post=406900"},{"taxonomy":"product_tag","embeddable":true,"href":"https:\/\/www.claret.cat\/es\/wp-json\/wp\/v2\/product_tag?post=406900"}],"curies":[{"name":"wp","href":"https:\/\/api.w.org\/{rel}","templated":true}]}}