{"id":406907,"date":"2023-02-28T05:52:07","date_gmt":"2023-02-28T04:52:07","guid":{"rendered":"https:\/\/www.claret.cat\/llibre\/piso-para-dos-9788491293064\/"},"modified":"2023-02-28T05:52:13","modified_gmt":"2023-02-28T04:52:13","slug":"piso-para-dos-9788491293064","status":"publish","type":"product","link":"https:\/\/www.claret.cat\/es\/libro\/piso-para-dos-9788491293064\/","title":{"rendered":"PISO PARA DOS"},"content":{"rendered":"<p>Tiffy y Leon comparten piso.<br \/>Tiffy y Leon comparten cama.<br \/>Tiffy y Leon no se conocen. Tiffy Moore necesita un piso barato, y con urgencia. Leon Twomey trabaja  de noche y anda escaso de dinero. Sus amigos piensan que est\u00e1n locos  pero es la soluci\u00f3n ideal: Leon usa la cama mientras Tiffy est\u00e1 en la  oficina durante el d\u00eda y ella dispone del apartamento el resto del  tiempo. Y su modo de comunicarse mediante notas es divertido y parece  funcionar de maravilla para resolver las vitales cuestiones de qui\u00e9n se  ha acabado la mantequilla y si la tapa del v\u00e1ter deber\u00eda estar subida o bajada. Claro que si a eso se a\u00f1aden exnovios obsesivos, clientes exigentes,  hermanos encarcelados por error y, lo m\u00e1s importante, el hecho de que  a\u00fan no se conocen, Tiffy y Leon est\u00e1n a punto de descubrir que lograr la  convivencia perfecta no es f\u00e1cil. Y que convertirse en amigos puede ser solo el principio&#8230; Sobre la novela han dicho:<br \/>\u00abAbsolutamente encantadora. Una comedia rom\u00e1ntica escrita con mimo y  amor por sus personajes&#8230; Una verdadera delicia.\u00bb<br \/>Stylist \u00abDivertido, emotivo y optimista&#8230; Lo devorar\u00e1s.\u00bb<br \/>Sun \u00abIncre\u00edblemente divertida.\u00bb<br \/>Cosmopolitan \u00abLa novela de O&#8221;Leary est\u00e1 llena de risas y sorpresas; los fans de El diario de Bridget Jones no se la querr\u00e1n perder.\u00bb<br \/>Publishers Weekly \u00abUna delicia de principio a fin&#8230; Con protagonistas que se hacen  querer, di\u00e1logos certeros y una premisa divertida, hay mucho que disfrutar en esta dulce historia. Una novela de amor c\u00e1lida y  encantadora perfecta para los fans de las comedias rom\u00e1nticas cl\u00e1sicas.\u00bb<br \/>Kirkus Reviews \u00abUna novela diferente y optimista, repleta de personalidad y ternura.\u00bb<br \/>Prima \u00abMe encant\u00f3. Un \u00e9xito alegre y encantador.\u00bb<br \/>The Bookseller \u00abDestinada a ser la comedia rom\u00e1ntica del a\u00f1o. Es el Algo para recordar del siglo XXI.\u00bb<br \/>Sunday Express \u00abLa devor\u00e9. Original, divertida y conmovedora. Leedla.\u00bb<br \/>Clare Mackintosh, autora de Te dej\u00e9 ir \u00abEs el tipo de novela que te hace sentir bien: un interminable disfrute de humor inteligente.\u00bb<br \/>Daily Express \u00abRabiosamente divertida, con personajes de los que te enamoras desde la primera p\u00e1gina.\u00bb<br \/>Woman &amp; Home  \u00abEmocionante y brillante.\u00bb<br \/>Closer<\/p>\n","protected":false},"excerpt":{"rendered":"<p>O&#8221;LEARY, BETH<\/p>\n","protected":false},"featured_media":406908,"template":"","meta":{"_acf_changed":false,"om_disable_all_campaigns":false,"rs_blank_template":"","rs_page_bg_color":"","slide_template_v7":"","inline_featured_image":false,"_monsterinsights_skip_tracking":false,"_monsterinsights_sitenote_active":false,"_monsterinsights_sitenote_note":"","_monsterinsights_sitenote_category":0},"product_brand":[],"product_cat":[352,86],"product_tag":[],"class_list":{"0":"post-406907","1":"product","2":"type-product","3":"status-publish","4":"has-post-thumbnail","6":"product_cat-infantil-3_infantil-juvenil-spa","7":"product_cat-infantil","9":"first","10":"instock","11":"taxable","12":"shipping-taxable","13":"purchasable","14":"product-type-simple"},"acf":{"autor":"O''LEARY, BETH","codart":"849129306","libros-coleccion":"FUERA DE COLECCI\u00d3N SUMA.","ediciones":"1","encuadernacion":"R\u00fastica","fecha_de_publicacion":"01\/06\/2019","novedad":"1","paginas":"494","subtitulo":"","orden":"0","portada":"0","idioma":"spa","editorial":[{"ID":6370,"post_author":"3","post_date":"2022-07-28 17:50:44","post_date_gmt":"2022-07-28 15:50:44","post_content":"","post_title":"SUMA","post_excerpt":"","post_status":"publish","comment_status":"closed","ping_status":"closed","post_password":"","post_name":"suma","to_ping":"","pinged":"","post_modified":"2022-07-28 17:50:44","post_modified_gmt":"2022-07-28 15:50:44","post_content_filtered":"","post_parent":0,"guid":"http:\/\/dev.claret.cat\/editorial\/suma\/","menu_order":0,"post_type":"editorial","post_mime_type":"","comment_count":"0","filter":"raw"}],"autores-libros":[{"ID":151681,"post_author":"3","post_date":"2022-10-14 14:42:48","post_date_gmt":"2022-10-14 12:42:48","post_content":"","post_title":"BETH O\u00b4\u00b4LEARY","post_excerpt":"","post_status":"publish","comment_status":"closed","ping_status":"closed","post_password":"","post_name":"beth-oleary","to_ping":"","pinged":"","post_modified":"2022-10-14 14:42:48","post_modified_gmt":"2022-10-14 12:42:48","post_content_filtered":"","post_parent":0,"guid":"http:\/\/dev.claret.cat\/autor\/beth-oleary\/","menu_order":0,"post_type":"autor","post_mime_type":"","comment_count":"0","filter":"raw"}]},"aioseo_notices":[],"_links":{"self":[{"href":"https:\/\/www.claret.cat\/es\/wp-json\/wp\/v2\/product\/406907","targetHints":{"allow":["GET"]}}],"collection":[{"href":"https:\/\/www.claret.cat\/es\/wp-json\/wp\/v2\/product"}],"about":[{"href":"https:\/\/www.claret.cat\/es\/wp-json\/wp\/v2\/types\/product"}],"wp:featuredmedia":[{"embeddable":true,"href":"https:\/\/www.claret.cat\/es\/wp-json\/wp\/v2\/media\/406908"}],"wp:attachment":[{"href":"https:\/\/www.claret.cat\/es\/wp-json\/wp\/v2\/media?parent=406907"}],"wp:term":[{"taxonomy":"product_brand","embeddable":true,"href":"https:\/\/www.claret.cat\/es\/wp-json\/wp\/v2\/product_brand?post=406907"},{"taxonomy":"product_cat","embeddable":true,"href":"https:\/\/www.claret.cat\/es\/wp-json\/wp\/v2\/product_cat?post=406907"},{"taxonomy":"product_tag","embeddable":true,"href":"https:\/\/www.claret.cat\/es\/wp-json\/wp\/v2\/product_tag?post=406907"}],"curies":[{"name":"wp","href":"https:\/\/api.w.org\/{rel}","templated":true}]}}