{"id":407007,"date":"2023-02-28T05:59:07","date_gmt":"2023-02-28T04:59:07","guid":{"rendered":"https:\/\/www.claret.cat\/llibre\/rias-bajas-pontevedra-y-vigo-9788491580300\/"},"modified":"2023-02-28T05:59:15","modified_gmt":"2023-02-28T04:59:15","slug":"rias-bajas-pontevedra-y-vigo-9788491580300","status":"publish","type":"product","link":"https:\/\/www.claret.cat\/es\/libro\/rias-bajas-pontevedra-y-vigo-9788491580300\/","title":{"rendered":"R\u00cdAS BAJAS. PONTEVEDRA Y VIGO"},"content":{"rendered":"<p>Una gu\u00eda pr\u00e1ctica y totalmente actualizada, ideal para realizar un corto viaje a las R\u00edas Bajas.<br \/> La gu\u00eda est\u00e1 dividida en cuatro apartados.<br \/> En el primero, titulado Diez Indispensables, se propone una selecci\u00f3n de los lugares, curiosidades y tradiciones de la zona que no hay que perderse: Las R\u00edas Baixas: espacio cinematogr\u00e1fico, La arquitectura popular, La arquitectura contempor\u00e1nea, Las islas atl\u00e1nticas, La batalla de Rande y la isla de San Sim\u00f3n&#8230;<br \/> En el segundo apartado, Visita a Pontevedra y Vigo, se describen estas dos localidades proporcionando informaci\u00f3n detallada de los lugares con mayor inter\u00e9s. Tambi\u00e9n incluye un plano de ambas ciudades con los monumentos m\u00e1s importantes destacados.<br \/> El siguiente apartado, Excursiones por las R\u00eda Baixas, hace un recorrido por los lugares m\u00e1s emblem\u00e1ticos de la zona: R\u00eda de Corcubi\u00f3n, R\u00eda de Muros y Noia, R\u00eda de Arousa, R\u00eda de Pontevedra y R\u00eda de Vigo.<br \/> Finalmente, se incluye una amplia selecci\u00f3n de restaurantes, alojamientos, direcciones de museos y monumentos, as\u00ed como una exhaustiva informaci\u00f3n pr\u00e1ctica para moverse por la zona.<br \/> Con la gu\u00eda se regala un plano desplegable de Pontevedra con \u00edndice de calles y un mapa de carreteras de las R\u00edas Bajas.<\/p>\n","protected":false},"excerpt":{"rendered":"<p>P\u00c9REZ ALBERTI, AUGUSTO<\/p>\n","protected":false},"featured_media":407008,"template":"","meta":{"_acf_changed":false,"om_disable_all_campaigns":false,"rs_blank_template":"","rs_page_bg_color":"","slide_template_v7":"","inline_featured_image":false,"_monsterinsights_skip_tracking":false,"_monsterinsights_sitenote_active":false,"_monsterinsights_sitenote_note":"","_monsterinsights_sitenote_category":0},"product_brand":[],"product_cat":[557,107],"product_tag":[],"class_list":{"0":"post-407007","1":"product","2":"type-product","3":"status-publish","4":"has-post-thumbnail","6":"product_cat-guias-de-viaje","7":"product_cat-guies-de-viatge","9":"first","10":"instock","11":"taxable","12":"shipping-taxable","13":"purchasable","14":"product-type-simple"},"acf":{"autor":"P\u00c9REZ ALBERTI, AUGUSTO","codart":"849158030","libros-coleccion":"Guiarama Compact - Espa\u00f1a","ediciones":"1","encuadernacion":"R\u00fastica","fecha_de_publicacion":"01\/04\/2018","novedad":"1","paginas":"142","subtitulo":"","orden":"0","portada":"0","idioma":"spa","editorial":[{"ID":147435,"post_author":"3","post_date":"2022-10-14 11:50:33","post_date_gmt":"2022-10-14 09:50:33","post_content":"","post_title":"Anaya Touring","post_excerpt":"","post_status":"publish","comment_status":"closed","ping_status":"closed","post_password":"","post_name":"anaya-touring","to_ping":"","pinged":"","post_modified":"2022-10-14 11:50:33","post_modified_gmt":"2022-10-14 09:50:33","post_content_filtered":"","post_parent":0,"guid":"http:\/\/dev.claret.cat\/editorial\/anaya-touring\/","menu_order":0,"post_type":"editorial","post_mime_type":"","comment_count":"0","filter":"raw"}],"autores-libros":[{"ID":151238,"post_author":"3","post_date":"2022-10-14 14:39:18","post_date_gmt":"2022-10-14 12:39:18","post_content":"","post_title":"AUGUSTO P\u00c9REZ ALBERTI","post_excerpt":"","post_status":"publish","comment_status":"closed","ping_status":"closed","post_password":"","post_name":"augusto-perez-alberti","to_ping":"","pinged":"","post_modified":"2022-10-14 14:39:18","post_modified_gmt":"2022-10-14 12:39:18","post_content_filtered":"","post_parent":0,"guid":"http:\/\/dev.claret.cat\/autor\/augusto-perez-alberti\/","menu_order":0,"post_type":"autor","post_mime_type":"","comment_count":"0","filter":"raw"}]},"aioseo_notices":[],"_links":{"self":[{"href":"https:\/\/www.claret.cat\/es\/wp-json\/wp\/v2\/product\/407007","targetHints":{"allow":["GET"]}}],"collection":[{"href":"https:\/\/www.claret.cat\/es\/wp-json\/wp\/v2\/product"}],"about":[{"href":"https:\/\/www.claret.cat\/es\/wp-json\/wp\/v2\/types\/product"}],"wp:featuredmedia":[{"embeddable":true,"href":"https:\/\/www.claret.cat\/es\/wp-json\/wp\/v2\/media\/407008"}],"wp:attachment":[{"href":"https:\/\/www.claret.cat\/es\/wp-json\/wp\/v2\/media?parent=407007"}],"wp:term":[{"taxonomy":"product_brand","embeddable":true,"href":"https:\/\/www.claret.cat\/es\/wp-json\/wp\/v2\/product_brand?post=407007"},{"taxonomy":"product_cat","embeddable":true,"href":"https:\/\/www.claret.cat\/es\/wp-json\/wp\/v2\/product_cat?post=407007"},{"taxonomy":"product_tag","embeddable":true,"href":"https:\/\/www.claret.cat\/es\/wp-json\/wp\/v2\/product_tag?post=407007"}],"curies":[{"name":"wp","href":"https:\/\/api.w.org\/{rel}","templated":true}]}}