{"id":407077,"date":"2023-02-28T06:04:01","date_gmt":"2023-02-28T05:04:01","guid":{"rendered":"https:\/\/www.claret.cat\/llibre\/el-primer-hombre-comic-9788491814641\/"},"modified":"2023-02-28T06:04:07","modified_gmt":"2023-02-28T05:04:07","slug":"el-primer-hombre-comic-9788491814641","status":"publish","type":"product","link":"https:\/\/www.claret.cat\/es\/libro\/el-primer-hombre-comic-9788491814641\/","title":{"rendered":"EL PRIMER HOMBRE [C\u00d3MIC]"},"content":{"rendered":"<p>C\u00f3mic basado en &#8216; El primer hombre &#8216; , novela autobiogr\u00e1fica de Albert Camus y obra inacabada ya que la muerte le sobrevino cuando estaba escribi\u00e9ndola. <br \/>Un viaje temporal y sentimental a trav\u00e9s de los recuerdos de la primera infancia, una historia con un valor autobiogr\u00e1fico y humano excepcional. El protagonista, Jacques Cormery, \u00e1lter ego de Camus, retorna a Argelia, su tierra natal, para tratar de dar sentido a su vida. All\u00ed se reencuentra con su anciana madre que apenas recuerda nada y recorre los espacios en los que creci\u00f3 y de los que huy\u00f3 para alejase de la miseria y la enfermedad. <br \/>Con esfuerzo, a trav\u00e9s de im\u00e1genes y recuerdos arrebatados al olvido, el protagonista re\u00fane los momentos m\u00e1s significativos de su ni\u00f1ez: el papel de una abuela severa y de su dulce madre, el trato con su primer profesor, el descubrimiento del mundo exterior, la triste historia de una tierra devastada por la guerra y la venganza, la figura del padre, un hombre pobre que mantuvo la dignidad hasta el \u00faltimo instante de su vida&#8230;<br \/>A lo largo de este relato, descubrimos las ra\u00edces que marcar\u00e1n la personalidad de Albert Camus, su sensibilidad, la g\u00e9nesis de su pensamiento y las razones de su compromiso pol\u00edtico.<br \/>Esta adaptaci\u00f3n cuenta con una introducci\u00f3n de Alice Kaplan, especialista en Albert Camus, en la que se explica el contexto de la obra y las circunstancias en las que fue publicada en 1994, con un \u00e9xito inmediato.<\/p>\n","protected":false},"excerpt":{"rendered":"<p>FERRANDEZ, JACQUES \/ CAMUS, ALBERT<\/p>\n","protected":false},"featured_media":407078,"template":"","meta":{"_acf_changed":false,"om_disable_all_campaigns":false,"rs_blank_template":"","rs_page_bg_color":"","slide_template_v7":"","inline_featured_image":false,"_monsterinsights_skip_tracking":false,"_monsterinsights_sitenote_active":false,"_monsterinsights_sitenote_note":"","_monsterinsights_sitenote_category":0},"product_brand":[],"product_cat":[108,558],"product_tag":[],"class_list":{"0":"post-407077","1":"product","2":"type-product","3":"status-publish","4":"has-post-thumbnail","6":"product_cat-comic","7":"product_cat-comic-3_infantil-juvenil-spa-spa","9":"first","10":"instock","11":"taxable","12":"shipping-taxable","13":"purchasable","14":"product-type-simple"},"acf":{"autor":"FERRANDEZ, JACQUES \/ CAMUS, ALBERT","codart":"849181464","libros-coleccion":"Libros Singulares (Ls)","ediciones":"1","encuadernacion":"Carton\u00e9","fecha_de_publicacion":"01\/05\/2019","novedad":"1","paginas":"181","subtitulo":"","orden":"0","portada":"0","idioma":"spa","editorial":[{"ID":6119,"post_author":"3","post_date":"2022-07-28 17:45:18","post_date_gmt":"2022-07-28 15:45:18","post_content":"","post_title":"Alianza Editorial","post_excerpt":"","post_status":"publish","comment_status":"closed","ping_status":"closed","post_password":"","post_name":"alianza-editorial","to_ping":"","pinged":"","post_modified":"2022-07-28 17:45:18","post_modified_gmt":"2022-07-28 15:45:18","post_content_filtered":"","post_parent":0,"guid":"http:\/\/dev.claret.cat\/editorial\/alianza-editorial\/","menu_order":0,"post_type":"editorial","post_mime_type":"","comment_count":"0","filter":"raw"}],"autores-libros":[{"ID":158324,"post_author":"3","post_date":"2022-10-14 15:35:56","post_date_gmt":"2022-10-14 13:35:56","post_content":"","post_title":"JACQUES FERRANDEZ","post_excerpt":"","post_status":"publish","comment_status":"closed","ping_status":"closed","post_password":"","post_name":"jacques-ferrandez","to_ping":"","pinged":"","post_modified":"2022-10-14 15:35:56","post_modified_gmt":"2022-10-14 13:35:56","post_content_filtered":"","post_parent":0,"guid":"http:\/\/dev.claret.cat\/autor\/jacques-ferrandez\/","menu_order":0,"post_type":"autor","post_mime_type":"","comment_count":"0","filter":"raw"},{"ID":149405,"post_author":"3","post_date":"2022-10-14 14:24:35","post_date_gmt":"2022-10-14 12:24:35","post_content":"","post_title":"ALBERT CAMUS","post_excerpt":"","post_status":"publish","comment_status":"closed","ping_status":"closed","post_password":"","post_name":"albert-camus","to_ping":"","pinged":"","post_modified":"2022-10-14 14:24:35","post_modified_gmt":"2022-10-14 12:24:35","post_content_filtered":"","post_parent":0,"guid":"http:\/\/dev.claret.cat\/autor\/albert-camus\/","menu_order":0,"post_type":"autor","post_mime_type":"","comment_count":"0","filter":"raw"}]},"aioseo_notices":[],"_links":{"self":[{"href":"https:\/\/www.claret.cat\/es\/wp-json\/wp\/v2\/product\/407077","targetHints":{"allow":["GET"]}}],"collection":[{"href":"https:\/\/www.claret.cat\/es\/wp-json\/wp\/v2\/product"}],"about":[{"href":"https:\/\/www.claret.cat\/es\/wp-json\/wp\/v2\/types\/product"}],"wp:featuredmedia":[{"embeddable":true,"href":"https:\/\/www.claret.cat\/es\/wp-json\/wp\/v2\/media\/407078"}],"wp:attachment":[{"href":"https:\/\/www.claret.cat\/es\/wp-json\/wp\/v2\/media?parent=407077"}],"wp:term":[{"taxonomy":"product_brand","embeddable":true,"href":"https:\/\/www.claret.cat\/es\/wp-json\/wp\/v2\/product_brand?post=407077"},{"taxonomy":"product_cat","embeddable":true,"href":"https:\/\/www.claret.cat\/es\/wp-json\/wp\/v2\/product_cat?post=407077"},{"taxonomy":"product_tag","embeddable":true,"href":"https:\/\/www.claret.cat\/es\/wp-json\/wp\/v2\/product_tag?post=407077"}],"curies":[{"name":"wp","href":"https:\/\/api.w.org\/{rel}","templated":true}]}}