{"id":407095,"date":"2023-02-28T06:05:15","date_gmt":"2023-02-28T05:05:15","guid":{"rendered":"https:\/\/www.claret.cat\/llibre\/cuentos-9788491815433\/"},"modified":"2023-02-28T06:05:22","modified_gmt":"2023-02-28T05:05:22","slug":"cuentos-9788491815433","status":"publish","type":"product","link":"https:\/\/www.claret.cat\/es\/libro\/cuentos-9788491815433\/","title":{"rendered":"CUENTOS"},"content":{"rendered":"<p>La presente selecci\u00f3n de cuentos de Hermann Hesse (1877-1962), re\u00fane los m\u00e1s notables y destacados de entre los muchos que escribi\u00f3 a lo largo de su larga vida. El conjunto pone de relieve las l\u00edneas de fuerza de un universo narrativo articulado por los mismos temas y obsesiones presentes en sus grandes novelas, como  &#8216; El lobo estepario &#8216; ,  &#8216; Demian &#8216; ,  &#8216; Bajo las ruedas &#8216;  o  &#8216; El juego de los abalorios &#8216; , todas ellas publicadas en esta misma colecci\u00f3n, coloreado por una inconfundible sensibilidad est\u00e9tica y animado por los valores \u00e9ticos y humanistas que caracterizan toda su obra.<\/p>\n","protected":false},"excerpt":{"rendered":"<p>HESSE, HERMANN<\/p>\n","protected":false},"featured_media":407096,"template":"","meta":{"_acf_changed":false,"om_disable_all_campaigns":false,"rs_blank_template":"","rs_page_bg_color":"","slide_template_v7":"","inline_featured_image":false,"_monsterinsights_skip_tracking":false,"_monsterinsights_sitenote_active":false,"_monsterinsights_sitenote_note":"","_monsterinsights_sitenote_category":0},"product_brand":[],"product_cat":[353,87],"product_tag":[],"class_list":{"0":"post-407095","1":"product","2":"type-product","3":"status-publish","4":"has-post-thumbnail","6":"product_cat-literatura-2_humanidades","7":"product_cat-literatura","9":"first","10":"instock","11":"taxable","12":"shipping-taxable","13":"purchasable","14":"product-type-simple"},"acf":{"autor":"HESSE, HERMANN","codart":"849181543","libros-coleccion":"El Libro De Bolsillo - Bibliotecas De Au","ediciones":"1","encuadernacion":"R\u00fastica","fecha_de_publicacion":"01\/05\/2019","novedad":"1","paginas":"451","subtitulo":"","orden":"0","portada":"0","idioma":"spa","editorial":[{"ID":6119,"post_author":"3","post_date":"2022-07-28 17:45:18","post_date_gmt":"2022-07-28 15:45:18","post_content":"","post_title":"Alianza Editorial","post_excerpt":"","post_status":"publish","comment_status":"closed","ping_status":"closed","post_password":"","post_name":"alianza-editorial","to_ping":"","pinged":"","post_modified":"2022-07-28 17:45:18","post_modified_gmt":"2022-07-28 15:45:18","post_content_filtered":"","post_parent":0,"guid":"http:\/\/dev.claret.cat\/editorial\/alianza-editorial\/","menu_order":0,"post_type":"editorial","post_mime_type":"","comment_count":"0","filter":"raw"}],"autores-libros":[{"ID":157544,"post_author":"3","post_date":"2022-10-14 15:29:40","post_date_gmt":"2022-10-14 13:29:40","post_content":"","post_title":"HERMANN HESSE","post_excerpt":"","post_status":"publish","comment_status":"closed","ping_status":"closed","post_password":"","post_name":"hermann-hesse","to_ping":"","pinged":"","post_modified":"2022-10-14 15:29:40","post_modified_gmt":"2022-10-14 13:29:40","post_content_filtered":"","post_parent":0,"guid":"http:\/\/dev.claret.cat\/autor\/hermann-hesse\/","menu_order":0,"post_type":"autor","post_mime_type":"","comment_count":"0","filter":"raw"}]},"aioseo_notices":[],"_links":{"self":[{"href":"https:\/\/www.claret.cat\/es\/wp-json\/wp\/v2\/product\/407095","targetHints":{"allow":["GET"]}}],"collection":[{"href":"https:\/\/www.claret.cat\/es\/wp-json\/wp\/v2\/product"}],"about":[{"href":"https:\/\/www.claret.cat\/es\/wp-json\/wp\/v2\/types\/product"}],"wp:featuredmedia":[{"embeddable":true,"href":"https:\/\/www.claret.cat\/es\/wp-json\/wp\/v2\/media\/407096"}],"wp:attachment":[{"href":"https:\/\/www.claret.cat\/es\/wp-json\/wp\/v2\/media?parent=407095"}],"wp:term":[{"taxonomy":"product_brand","embeddable":true,"href":"https:\/\/www.claret.cat\/es\/wp-json\/wp\/v2\/product_brand?post=407095"},{"taxonomy":"product_cat","embeddable":true,"href":"https:\/\/www.claret.cat\/es\/wp-json\/wp\/v2\/product_cat?post=407095"},{"taxonomy":"product_tag","embeddable":true,"href":"https:\/\/www.claret.cat\/es\/wp-json\/wp\/v2\/product_tag?post=407095"}],"curies":[{"name":"wp","href":"https:\/\/api.w.org\/{rel}","templated":true}]}}