{"id":407101,"date":"2023-02-28T06:05:39","date_gmt":"2023-02-28T05:05:39","guid":{"rendered":"https:\/\/www.claret.cat\/llibre\/cuentos-imprescindibles-9788491815778\/"},"modified":"2023-02-28T06:05:46","modified_gmt":"2023-02-28T05:05:46","slug":"cuentos-imprescindibles-9788491815778","status":"publish","type":"product","link":"https:\/\/www.claret.cat\/es\/libro\/cuentos-imprescindibles-9788491815778\/","title":{"rendered":"CUENTOS IMPRESCINDIBLES"},"content":{"rendered":"<p>Los cuentos de Edgar Allan Poe fueron desde su publicaci\u00f3n un hito y un referente inexcusables en la literatura fant\u00e1stica, de misterio y de terror. Este volumen re\u00fane sus  &#8216; Cuentos imprescindibles &#8216; , todos aquellos de los que se ha o\u00eddo o se puede o\u00edr hablar alguna vez y que han ejercido un\u00e1nime fascinaci\u00f3n sobre generaciones de lectores. Desde \u00abEl pozo y el p\u00e9ndulo\u00bb a \u00abEl coraz\u00f3n delator\u00bb, desde \u00abLa ca\u00edda de la casa Usher\u00bb a \u00abBerenice\u00bb, se concentra en estas p\u00e1ginas, como en un hipn\u00f3tico frasco robado del laboratorio de un viejo alquimista, la quintaesencia de su genio.<\/p>\n","protected":false},"excerpt":{"rendered":"<p>POE, EDGAR ALLAN<\/p>\n","protected":false},"featured_media":407102,"template":"","meta":{"_acf_changed":false,"om_disable_all_campaigns":false,"rs_blank_template":"","rs_page_bg_color":"","slide_template_v7":"","inline_featured_image":false,"_monsterinsights_skip_tracking":false,"_monsterinsights_sitenote_active":false,"_monsterinsights_sitenote_note":"","_monsterinsights_sitenote_category":0},"product_brand":[],"product_cat":[87,353],"product_tag":[],"class_list":{"0":"post-407101","1":"product","2":"type-product","3":"status-publish","4":"has-post-thumbnail","6":"product_cat-literatura","7":"product_cat-literatura-2_humanidades","9":"first","10":"instock","11":"taxable","12":"shipping-taxable","13":"purchasable","14":"product-type-simple"},"acf":{"autor":"POE, EDGAR ALLAN","codart":"849181577","libros-coleccion":"13\/20","ediciones":"1","encuadernacion":"Carton\u00e9","fecha_de_publicacion":"01\/06\/2019","novedad":"1","paginas":"358","subtitulo":"","orden":"0","portada":"0","idioma":"spa","editorial":[{"ID":6119,"post_author":"3","post_date":"2022-07-28 17:45:18","post_date_gmt":"2022-07-28 15:45:18","post_content":"","post_title":"Alianza Editorial","post_excerpt":"","post_status":"publish","comment_status":"closed","ping_status":"closed","post_password":"","post_name":"alianza-editorial","to_ping":"","pinged":"","post_modified":"2022-07-28 17:45:18","post_modified_gmt":"2022-07-28 15:45:18","post_content_filtered":"","post_parent":0,"guid":"http:\/\/dev.claret.cat\/editorial\/alianza-editorial\/","menu_order":0,"post_type":"editorial","post_mime_type":"","comment_count":"0","filter":"raw"}],"autores-libros":[{"ID":154484,"post_author":"3","post_date":"2022-10-14 15:05:11","post_date_gmt":"2022-10-14 13:05:11","post_content":"","post_title":"EDGAR ALLAN POE","post_excerpt":"","post_status":"publish","comment_status":"closed","ping_status":"closed","post_password":"","post_name":"edgar-allan-poe-2","to_ping":"","pinged":"","post_modified":"2022-10-14 15:05:11","post_modified_gmt":"2022-10-14 13:05:11","post_content_filtered":"","post_parent":0,"guid":"http:\/\/dev.claret.cat\/autor\/edgar-allan-poe-2\/","menu_order":0,"post_type":"autor","post_mime_type":"","comment_count":"0","filter":"raw"}]},"aioseo_notices":[],"_links":{"self":[{"href":"https:\/\/www.claret.cat\/es\/wp-json\/wp\/v2\/product\/407101","targetHints":{"allow":["GET"]}}],"collection":[{"href":"https:\/\/www.claret.cat\/es\/wp-json\/wp\/v2\/product"}],"about":[{"href":"https:\/\/www.claret.cat\/es\/wp-json\/wp\/v2\/types\/product"}],"wp:featuredmedia":[{"embeddable":true,"href":"https:\/\/www.claret.cat\/es\/wp-json\/wp\/v2\/media\/407102"}],"wp:attachment":[{"href":"https:\/\/www.claret.cat\/es\/wp-json\/wp\/v2\/media?parent=407101"}],"wp:term":[{"taxonomy":"product_brand","embeddable":true,"href":"https:\/\/www.claret.cat\/es\/wp-json\/wp\/v2\/product_brand?post=407101"},{"taxonomy":"product_cat","embeddable":true,"href":"https:\/\/www.claret.cat\/es\/wp-json\/wp\/v2\/product_cat?post=407101"},{"taxonomy":"product_tag","embeddable":true,"href":"https:\/\/www.claret.cat\/es\/wp-json\/wp\/v2\/product_tag?post=407101"}],"curies":[{"name":"wp","href":"https:\/\/api.w.org\/{rel}","templated":true}]}}