{"id":407104,"date":"2023-02-28T06:05:52","date_gmt":"2023-02-28T05:05:52","guid":{"rendered":"https:\/\/www.claret.cat\/llibre\/en-las-montanas-de-la-locura-y-otros-relatos-9788491815792\/"},"modified":"2023-02-28T06:05:58","modified_gmt":"2023-02-28T05:05:58","slug":"en-las-montanas-de-la-locura-y-otros-relatos-9788491815792","status":"publish","type":"product","link":"https:\/\/www.claret.cat\/es\/libro\/en-las-montanas-de-la-locura-y-otros-relatos-9788491815792\/","title":{"rendered":"EN LAS MONTA\u00d1AS DE LA LOCURA Y OTROS RELATOS"},"content":{"rendered":"<p>&#8216; En las monta\u00f1as de la locura &#8216;  es uno de los escasos relatos largos de ese extra\u00f1o fundador de religiones, divinidades y cosmogon\u00edas que fue H. P. Lovecraft. Enmarcado en el ciclo de los  &#8216; mitos de Cthulhu &#8216; , describe la historia de los Primordiales desde su llegada a la Tierra, en medio de las tinieblas primigenias, hasta su supuesta desaparici\u00f3n. Completan el volumen \u00abLa Casa Maldita\u00bb, original reelaboraci\u00f3n de un argumento de vampirismo, y \u00abLos sue\u00f1os de la Casa de la Bruja\u00bb.<\/p>\n","protected":false},"excerpt":{"rendered":"<p>LOVECRAFT, H. P.<\/p>\n","protected":false},"featured_media":407105,"template":"","meta":{"_acf_changed":false,"om_disable_all_campaigns":false,"rs_blank_template":"","rs_page_bg_color":"","slide_template_v7":"","inline_featured_image":false,"_monsterinsights_skip_tracking":false,"_monsterinsights_sitenote_active":false,"_monsterinsights_sitenote_note":"","_monsterinsights_sitenote_category":0},"product_brand":[],"product_cat":[87,353],"product_tag":[],"class_list":{"0":"post-407104","1":"product","2":"type-product","3":"status-publish","4":"has-post-thumbnail","6":"product_cat-literatura","7":"product_cat-literatura-2_humanidades","9":"first","10":"instock","11":"taxable","12":"shipping-taxable","13":"purchasable","14":"product-type-simple"},"acf":{"autor":"LOVECRAFT, H. P.","codart":"849181579","libros-coleccion":"13\/20","ediciones":"1","encuadernacion":"Carton\u00e9","fecha_de_publicacion":"01\/06\/2019","novedad":"1","paginas":"296","subtitulo":"","orden":"0","portada":"0","idioma":"spa","editorial":[{"ID":6119,"post_author":"3","post_date":"2022-07-28 17:45:18","post_date_gmt":"2022-07-28 15:45:18","post_content":"","post_title":"Alianza Editorial","post_excerpt":"","post_status":"publish","comment_status":"closed","ping_status":"closed","post_password":"","post_name":"alianza-editorial","to_ping":"","pinged":"","post_modified":"2022-07-28 17:45:18","post_modified_gmt":"2022-07-28 15:45:18","post_content_filtered":"","post_parent":0,"guid":"http:\/\/dev.claret.cat\/editorial\/alianza-editorial\/","menu_order":0,"post_type":"editorial","post_mime_type":"","comment_count":"0","filter":"raw"}],"autores-libros":[{"ID":157297,"post_author":"3","post_date":"2022-10-14 15:27:42","post_date_gmt":"2022-10-14 13:27:42","post_content":"","post_title":"H. P. LOVECRAFT","post_excerpt":"","post_status":"publish","comment_status":"closed","ping_status":"closed","post_password":"","post_name":"h-p-lovecraft","to_ping":"","pinged":"","post_modified":"2022-10-14 15:27:42","post_modified_gmt":"2022-10-14 13:27:42","post_content_filtered":"","post_parent":0,"guid":"http:\/\/dev.claret.cat\/autor\/h-p-lovecraft\/","menu_order":0,"post_type":"autor","post_mime_type":"","comment_count":"0","filter":"raw"}]},"aioseo_notices":[],"_links":{"self":[{"href":"https:\/\/www.claret.cat\/es\/wp-json\/wp\/v2\/product\/407104","targetHints":{"allow":["GET"]}}],"collection":[{"href":"https:\/\/www.claret.cat\/es\/wp-json\/wp\/v2\/product"}],"about":[{"href":"https:\/\/www.claret.cat\/es\/wp-json\/wp\/v2\/types\/product"}],"wp:featuredmedia":[{"embeddable":true,"href":"https:\/\/www.claret.cat\/es\/wp-json\/wp\/v2\/media\/407105"}],"wp:attachment":[{"href":"https:\/\/www.claret.cat\/es\/wp-json\/wp\/v2\/media?parent=407104"}],"wp:term":[{"taxonomy":"product_brand","embeddable":true,"href":"https:\/\/www.claret.cat\/es\/wp-json\/wp\/v2\/product_brand?post=407104"},{"taxonomy":"product_cat","embeddable":true,"href":"https:\/\/www.claret.cat\/es\/wp-json\/wp\/v2\/product_cat?post=407104"},{"taxonomy":"product_tag","embeddable":true,"href":"https:\/\/www.claret.cat\/es\/wp-json\/wp\/v2\/product_tag?post=407104"}],"curies":[{"name":"wp","href":"https:\/\/api.w.org\/{rel}","templated":true}]}}