{"id":407116,"date":"2023-02-28T06:06:41","date_gmt":"2023-02-28T05:06:41","guid":{"rendered":"https:\/\/www.claret.cat\/llibre\/el-gran-libro-de-los-caballos-9788491820482\/"},"modified":"2023-02-28T06:06:48","modified_gmt":"2023-02-28T05:06:48","slug":"el-gran-libro-de-los-caballos-9788491820482","status":"publish","type":"product","link":"https:\/\/www.claret.cat\/es\/libro\/el-gran-libro-de-los-caballos-9788491820482\/","title":{"rendered":"EL GRAN LIBRO DE LOS CABALLOS"},"content":{"rendered":"<p>Para hacer este libro, la autora ha visitado\u00a0centros ecuestres y una cl\u00ednica para caballos; ha asistido a carreras de caballos y a concursos h\u00edpicos, ha preguntado a un herrador, a responsables de yeguadas, a propietarios de caballos, a jinetes, a veterinarios de caballos, y a muchos apasionados de estos bonitos animales.Las precisas ilustraciones de H\u00e9l\u00e8ne Convert desvelan el mundo del caballo en todos sus aspectos. En todas las p\u00e1ginas del libro hay solapas, ruedas y elementos m\u00f3viles para que comprendas mejor el mundo de los caballos.<\/p>\n","protected":false},"excerpt":{"rendered":"<p>LABOUCARIE, SANDRA<\/p>\n","protected":false},"featured_media":407117,"template":"","meta":{"_acf_changed":false,"om_disable_all_campaigns":false,"rs_blank_template":"","rs_page_bg_color":"","slide_template_v7":"","inline_featured_image":false,"_monsterinsights_skip_tracking":false,"_monsterinsights_sitenote_active":false,"_monsterinsights_sitenote_note":"","_monsterinsights_sitenote_category":0},"product_brand":[],"product_cat":[352,86],"product_tag":[],"class_list":{"0":"post-407116","1":"product","2":"type-product","3":"status-publish","4":"has-post-thumbnail","6":"product_cat-infantil-3_infantil-juvenil-spa","7":"product_cat-infantil","9":"first","10":"instock","11":"taxable","12":"shipping-taxable","13":"purchasable","14":"product-type-simple"},"acf":{"autor":"LABOUCARIE, SANDRA","codart":"849182048","libros-coleccion":"Para aprender m\u00e1s sobre","ediciones":"1","encuadernacion":"Carton\u00e9","fecha_de_publicacion":"01\/05\/2019","novedad":"1","paginas":"22","subtitulo":"","orden":"0","portada":"0","idioma":"spa","editorial":[{"ID":147854,"post_author":"3","post_date":"2022-10-14 11:53:43","post_date_gmt":"2022-10-14 09:53:43","post_content":"","post_title":"EDICIONES SM","post_excerpt":"","post_status":"publish","comment_status":"closed","ping_status":"closed","post_password":"","post_name":"ediciones-sm","to_ping":"","pinged":"","post_modified":"2022-10-14 11:53:43","post_modified_gmt":"2022-10-14 09:53:43","post_content_filtered":"","post_parent":0,"guid":"http:\/\/dev.claret.cat\/editorial\/ediciones-sm\/","menu_order":0,"post_type":"editorial","post_mime_type":"","comment_count":"0","filter":"raw"}],"autores-libros":[{"ID":168964,"post_author":"3","post_date":"2022-10-14 22:23:22","post_date_gmt":"2022-10-14 20:23:22","post_content":"","post_title":"SANDRA LABOUCARIE","post_excerpt":"","post_status":"publish","comment_status":"closed","ping_status":"closed","post_password":"","post_name":"sandra-laboucarie","to_ping":"","pinged":"","post_modified":"2022-10-14 22:23:22","post_modified_gmt":"2022-10-14 20:23:22","post_content_filtered":"","post_parent":0,"guid":"http:\/\/dev.claret.cat\/autor\/sandra-laboucarie\/","menu_order":0,"post_type":"autor","post_mime_type":"","comment_count":"0","filter":"raw"}]},"aioseo_notices":[],"_links":{"self":[{"href":"https:\/\/www.claret.cat\/es\/wp-json\/wp\/v2\/product\/407116","targetHints":{"allow":["GET"]}}],"collection":[{"href":"https:\/\/www.claret.cat\/es\/wp-json\/wp\/v2\/product"}],"about":[{"href":"https:\/\/www.claret.cat\/es\/wp-json\/wp\/v2\/types\/product"}],"wp:featuredmedia":[{"embeddable":true,"href":"https:\/\/www.claret.cat\/es\/wp-json\/wp\/v2\/media\/407117"}],"wp:attachment":[{"href":"https:\/\/www.claret.cat\/es\/wp-json\/wp\/v2\/media?parent=407116"}],"wp:term":[{"taxonomy":"product_brand","embeddable":true,"href":"https:\/\/www.claret.cat\/es\/wp-json\/wp\/v2\/product_brand?post=407116"},{"taxonomy":"product_cat","embeddable":true,"href":"https:\/\/www.claret.cat\/es\/wp-json\/wp\/v2\/product_cat?post=407116"},{"taxonomy":"product_tag","embeddable":true,"href":"https:\/\/www.claret.cat\/es\/wp-json\/wp\/v2\/product_tag?post=407116"}],"curies":[{"name":"wp","href":"https:\/\/api.w.org\/{rel}","templated":true}]}}