{"id":407125,"date":"2023-02-28T06:07:21","date_gmt":"2023-02-28T05:07:21","guid":{"rendered":"https:\/\/www.claret.cat\/llibre\/pack-rasi-astronauta-9788491825166\/"},"modified":"2023-02-28T06:07:28","modified_gmt":"2023-02-28T05:07:28","slug":"pack-rasi-astronauta-9788491825166","status":"publish","type":"product","link":"https:\/\/www.claret.cat\/es\/libro\/pack-rasi-astronauta-9788491825166\/","title":{"rendered":"PACK RASI ASTRONAUTA"},"content":{"rendered":"<p>Un pack con dos t\u00edtulos de La pandilla de la ardilla: &#8216;Rasi en la Luna&#8217; y &#8216;Una fiesta (casi) perfecta&#8217;, y adem\u00e1s, un mu\u00f1eco de Rasi (disfrazada de astronauta), la mascota que siempre acompa\u00f1a a la pandilla en todas sus aventuras.<\/p>\n","protected":false},"excerpt":{"rendered":"<p>ORO PRADERA, BEGO\u00d1A<\/p>\n","protected":false},"featured_media":407126,"template":"","meta":{"_acf_changed":false,"om_disable_all_campaigns":false,"rs_blank_template":"","rs_page_bg_color":"","slide_template_v7":"","inline_featured_image":false,"_monsterinsights_skip_tracking":false,"_monsterinsights_sitenote_active":false,"_monsterinsights_sitenote_note":"","_monsterinsights_sitenote_category":0},"product_brand":[],"product_cat":[352,86],"product_tag":[],"class_list":{"0":"post-407125","1":"product","2":"type-product","3":"status-publish","4":"has-post-thumbnail","6":"product_cat-infantil-3_infantil-juvenil-spa","7":"product_cat-infantil","9":"first","10":"instock","11":"taxable","12":"shipping-taxable","13":"purchasable","14":"product-type-simple"},"acf":{"autor":"ORO PRADERA, BEGO\u00d1A","codart":"849182516","libros-coleccion":"BARCO VAPOR BLANCA PANDILLA","ediciones":"1","encuadernacion":"R\u00fastica","fecha_de_publicacion":"01\/05\/2019","novedad":"1","paginas":"56","subtitulo":"","orden":"0","portada":"0","idioma":"spa","editorial":[{"ID":147854,"post_author":"3","post_date":"2022-10-14 11:53:43","post_date_gmt":"2022-10-14 09:53:43","post_content":"","post_title":"EDICIONES SM","post_excerpt":"","post_status":"publish","comment_status":"closed","ping_status":"closed","post_password":"","post_name":"ediciones-sm","to_ping":"","pinged":"","post_modified":"2022-10-14 11:53:43","post_modified_gmt":"2022-10-14 09:53:43","post_content_filtered":"","post_parent":0,"guid":"http:\/\/dev.claret.cat\/editorial\/ediciones-sm\/","menu_order":0,"post_type":"editorial","post_mime_type":"","comment_count":"0","filter":"raw"}],"autores-libros":[{"ID":151482,"post_author":"3","post_date":"2022-10-14 14:41:14","post_date_gmt":"2022-10-14 12:41:14","post_content":"","post_title":"BEGO\u00d1A ORO PRADERA","post_excerpt":"","post_status":"publish","comment_status":"closed","ping_status":"closed","post_password":"","post_name":"begona-oro-pradera-2","to_ping":"","pinged":"","post_modified":"2022-10-14 14:41:14","post_modified_gmt":"2022-10-14 12:41:14","post_content_filtered":"","post_parent":0,"guid":"http:\/\/dev.claret.cat\/autor\/begona-oro-pradera-2\/","menu_order":0,"post_type":"autor","post_mime_type":"","comment_count":"0","filter":"raw"}]},"aioseo_notices":[],"_links":{"self":[{"href":"https:\/\/www.claret.cat\/es\/wp-json\/wp\/v2\/product\/407125","targetHints":{"allow":["GET"]}}],"collection":[{"href":"https:\/\/www.claret.cat\/es\/wp-json\/wp\/v2\/product"}],"about":[{"href":"https:\/\/www.claret.cat\/es\/wp-json\/wp\/v2\/types\/product"}],"wp:featuredmedia":[{"embeddable":true,"href":"https:\/\/www.claret.cat\/es\/wp-json\/wp\/v2\/media\/407126"}],"wp:attachment":[{"href":"https:\/\/www.claret.cat\/es\/wp-json\/wp\/v2\/media?parent=407125"}],"wp:term":[{"taxonomy":"product_brand","embeddable":true,"href":"https:\/\/www.claret.cat\/es\/wp-json\/wp\/v2\/product_brand?post=407125"},{"taxonomy":"product_cat","embeddable":true,"href":"https:\/\/www.claret.cat\/es\/wp-json\/wp\/v2\/product_cat?post=407125"},{"taxonomy":"product_tag","embeddable":true,"href":"https:\/\/www.claret.cat\/es\/wp-json\/wp\/v2\/product_tag?post=407125"}],"curies":[{"name":"wp","href":"https:\/\/api.w.org\/{rel}","templated":true}]}}