{"id":407131,"date":"2023-02-28T06:07:45","date_gmt":"2023-02-28T05:07:45","guid":{"rendered":"https:\/\/www.claret.cat\/llibre\/muneca-de-trapo-y-otros-seres-con-cabezas-y-corazon-9788491825401\/"},"modified":"2023-02-28T06:07:51","modified_gmt":"2023-02-28T05:07:51","slug":"muneca-de-trapo-y-otros-seres-con-cabezas-y-corazon-9788491825401","status":"publish","type":"product","link":"https:\/\/www.claret.cat\/es\/libro\/muneca-de-trapo-y-otros-seres-con-cabezas-y-corazon-9788491825401\/","title":{"rendered":"MU\u00d1ECA DE TRAPO Y OTROS SERES CON CABEZAS Y CORAZON"},"content":{"rendered":"<p>Premio Luna de Aire 2018 Si los mu\u00f1ecos hablaran, nos contar\u00edan muchas cosas. \u00bfC\u00f3mo lleg\u00f3 esa mu\u00f1eca de trapo a manos de esa ni\u00f1a? \u00bfCon qu\u00e9 sue\u00f1a el mu\u00f1eco del futbol\u00edn? \u00bfQu\u00e9 piensa el tentetieso mientras se balancea? Si los mu\u00f1ecos hablaran&#8230;<\/p>\n","protected":false},"excerpt":{"rendered":"<p>JUAN CARLOS MAT\u00cdN RAMOS<\/p>\n","protected":false},"featured_media":407132,"template":"","meta":{"_acf_changed":false,"om_disable_all_campaigns":false,"rs_blank_template":"","rs_page_bg_color":"","slide_template_v7":"","inline_featured_image":false,"_monsterinsights_skip_tracking":false,"_monsterinsights_sitenote_active":false,"_monsterinsights_sitenote_note":"","_monsterinsights_sitenote_category":0},"product_brand":[],"product_cat":[352,86],"product_tag":[],"class_list":{"0":"post-407131","1":"product","2":"type-product","3":"status-publish","4":"has-post-thumbnail","6":"product_cat-infantil-3_infantil-juvenil-spa","7":"product_cat-infantil","9":"first","10":"instock","11":"taxable","12":"shipping-taxable","13":"purchasable","14":"product-type-simple"},"acf":{"autor":"JUAN CARLOS MAT\u00cdN RAMOS","codart":"849182540","libros-coleccion":"","ediciones":"1","encuadernacion":"R\u00fastica","fecha_de_publicacion":"07\/06\/2019","novedad":"1","paginas":"43","subtitulo":"","orden":"0","portada":"0","idioma":"spa","editorial":[{"ID":147622,"post_author":"3","post_date":"2022-10-14 11:51:59","post_date_gmt":"2022-10-14 09:51:59","post_content":"","post_title":"CESMA EDICIONES SM","post_excerpt":"","post_status":"publish","comment_status":"closed","ping_status":"closed","post_password":"","post_name":"cesma-ediciones-sm","to_ping":"","pinged":"","post_modified":"2022-10-14 11:51:59","post_modified_gmt":"2022-10-14 09:51:59","post_content_filtered":"","post_parent":0,"guid":"http:\/\/dev.claret.cat\/editorial\/cesma-ediciones-sm\/","menu_order":0,"post_type":"editorial","post_mime_type":"","comment_count":"0","filter":"raw"}],"autores-libros":[{"ID":160994,"post_author":"3","post_date":"2022-10-14 15:57:32","post_date_gmt":"2022-10-14 13:57:32","post_content":"","post_title":"JUAN CARLOS MAT\u00cdN RAMOS","post_excerpt":"","post_status":"publish","comment_status":"closed","ping_status":"closed","post_password":"","post_name":"juan-carlos-matin-ramos","to_ping":"","pinged":"","post_modified":"2022-10-14 15:57:32","post_modified_gmt":"2022-10-14 13:57:32","post_content_filtered":"","post_parent":0,"guid":"http:\/\/dev.claret.cat\/autor\/juan-carlos-matin-ramos\/","menu_order":0,"post_type":"autor","post_mime_type":"","comment_count":"0","filter":"raw"}]},"aioseo_notices":[],"_links":{"self":[{"href":"https:\/\/www.claret.cat\/es\/wp-json\/wp\/v2\/product\/407131","targetHints":{"allow":["GET"]}}],"collection":[{"href":"https:\/\/www.claret.cat\/es\/wp-json\/wp\/v2\/product"}],"about":[{"href":"https:\/\/www.claret.cat\/es\/wp-json\/wp\/v2\/types\/product"}],"wp:featuredmedia":[{"embeddable":true,"href":"https:\/\/www.claret.cat\/es\/wp-json\/wp\/v2\/media\/407132"}],"wp:attachment":[{"href":"https:\/\/www.claret.cat\/es\/wp-json\/wp\/v2\/media?parent=407131"}],"wp:term":[{"taxonomy":"product_brand","embeddable":true,"href":"https:\/\/www.claret.cat\/es\/wp-json\/wp\/v2\/product_brand?post=407131"},{"taxonomy":"product_cat","embeddable":true,"href":"https:\/\/www.claret.cat\/es\/wp-json\/wp\/v2\/product_cat?post=407131"},{"taxonomy":"product_tag","embeddable":true,"href":"https:\/\/www.claret.cat\/es\/wp-json\/wp\/v2\/product_tag?post=407131"}],"curies":[{"name":"wp","href":"https:\/\/api.w.org\/{rel}","templated":true}]}}