{"id":407143,"date":"2023-02-28T06:08:35","date_gmt":"2023-02-28T05:08:35","guid":{"rendered":"https:\/\/www.claret.cat\/llibre\/bvn256-los-escribidores-de-cartas-9788491826729\/"},"modified":"2026-02-02T16:27:10","modified_gmt":"2026-02-02T15:27:10","slug":"bvn256-los-escribidores-de-cartas-9788491826729","status":"publish","type":"product","link":"https:\/\/www.claret.cat\/es\/libro\/bvn256-los-escribidores-de-cartas-9788491826729\/","title":{"rendered":"BVN.256 LOS ESCRIBIDORES DE CARTAS"},"content":{"rendered":"<p>El r\u00edo, o la culebra,<br \/> cruza el peque\u00f1o pueblo de Noaberri.<br \/> Federico, el cartero,<br \/> est\u00e1 a punto de perder su empleo.<br \/> Iria, su nieta,<br \/> tiene un plan para salvarlo.<br \/> Pero don Isidoro, el alcalde,<br \/> odia el r\u00edo y tambi\u00e9n a Federico. <br \/> Mientras las cartas se est\u00e1n muriendo,<br \/> todos ellos esconden un secreto&#8230;<br \/> \u00bfAdivinas cu\u00e1l?<\/p>\n","protected":false},"excerpt":{"rendered":"<p>OS\u00c9S GARC\u00cdA, BEATRIZ<\/p>\n","protected":false},"featured_media":1080329,"template":"","meta":{"_acf_changed":false,"om_disable_all_campaigns":false,"rs_blank_template":"","rs_page_bg_color":"","slide_template_v7":"","inline_featured_image":false,"_monsterinsights_skip_tracking":false,"_monsterinsights_sitenote_active":false,"_monsterinsights_sitenote_note":"","_monsterinsights_sitenote_category":0},"product_brand":[],"product_cat":[86,352],"product_tag":[],"class_list":{"0":"post-407143","1":"product","2":"type-product","3":"status-publish","4":"has-post-thumbnail","6":"product_cat-infantil","7":"product_cat-infantil-3_infantil-juvenil-spa","9":"first","10":"instock","11":"taxable","12":"shipping-taxable","13":"purchasable","14":"product-type-simple"},"acf":{"autor":"OS\u00c9S GARC\u00cdA, BEATRIZ","codart":"849182672","libros-coleccion":"El Barco de Vapor Naranja","ediciones":"1","encuadernacion":"R\u00fastica","fecha_de_publicacion":"01\/05\/2019","novedad":"1","paginas":"152","subtitulo":"","orden":"0","portada":"0","idioma":"spa","editorial":[{"ID":147854,"post_author":"3","post_date":"2022-10-14 11:53:43","post_date_gmt":"2022-10-14 09:53:43","post_content":"","post_title":"EDICIONES SM","post_excerpt":"","post_status":"publish","comment_status":"closed","ping_status":"closed","post_password":"","post_name":"ediciones-sm","to_ping":"","pinged":"","post_modified":"2022-10-14 11:53:43","post_modified_gmt":"2022-10-14 09:53:43","post_content_filtered":"","post_parent":0,"guid":"http:\/\/dev.claret.cat\/editorial\/ediciones-sm\/","menu_order":0,"post_type":"editorial","post_mime_type":"","comment_count":"0","filter":"raw"}],"autores-libros":[{"ID":151451,"post_author":"3","post_date":"2022-10-14 14:40:59","post_date_gmt":"2022-10-14 12:40:59","post_content":"","post_title":"BEATRIZ OSES GARC\u00cdA","post_excerpt":"","post_status":"publish","comment_status":"closed","ping_status":"closed","post_password":"","post_name":"beatriz-oses-garcia","to_ping":"","pinged":"","post_modified":"2022-10-14 14:40:59","post_modified_gmt":"2022-10-14 12:40:59","post_content_filtered":"","post_parent":0,"guid":"http:\/\/dev.claret.cat\/autor\/beatriz-oses-garcia\/","menu_order":0,"post_type":"autor","post_mime_type":"","comment_count":"0","filter":"raw"}],"booktrailer":"","resenas":""},"aioseo_notices":[],"_links":{"self":[{"href":"https:\/\/www.claret.cat\/es\/wp-json\/wp\/v2\/product\/407143","targetHints":{"allow":["GET"]}}],"collection":[{"href":"https:\/\/www.claret.cat\/es\/wp-json\/wp\/v2\/product"}],"about":[{"href":"https:\/\/www.claret.cat\/es\/wp-json\/wp\/v2\/types\/product"}],"wp:featuredmedia":[{"embeddable":true,"href":"https:\/\/www.claret.cat\/es\/wp-json\/wp\/v2\/media\/1080329"}],"wp:attachment":[{"href":"https:\/\/www.claret.cat\/es\/wp-json\/wp\/v2\/media?parent=407143"}],"wp:term":[{"taxonomy":"product_brand","embeddable":true,"href":"https:\/\/www.claret.cat\/es\/wp-json\/wp\/v2\/product_brand?post=407143"},{"taxonomy":"product_cat","embeddable":true,"href":"https:\/\/www.claret.cat\/es\/wp-json\/wp\/v2\/product_cat?post=407143"},{"taxonomy":"product_tag","embeddable":true,"href":"https:\/\/www.claret.cat\/es\/wp-json\/wp\/v2\/product_tag?post=407143"}],"curies":[{"name":"wp","href":"https:\/\/api.w.org\/{rel}","templated":true}]}}