{"id":407152,"date":"2023-02-28T06:09:12","date_gmt":"2023-02-28T05:09:12","guid":{"rendered":"https:\/\/www.claret.cat\/llibre\/agatha-christie-9788491871897\/"},"modified":"2025-02-04T17:57:03","modified_gmt":"2025-02-04T16:57:03","slug":"agatha-christie-9788491871897","status":"publish","type":"product","link":"https:\/\/www.claret.cat\/es\/libro\/agatha-christie-9788491871897\/","title":{"rendered":"AGATHA CHRISTIE"},"content":{"rendered":"<p>&#8216;Aprend\u00ed que no se puede dar marcha atr\u00e1s, que la esencia de la vida es ir hacia delante. La vida, en realidad, es una calle de sentido \u00fanico&#8217;, escribi\u00f3 Agatha Christie sobre ella. Nacida cuando la emancipaci\u00f3n de la mujer a\u00fan parec\u00eda lejana, la escritora inglesa fue un esp\u00edritu libre. Hecha a s\u00ed misma, movida por su tenacidad y con una curiosidad sin l\u00edmites, con las convenciones sociales para vivir experiencias solo reservadas a los hombres. Vivencias ?algunas extraordinarias, pero tambi\u00e9n las dolorosas? que se convertir\u00edan en el motor de su obra y la llevar\u00edan a ser la escritora m\u00e1s exitosa de todos los tiempos. LA DAMA DEL CRIMEN<\/p>\n","protected":false},"excerpt":{"rendered":"<p>ROMERO GUTI\u00c9RREZ DE TENA, MAR\u00cdA<\/p>\n","protected":false},"featured_media":407153,"template":"","meta":{"_acf_changed":false,"om_disable_all_campaigns":false,"rs_blank_template":"","rs_page_bg_color":"","slide_template_v7":"","inline_featured_image":false,"_monsterinsights_skip_tracking":false,"_monsterinsights_sitenote_active":false,"_monsterinsights_sitenote_note":"","_monsterinsights_sitenote_category":0},"product_brand":[],"product_cat":[549,99,85,351],"product_tag":[],"class_list":{"0":"post-407152","1":"product","2":"type-product","3":"status-publish","4":"has-post-thumbnail","6":"product_cat-biografias","7":"product_cat-biografies","8":"product_cat-historia","9":"product_cat-historia-2_humanidades","11":"first","12":"instock","13":"taxable","14":"shipping-taxable","15":"purchasable","16":"product-type-simple"},"acf":{"autor":"ROMERO GUTI\u00c9RREZ DE TENA, MAR\u00cdA","codart":"849187189","libros-coleccion":"OTROS NO FICCI\u00d3N","ediciones":"1","encuadernacion":"R\u00fastica","fecha_de_publicacion":"01\/06\/2019","novedad":"1","paginas":"192","subtitulo":"","orden":"0","portada":"0","idioma":"spa","editorial":[{"ID":148737,"post_author":"3","post_date":"2022-10-14 12:00:35","post_date_gmt":"2022-10-14 10:00:35","post_content":"","post_title":"RBA Libros","post_excerpt":"","post_status":"publish","comment_status":"closed","ping_status":"closed","post_password":"","post_name":"rba-libros","to_ping":"","pinged":"","post_modified":"2022-10-14 12:00:35","post_modified_gmt":"2022-10-14 10:00:35","post_content_filtered":"","post_parent":0,"guid":"http:\/\/dev.claret.cat\/editorial\/rba-libros\/","menu_order":0,"post_type":"editorial","post_mime_type":"","comment_count":"0","filter":"raw"}],"autores-libros":[{"ID":163759,"post_author":"3","post_date":"2022-10-14 17:41:37","post_date_gmt":"2022-10-14 15:41:37","post_content":"","post_title":"MAR\u00cdA ROMERO GUTI\u00c9RREZ DE TENA","post_excerpt":"","post_status":"publish","comment_status":"closed","ping_status":"closed","post_password":"","post_name":"maria-romero-gutierrez-de-tena","to_ping":"","pinged":"","post_modified":"2022-10-14 17:41:37","post_modified_gmt":"2022-10-14 15:41:37","post_content_filtered":"","post_parent":0,"guid":"http:\/\/dev.claret.cat\/autor\/maria-romero-gutierrez-de-tena\/","menu_order":0,"post_type":"autor","post_mime_type":"","comment_count":"0","filter":"raw"}]},"aioseo_notices":[],"_links":{"self":[{"href":"https:\/\/www.claret.cat\/es\/wp-json\/wp\/v2\/product\/407152","targetHints":{"allow":["GET"]}}],"collection":[{"href":"https:\/\/www.claret.cat\/es\/wp-json\/wp\/v2\/product"}],"about":[{"href":"https:\/\/www.claret.cat\/es\/wp-json\/wp\/v2\/types\/product"}],"wp:featuredmedia":[{"embeddable":true,"href":"https:\/\/www.claret.cat\/es\/wp-json\/wp\/v2\/media\/407153"}],"wp:attachment":[{"href":"https:\/\/www.claret.cat\/es\/wp-json\/wp\/v2\/media?parent=407152"}],"wp:term":[{"taxonomy":"product_brand","embeddable":true,"href":"https:\/\/www.claret.cat\/es\/wp-json\/wp\/v2\/product_brand?post=407152"},{"taxonomy":"product_cat","embeddable":true,"href":"https:\/\/www.claret.cat\/es\/wp-json\/wp\/v2\/product_cat?post=407152"},{"taxonomy":"product_tag","embeddable":true,"href":"https:\/\/www.claret.cat\/es\/wp-json\/wp\/v2\/product_tag?post=407152"}],"curies":[{"name":"wp","href":"https:\/\/api.w.org\/{rel}","templated":true}]}}